{"id":464,"date":"2025-11-13T16:56:14","date_gmt":"2025-11-13T15:56:14","guid":{"rendered":"https:\/\/transitions.bzh\/ecodopro\/?page_id=464"},"modified":"2025-11-13T16:56:14","modified_gmt":"2025-11-13T15:56:14","slug":"etablissements-touristiques-et-piscines-publiques-3","status":"publish","type":"page","link":"https:\/\/transitions.bzh\/ecodopro\/etablissements-touristiques-et-piscines-publiques-3\/","title":{"rendered":"Etablissements touristiques et piscines publiques"},"content":{"rendered":"\n<div class=\"wp-block-media-text is-stacked-on-mobile\" style=\"grid-template-columns:37% auto\"><figure class=\"wp-block-media-text__media\"><img loading=\"lazy\" decoding=\"async\" width=\"400\" height=\"214\" src=\"https:\/\/transitions.bzh\/ecodopro\/wp-content\/uploads\/2-3.png\" alt=\"\" class=\"wp-image-466 size-full\" srcset=\"https:\/\/transitions.bzh\/ecodopro\/wp-content\/uploads\/2-3.png 400w, https:\/\/transitions.bzh\/ecodopro\/wp-content\/uploads\/2-3-300x161.png 300w\" sizes=\"auto, (max-width: 400px) 100vw, 400px\" \/><\/figure><div class=\"wp-block-media-text__content\">\n<p>Pour le nettoyage des surfaces ext\u00e9rieures, l&rsquo;arrosage des espaces verts et le remplissage des bassins d&rsquo;ornement, d\u00e9couvrez la r\u00e9glementation sp\u00e9cifique li\u00e9e \u00e0 chaque type d&rsquo;eau, \u00e0 savoir :<\/p>\n<\/div><\/div>\n\n\n\n<details class=\"wp-block-details\"><summary><mark style=\"background-color:#111111;color:#FFFFFF\" class=\"has-inline-color is-layout-flow wp-block-details-is-layout-flow\"> <strong>Les eaux de puits et de forage<\/strong> <\/mark><\/summary>\n<div class=\"wp-block-group is-vertical is-layout-flex wp-container-core-group-is-layout-fe9cc265 wp-block-group-is-layout-flex\">\n<div class=\"wp-block-media-text is-stacked-on-mobile\" style=\"grid-template-columns:15% auto\"><figure class=\"wp-block-media-text__media\"><img loading=\"lazy\" decoding=\"async\" width=\"400\" height=\"400\" src=\"https:\/\/transitions.bzh\/ecodopro\/wp-content\/uploads\/Ecodopro-icono-type-Eaux-de-puits-et-de-forage.png\" alt=\"\" class=\"wp-image-302 size-full\" srcset=\"https:\/\/transitions.bzh\/ecodopro\/wp-content\/uploads\/Ecodopro-icono-type-Eaux-de-puits-et-de-forage.png 400w, https:\/\/transitions.bzh\/ecodopro\/wp-content\/uploads\/Ecodopro-icono-type-Eaux-de-puits-et-de-forage-300x300.png 300w, https:\/\/transitions.bzh\/ecodopro\/wp-content\/uploads\/Ecodopro-icono-type-Eaux-de-puits-et-de-forage-150x150.png 150w\" sizes=\"auto, (max-width: 400px) 100vw, 400px\" \/><\/figure><div class=\"wp-block-media-text__content\">\n<p>Les eaux de puits d\u00e9signent les eaux extraites d\u2019une nappe souterraine peu profonde, tandis que les eaux de forage sont pr\u00e9lev\u00e9es plus en profondeur que dans un puits.<\/p>\n\n\n\n<p><strong>L\u2019usage des eaux de puits et de forage est autoris\u00e9 sous certaines conditions.<\/strong><\/p>\n<\/div><\/div>\n\n\n\n<div class=\"wp-block-media-text has-media-on-the-right is-stacked-on-mobile has-base-color has-custom-bleu-background-color has-text-color has-background has-link-color wp-elements-554fd3b1bdb24d929cd09677138aaf3c\" style=\"grid-template-columns:auto 15%\"><div class=\"wp-block-media-text__content\">\n<p><strong>PROCEDURE :<\/strong> D\u00e9claration en pr\u00e9fecture via le lien <a href=\"https:\/\/www.demarches-simplifiees.fr\/commencer\/declaration-au-prefet-d-un-systeme-d-utilisation-d-eaux-impropres-a-la-consomation-humaine-pour-des-usages-domestiques-au-titre-de-l-article-r-1322-100-du-code-de-la-sante-publique\">ICI<\/a><\/p>\n\n\n\n<p>Si vous souhaitez utiliser l\u2019eau de puits \/ forages dans le cadre de votre activit\u00e9 touristique, il est n\u00e9cessaire qu\u2019elle obtienne le crit\u00e8re Qualit\u00e9 A+.<\/p>\n<\/div><figure class=\"wp-block-media-text__media\"><img loading=\"lazy\" decoding=\"async\" width=\"400\" height=\"400\" src=\"https:\/\/transitions.bzh\/ecodopro\/wp-content\/uploads\/ECODO-icono-attention.png\" alt=\"\" class=\"wp-image-298 size-full\" srcset=\"https:\/\/transitions.bzh\/ecodopro\/wp-content\/uploads\/ECODO-icono-attention.png 400w, https:\/\/transitions.bzh\/ecodopro\/wp-content\/uploads\/ECODO-icono-attention-300x300.png 300w, https:\/\/transitions.bzh\/ecodopro\/wp-content\/uploads\/ECODO-icono-attention-150x150.png 150w\" sizes=\"auto, (max-width: 400px) 100vw, 400px\" \/><\/figure><\/div>\n<\/div>\n<\/details>\n\n\n\n<details class=\"wp-block-details\"><summary><mark style=\"background-color:#111111;color:#FFFFFF\" class=\"has-inline-color is-layout-flow wp-block-details-is-layout-flow\"><strong>Les eaux de pluie <\/strong><\/mark><\/summary>\n<div class=\"wp-block-group is-vertical is-layout-flex wp-container-core-group-is-layout-fe9cc265 wp-block-group-is-layout-flex\">\n<div class=\"wp-block-media-text is-stacked-on-mobile\" style=\"grid-template-columns:15% auto\"><figure class=\"wp-block-media-text__media\"><img loading=\"lazy\" decoding=\"async\" width=\"400\" height=\"400\" src=\"https:\/\/transitions.bzh\/ecodopro\/wp-content\/uploads\/Ecodopro-icono-type-Eaux-de-pluie.png\" alt=\"\" class=\"wp-image-300 size-full\" srcset=\"https:\/\/transitions.bzh\/ecodopro\/wp-content\/uploads\/Ecodopro-icono-type-Eaux-de-pluie.png 400w, https:\/\/transitions.bzh\/ecodopro\/wp-content\/uploads\/Ecodopro-icono-type-Eaux-de-pluie-300x300.png 300w, https:\/\/transitions.bzh\/ecodopro\/wp-content\/uploads\/Ecodopro-icono-type-Eaux-de-pluie-150x150.png 150w\" sizes=\"auto, (max-width: 400px) 100vw, 400px\" \/><\/figure><div class=\"wp-block-media-text__content\">\n<p>Les eaux de pluie d\u00e9signent les eaux issues des pr\u00e9cipitations (pluie, neige fondue) venant ruisseler sur les toitures, les parkings, les routes et les espaces ext\u00e9rieurs d\u2019un site industriel.<\/p>\n\n\n\n<p><strong>L\u2019usage des eaux de pluie est autoris\u00e9 sous certaines conditions.<\/strong><\/p>\n<\/div><\/div>\n\n\n\n<div class=\"wp-block-media-text has-media-on-the-right is-stacked-on-mobile has-base-color has-custom-bleu-background-color has-text-color has-background has-link-color wp-elements-554fd3b1bdb24d929cd09677138aaf3c\" style=\"grid-template-columns:auto 15%\"><div class=\"wp-block-media-text__content\">\n<p><strong>PROCEDURE :<\/strong> D\u00e9claration en pr\u00e9fecture via le lien <a href=\"https:\/\/www.demarches-simplifiees.fr\/commencer\/declaration-au-prefet-d-un-systeme-d-utilisation-d-eaux-impropres-a-la-consomation-humaine-pour-des-usages-domestiques-au-titre-de-l-article-r-1322-100-du-code-de-la-sante-publique\">ICI<\/a><\/p>\n\n\n\n<p>Si vous souhaitez utiliser l\u2019eau de puits \/ forages dans le cadre de votre activit\u00e9 touristique, il est n\u00e9cessaire qu\u2019elle obtienne le crit\u00e8re Qualit\u00e9 A+.<\/p>\n<\/div><figure class=\"wp-block-media-text__media\"><img loading=\"lazy\" decoding=\"async\" width=\"400\" height=\"400\" src=\"https:\/\/transitions.bzh\/ecodopro\/wp-content\/uploads\/ECODO-icono-attention.png\" alt=\"\" class=\"wp-image-298 size-full\" srcset=\"https:\/\/transitions.bzh\/ecodopro\/wp-content\/uploads\/ECODO-icono-attention.png 400w, https:\/\/transitions.bzh\/ecodopro\/wp-content\/uploads\/ECODO-icono-attention-300x300.png 300w, https:\/\/transitions.bzh\/ecodopro\/wp-content\/uploads\/ECODO-icono-attention-150x150.png 150w\" sizes=\"auto, (max-width: 400px) 100vw, 400px\" \/><\/figure><\/div>\n<\/div>\n<\/details>\n\n\n\n<details class=\"wp-block-details\"><summary><mark style=\"background-color:#111111;color:#FFFFFF\" class=\"has-inline-color is-layout-flow wp-block-details-is-layout-flow\"><strong>Les eaux grises et de piscine <\/strong><\/mark><\/summary>\n<div class=\"wp-block-media-text is-stacked-on-mobile\" style=\"grid-template-columns:15% auto\"><figure class=\"wp-block-media-text__media\"><img loading=\"lazy\" decoding=\"async\" width=\"400\" height=\"400\" src=\"https:\/\/transitions.bzh\/ecodopro\/wp-content\/uploads\/Ecodopro-icono-type-eaux-grises-piscine.png\" alt=\"\" class=\"wp-image-225 size-full\" srcset=\"https:\/\/transitions.bzh\/ecodopro\/wp-content\/uploads\/Ecodopro-icono-type-eaux-grises-piscine.png 400w, https:\/\/transitions.bzh\/ecodopro\/wp-content\/uploads\/Ecodopro-icono-type-eaux-grises-piscine-300x300.png 300w, https:\/\/transitions.bzh\/ecodopro\/wp-content\/uploads\/Ecodopro-icono-type-eaux-grises-piscine-150x150.png 150w\" sizes=\"auto, (max-width: 400px) 100vw, 400px\" \/><\/figure><div class=\"wp-block-media-text__content\">\n<p>Les eaux grises et eaux de piscine d\u00e9signent les eaux provenant des op\u00e9rations de vidanges des bassins, des p\u00e9diluves, des rampes d&rsquo;aspersions pour pieds et des filtres.<\/p>\n\n\n\n<p><strong>L\u2019usage des eaux de piscine est autoris\u00e9 sous certaines conditions :<\/strong><\/p>\n<\/div><\/div>\n\n\n\n<div class=\"wp-block-media-text has-media-on-the-right is-stacked-on-mobile has-base-color has-custom-bleu-background-color has-text-color has-background has-link-color wp-elements-554fd3b1bdb24d929cd09677138aaf3c\" style=\"grid-template-columns:auto 15%\"><div class=\"wp-block-media-text__content\">\n<p><strong>PROCEDURE :<\/strong> D\u00e9claration en pr\u00e9fecture via le lien <a href=\"https:\/\/www.demarches-simplifiees.fr\/commencer\/declaration-au-prefet-d-un-systeme-d-utilisation-d-eaux-impropres-a-la-consomation-humaine-pour-des-usages-domestiques-au-titre-de-l-article-r-1322-100-du-code-de-la-sante-publique\">ICI<\/a><\/p>\n\n\n\n<p>Si vous souhaitez utiliser l\u2019eau de puits \/ forages dans le cadre de votre activit\u00e9 touristique, il est n\u00e9cessaire qu\u2019elle obtienne le crit\u00e8re Qualit\u00e9 A+.<\/p>\n<\/div><figure class=\"wp-block-media-text__media\"><img loading=\"lazy\" decoding=\"async\" width=\"400\" height=\"400\" src=\"https:\/\/transitions.bzh\/ecodopro\/wp-content\/uploads\/ECODO-icono-attention.png\" alt=\"\" class=\"wp-image-298 size-full\" srcset=\"https:\/\/transitions.bzh\/ecodopro\/wp-content\/uploads\/ECODO-icono-attention.png 400w, https:\/\/transitions.bzh\/ecodopro\/wp-content\/uploads\/ECODO-icono-attention-300x300.png 300w, https:\/\/transitions.bzh\/ecodopro\/wp-content\/uploads\/ECODO-icono-attention-150x150.png 150w\" sizes=\"auto, (max-width: 400px) 100vw, 400px\" \/><\/figure><\/div>\n<\/details>\n\n\n\n<div class=\"wp-block-media-text is-stacked-on-mobile has-base-color has-custom-noir-background-color has-text-color has-background has-link-color wp-elements-b3e015310fd0b0aec6375d3443ca563d\" style=\"grid-template-columns:20% auto\"><figure class=\"wp-block-media-text__media\"><img loading=\"lazy\" decoding=\"async\" width=\"1024\" height=\"754\" src=\"https:\/\/transitions.bzh\/ecodopro\/wp-content\/uploads\/ECODOPRO-icono-point-legisltaif-1024x754.png\" alt=\"\" class=\"wp-image-89 size-full\" srcset=\"https:\/\/transitions.bzh\/ecodopro\/wp-content\/uploads\/ECODOPRO-icono-point-legisltaif-1024x754.png 1024w, https:\/\/transitions.bzh\/ecodopro\/wp-content\/uploads\/ECODOPRO-icono-point-legisltaif-300x221.png 300w, https:\/\/transitions.bzh\/ecodopro\/wp-content\/uploads\/ECODOPRO-icono-point-legisltaif-768x566.png 768w, https:\/\/transitions.bzh\/ecodopro\/wp-content\/uploads\/ECODOPRO-icono-point-legisltaif.png 1078w\" sizes=\"auto, (max-width: 1024px) 100vw, 1024px\" \/><\/figure><div class=\"wp-block-media-text__content\">\n<p><a href=\"https:\/\/www.legifrance.gouv.fr\/jorf\/id\/JORFTEXT000049962813\">Le D\u00e9cret n\u00b0&nbsp;2024-796 du 12 juillet 2024 relatif \u00e0 des&nbsp;utilisations d\u2019eaux impropres \u00e0 la consommation humaine.<\/a><\/p>\n\n\n\n<p><a href=\"https:\/\/www.legifrance.gouv.fr\/jorf\/id\/JORFTEXT000049962813\">L\u2019arr\u00eat\u00e9 du 12 juillet 2024 relatif aux&nbsp;conditions sanitaires d\u2019utilisation d\u2019eaux impropres \u00e0 la consommation humaine pour des usages domestiques&nbsp;pris en application de l\u2019article R. 1322-94 du code de la sant\u00e9 publique.<\/a><\/p>\n<\/div><\/div>\n\n\n\n<details class=\"wp-block-details\"><summary><mark style=\"background-color:#111111;color:#FFFFFF\" class=\"has-inline-color is-layout-flow wp-block-details-is-layout-flow\"> <strong>Les eaux us\u00e9es trait\u00e9es (EUT)<\/strong> &#8211; Issues d&rsquo;une STEP publique <\/mark><\/summary>\n<div class=\"wp-block-group is-vertical is-layout-flex wp-container-core-group-is-layout-fe9cc265 wp-block-group-is-layout-flex\">\n<div class=\"wp-block-media-text is-stacked-on-mobile\" style=\"grid-template-columns:15% auto\"><figure class=\"wp-block-media-text__media\"><img loading=\"lazy\" decoding=\"async\" width=\"400\" height=\"400\" src=\"https:\/\/transitions.bzh\/ecodopro\/wp-content\/uploads\/Ecodopro-icono-type-Eaux-usees-traitees.png\" alt=\"\" class=\"wp-image-297 size-full\" srcset=\"https:\/\/transitions.bzh\/ecodopro\/wp-content\/uploads\/Ecodopro-icono-type-Eaux-usees-traitees.png 400w, https:\/\/transitions.bzh\/ecodopro\/wp-content\/uploads\/Ecodopro-icono-type-Eaux-usees-traitees-300x300.png 300w, https:\/\/transitions.bzh\/ecodopro\/wp-content\/uploads\/Ecodopro-icono-type-Eaux-usees-traitees-150x150.png 150w\" sizes=\"auto, (max-width: 400px) 100vw, 400px\" \/><\/figure><div class=\"wp-block-media-text__content\">\n<p>Les eaux us\u00e9es trait\u00e9es d\u00e9signent les eaux directement sorties de station d&rsquo;\u00e9puration des eaux us\u00e9es (STEP).<\/p>\n<\/div><\/div>\n\n\n\n<div class=\"wp-block-media-text has-media-on-the-right is-stacked-on-mobile has-custom-bleu-background-color has-background\" style=\"grid-template-columns:auto 15%\"><div class=\"wp-block-media-text__content\">\n<p class=\"has-base-color has-text-color has-link-color wp-elements-44eef5ec1e838dd3977140aeaf2a9c33\"><strong>L\u2019usage des eaux us\u00e9es trait\u00e9es (REUT) est strictement interdit dans le cadre de votre activit\u00e9 touristique.<\/strong><\/p>\n<\/div><figure class=\"wp-block-media-text__media\"><img loading=\"lazy\" decoding=\"async\" width=\"400\" height=\"400\" src=\"https:\/\/transitions.bzh\/ecodopro\/wp-content\/uploads\/ECODO-icono-attention.png\" alt=\"\" class=\"wp-image-298 size-full\" srcset=\"https:\/\/transitions.bzh\/ecodopro\/wp-content\/uploads\/ECODO-icono-attention.png 400w, https:\/\/transitions.bzh\/ecodopro\/wp-content\/uploads\/ECODO-icono-attention-300x300.png 300w, https:\/\/transitions.bzh\/ecodopro\/wp-content\/uploads\/ECODO-icono-attention-150x150.png 150w\" sizes=\"auto, (max-width: 400px) 100vw, 400px\" \/><\/figure><\/div>\n<\/div>\n<\/details>\n","protected":false},"excerpt":{"rendered":"<p>Pour le nettoyage des surfaces ext\u00e9rieures, l&rsquo;arrosage des espaces verts et le remplissage des bassins d&rsquo;ornement, d\u00e9couvrez la r\u00e9glementation sp\u00e9cifique li\u00e9e \u00e0 chaque type d&rsquo;eau, \u00e0 savoir : Le D\u00e9cret n\u00b0&nbsp;2024-796 du 12 juillet 2024 relatif \u00e0 des&nbsp;utilisations d\u2019eaux impropres \u00e0 la consommation humaine. L\u2019arr\u00eat\u00e9 du 12 juillet 2024 relatif aux&nbsp;conditions sanitaires d\u2019utilisation d\u2019eaux impropres [&hellip;]<\/p>\n","protected":false},"author":2,"featured_media":0,"parent":0,"menu_order":0,"comment_status":"closed","ping_status":"closed","template":"","meta":{"footnotes":""},"class_list":["post-464","page","type-page","status-publish","hentry"],"yoast_head":"<!-- This site is optimized with the Yoast SEO plugin v25.8 - https:\/\/yoast.com\/wordpress\/plugins\/seo\/ -->\n<title>Etablissements touristiques et piscines publiques -<\/title>\n<meta name=\"robots\" content=\"index, follow, max-snippet:-1, max-image-preview:large, max-video-preview:-1\" \/>\n<link rel=\"canonical\" href=\"https:\/\/transitions.bzh\/ecodopro\/etablissements-touristiques-et-piscines-publiques-3\/\" \/>\n<meta property=\"og:locale\" content=\"fr_FR\" \/>\n<meta property=\"og:type\" content=\"article\" \/>\n<meta property=\"og:title\" content=\"Etablissements touristiques et piscines publiques -\" \/>\n<meta property=\"og:description\" content=\"Pour le nettoyage des surfaces ext\u00e9rieures, l&rsquo;arrosage des espaces verts et le remplissage des bassins d&rsquo;ornement, d\u00e9couvrez la r\u00e9glementation sp\u00e9cifique li\u00e9e \u00e0 chaque type d&rsquo;eau, \u00e0 savoir : Le D\u00e9cret n\u00b0&nbsp;2024-796 du 12 juillet 2024 relatif \u00e0 des&nbsp;utilisations d\u2019eaux impropres \u00e0 la consommation humaine. L\u2019arr\u00eat\u00e9 du 12 juillet 2024 relatif aux&nbsp;conditions sanitaires d\u2019utilisation d\u2019eaux impropres [&hellip;]\" \/>\n<meta property=\"og:url\" content=\"https:\/\/transitions.bzh\/ecodopro\/etablissements-touristiques-et-piscines-publiques-3\/\" \/>\n<meta property=\"og:image\" content=\"https:\/\/transitions.bzh\/ecodopro\/wp-content\/uploads\/2-3.png\" \/>\n\t<meta property=\"og:image:width\" content=\"400\" \/>\n\t<meta property=\"og:image:height\" content=\"214\" \/>\n\t<meta property=\"og:image:type\" content=\"image\/png\" \/>\n<meta name=\"twitter:card\" content=\"summary_large_image\" \/>\n<meta name=\"twitter:label1\" content=\"Dur\u00e9e de lecture estim\u00e9e\" \/>\n\t<meta name=\"twitter:data1\" content=\"4 minutes\" \/>\n<script type=\"application\/ld+json\" class=\"yoast-schema-graph\">{\"@context\":\"https:\/\/schema.org\",\"@graph\":[{\"@type\":\"WebPage\",\"@id\":\"https:\/\/transitions.bzh\/ecodopro\/etablissements-touristiques-et-piscines-publiques-3\/\",\"url\":\"https:\/\/transitions.bzh\/ecodopro\/etablissements-touristiques-et-piscines-publiques-3\/\",\"name\":\"Etablissements touristiques et piscines publiques -\",\"isPartOf\":{\"@id\":\"https:\/\/transitions.bzh\/ecodopro\/#website\"},\"primaryImageOfPage\":{\"@id\":\"https:\/\/transitions.bzh\/ecodopro\/etablissements-touristiques-et-piscines-publiques-3\/#primaryimage\"},\"image\":{\"@id\":\"https:\/\/transitions.bzh\/ecodopro\/etablissements-touristiques-et-piscines-publiques-3\/#primaryimage\"},\"thumbnailUrl\":\"https:\/\/transitions.bzh\/ecodopro\/wp-content\/uploads\/2-3.png\",\"datePublished\":\"2025-11-13T15:56:14+00:00\",\"breadcrumb\":{\"@id\":\"https:\/\/transitions.bzh\/ecodopro\/etablissements-touristiques-et-piscines-publiques-3\/#breadcrumb\"},\"inLanguage\":\"fr-FR\",\"potentialAction\":[{\"@type\":\"ReadAction\",\"target\":[\"https:\/\/transitions.bzh\/ecodopro\/etablissements-touristiques-et-piscines-publiques-3\/\"]}]},{\"@type\":\"ImageObject\",\"inLanguage\":\"fr-FR\",\"@id\":\"https:\/\/transitions.bzh\/ecodopro\/etablissements-touristiques-et-piscines-publiques-3\/#primaryimage\",\"url\":\"https:\/\/transitions.bzh\/ecodopro\/wp-content\/uploads\/2-3.png\",\"contentUrl\":\"https:\/\/transitions.bzh\/ecodopro\/wp-content\/uploads\/2-3.png\",\"width\":400,\"height\":214},{\"@type\":\"BreadcrumbList\",\"@id\":\"https:\/\/transitions.bzh\/ecodopro\/etablissements-touristiques-et-piscines-publiques-3\/#breadcrumb\",\"itemListElement\":[{\"@type\":\"ListItem\",\"position\":1,\"name\":\"Accueil\",\"item\":\"https:\/\/transitions.bzh\/ecodopro\/\"},{\"@type\":\"ListItem\",\"position\":2,\"name\":\"Etablissements touristiques et piscines publiques\"}]},{\"@type\":\"WebSite\",\"@id\":\"https:\/\/transitions.bzh\/ecodopro\/#website\",\"url\":\"https:\/\/transitions.bzh\/ecodopro\/\",\"name\":\"\",\"description\":\"\",\"potentialAction\":[{\"@type\":\"SearchAction\",\"target\":{\"@type\":\"EntryPoint\",\"urlTemplate\":\"https:\/\/transitions.bzh\/ecodopro\/?s={search_term_string}\"},\"query-input\":{\"@type\":\"PropertyValueSpecification\",\"valueRequired\":true,\"valueName\":\"search_term_string\"}}],\"inLanguage\":\"fr-FR\"}]}<\/script>\n<!-- \/ Yoast SEO plugin. -->","yoast_head_json":{"title":"Etablissements touristiques et piscines publiques -","robots":{"index":"index","follow":"follow","max-snippet":"max-snippet:-1","max-image-preview":"max-image-preview:large","max-video-preview":"max-video-preview:-1"},"canonical":"https:\/\/transitions.bzh\/ecodopro\/etablissements-touristiques-et-piscines-publiques-3\/","og_locale":"fr_FR","og_type":"article","og_title":"Etablissements touristiques et piscines publiques -","og_description":"Pour le nettoyage des surfaces ext\u00e9rieures, l&rsquo;arrosage des espaces verts et le remplissage des bassins d&rsquo;ornement, d\u00e9couvrez la r\u00e9glementation sp\u00e9cifique li\u00e9e \u00e0 chaque type d&rsquo;eau, \u00e0 savoir : Le D\u00e9cret n\u00b0&nbsp;2024-796 du 12 juillet 2024 relatif \u00e0 des&nbsp;utilisations d\u2019eaux impropres \u00e0 la consommation humaine. L\u2019arr\u00eat\u00e9 du 12 juillet 2024 relatif aux&nbsp;conditions sanitaires d\u2019utilisation d\u2019eaux impropres [&hellip;]","og_url":"https:\/\/transitions.bzh\/ecodopro\/etablissements-touristiques-et-piscines-publiques-3\/","og_image":[{"width":400,"height":214,"url":"https:\/\/transitions.bzh\/ecodopro\/wp-content\/uploads\/2-3.png","type":"image\/png"}],"twitter_card":"summary_large_image","twitter_misc":{"Dur\u00e9e de lecture estim\u00e9e":"4 minutes"},"schema":{"@context":"https:\/\/schema.org","@graph":[{"@type":"WebPage","@id":"https:\/\/transitions.bzh\/ecodopro\/etablissements-touristiques-et-piscines-publiques-3\/","url":"https:\/\/transitions.bzh\/ecodopro\/etablissements-touristiques-et-piscines-publiques-3\/","name":"Etablissements touristiques et piscines publiques -","isPartOf":{"@id":"https:\/\/transitions.bzh\/ecodopro\/#website"},"primaryImageOfPage":{"@id":"https:\/\/transitions.bzh\/ecodopro\/etablissements-touristiques-et-piscines-publiques-3\/#primaryimage"},"image":{"@id":"https:\/\/transitions.bzh\/ecodopro\/etablissements-touristiques-et-piscines-publiques-3\/#primaryimage"},"thumbnailUrl":"https:\/\/transitions.bzh\/ecodopro\/wp-content\/uploads\/2-3.png","datePublished":"2025-11-13T15:56:14+00:00","breadcrumb":{"@id":"https:\/\/transitions.bzh\/ecodopro\/etablissements-touristiques-et-piscines-publiques-3\/#breadcrumb"},"inLanguage":"fr-FR","potentialAction":[{"@type":"ReadAction","target":["https:\/\/transitions.bzh\/ecodopro\/etablissements-touristiques-et-piscines-publiques-3\/"]}]},{"@type":"ImageObject","inLanguage":"fr-FR","@id":"https:\/\/transitions.bzh\/ecodopro\/etablissements-touristiques-et-piscines-publiques-3\/#primaryimage","url":"https:\/\/transitions.bzh\/ecodopro\/wp-content\/uploads\/2-3.png","contentUrl":"https:\/\/transitions.bzh\/ecodopro\/wp-content\/uploads\/2-3.png","width":400,"height":214},{"@type":"BreadcrumbList","@id":"https:\/\/transitions.bzh\/ecodopro\/etablissements-touristiques-et-piscines-publiques-3\/#breadcrumb","itemListElement":[{"@type":"ListItem","position":1,"name":"Accueil","item":"https:\/\/transitions.bzh\/ecodopro\/"},{"@type":"ListItem","position":2,"name":"Etablissements touristiques et piscines publiques"}]},{"@type":"WebSite","@id":"https:\/\/transitions.bzh\/ecodopro\/#website","url":"https:\/\/transitions.bzh\/ecodopro\/","name":"","description":"","potentialAction":[{"@type":"SearchAction","target":{"@type":"EntryPoint","urlTemplate":"https:\/\/transitions.bzh\/ecodopro\/?s={search_term_string}"},"query-input":{"@type":"PropertyValueSpecification","valueRequired":true,"valueName":"search_term_string"}}],"inLanguage":"fr-FR"}]}},"_links":{"self":[{"href":"https:\/\/transitions.bzh\/ecodopro\/wp-json\/wp\/v2\/pages\/464","targetHints":{"allow":["GET"]}}],"collection":[{"href":"https:\/\/transitions.bzh\/ecodopro\/wp-json\/wp\/v2\/pages"}],"about":[{"href":"https:\/\/transitions.bzh\/ecodopro\/wp-json\/wp\/v2\/types\/page"}],"author":[{"embeddable":true,"href":"https:\/\/transitions.bzh\/ecodopro\/wp-json\/wp\/v2\/users\/2"}],"replies":[{"embeddable":true,"href":"https:\/\/transitions.bzh\/ecodopro\/wp-json\/wp\/v2\/comments?post=464"}],"version-history":[{"count":2,"href":"https:\/\/transitions.bzh\/ecodopro\/wp-json\/wp\/v2\/pages\/464\/revisions"}],"predecessor-version":[{"id":469,"href":"https:\/\/transitions.bzh\/ecodopro\/wp-json\/wp\/v2\/pages\/464\/revisions\/469"}],"wp:attachment":[{"href":"https:\/\/transitions.bzh\/ecodopro\/wp-json\/wp\/v2\/media?parent=464"}],"curies":[{"name":"wp","href":"https:\/\/api.w.org\/{rel}","templated":true}]}}