{"id":450,"date":"2025-11-13T16:09:48","date_gmt":"2025-11-13T15:09:48","guid":{"rendered":"https:\/\/transitions.bzh\/ecodopro\/?page_id=450"},"modified":"2026-01-21T16:43:33","modified_gmt":"2026-01-21T15:43:33","slug":"etablissements-touristiques-et-piscines-publiques","status":"publish","type":"page","link":"https:\/\/transitions.bzh\/ecodopro\/etablissements-touristiques-et-piscines-publiques\/","title":{"rendered":"Etablissements touristiques et piscines publiques"},"content":{"rendered":"\n<div class=\"wp-block-media-text is-stacked-on-mobile\" style=\"grid-template-columns:47% auto\"><figure class=\"wp-block-media-text__media\"><img loading=\"lazy\" decoding=\"async\" width=\"1024\" height=\"512\" src=\"https:\/\/transitions.bzh\/ecodopro\/wp-content\/uploads\/Design-sans-titre-27-1024x512.png\" alt=\"\" class=\"wp-image-451 size-full\" srcset=\"https:\/\/transitions.bzh\/ecodopro\/wp-content\/uploads\/Design-sans-titre-27-1024x512.png 1024w, https:\/\/transitions.bzh\/ecodopro\/wp-content\/uploads\/Design-sans-titre-27-300x150.png 300w, https:\/\/transitions.bzh\/ecodopro\/wp-content\/uploads\/Design-sans-titre-27-768x384.png 768w, https:\/\/transitions.bzh\/ecodopro\/wp-content\/uploads\/Design-sans-titre-27-1536x768.png 1536w, https:\/\/transitions.bzh\/ecodopro\/wp-content\/uploads\/Design-sans-titre-27-2048x1024.png 2048w\" sizes=\"auto, (max-width: 1024px) 100vw, 1024px\" \/><\/figure><div class=\"wp-block-media-text__content\">\n<p><strong>Votre \u00e9tablissement accueille du public pour des activit\u00e9s de loisirs :<\/strong> piscines publiques, spa bien-\u00eatre, campings, centres de vacances, r\u00e9sidences touristiques, h\u00f4tels, etc.<\/p>\n<\/div><\/div>\n\n\n\n<p><strong>Et vous souhaitez utiliser l&rsquo;eau de pluie, de puits\/forage ou r\u00e9utiliser les eaux grises ou de piscines  pour :<\/strong><\/p>\n\n\n\n<div class=\"wp-block-group alignfull has-global-padding is-layout-constrained wp-container-core-group-is-layout-ebee8dc1 wp-block-group-is-layout-constrained\" style=\"margin-top:0;margin-bottom:0;padding-top:var(--wp--preset--spacing--50);padding-bottom:var(--wp--preset--spacing--50)\">\n<div class=\"wp-block-columns alignwide is-layout-flex wp-container-core-columns-is-layout-28f84493 wp-block-columns-is-layout-flex\">\n<div class=\"wp-block-column is-layout-flow wp-block-column-is-layout-flow\">\n<figure class=\"wp-block-image size-full\" style=\"margin-bottom:24px\"><img loading=\"lazy\" decoding=\"async\" width=\"400\" height=\"214\" src=\"https:\/\/transitions.bzh\/ecodopro\/wp-content\/uploads\/1-3.png\" alt=\"\" class=\"wp-image-453\" style=\"aspect-ratio:4\/3;object-fit:cover\" srcset=\"https:\/\/transitions.bzh\/ecodopro\/wp-content\/uploads\/1-3.png 400w, https:\/\/transitions.bzh\/ecodopro\/wp-content\/uploads\/1-3-300x161.png 300w\" sizes=\"auto, (max-width: 400px) 100vw, 400px\" \/><\/figure>\n\n\n\n<p class=\"has-text-align-center has-medium-font-size\"><strong>L\u2019alimentation de fontaines d\u00e9coratives ou des sanitaires.<\/strong><\/p>\n\n\n\n<div class=\"wp-block-buttons is-content-justification-center is-layout-flex wp-container-core-buttons-is-layout-5b5683f2 wp-block-buttons-is-layout-flex\">\n<div class=\"wp-block-button\"><a class=\"wp-block-button__link wp-element-button\" href=\"https:\/\/transitions.bzh\/ecodopro\/etablissements-touristiques-et-piscines-publiques-2\/\">Consultez la r\u00e9glementation<\/a><\/div>\n<\/div>\n<\/div>\n\n\n\n<div class=\"wp-block-column is-layout-flow wp-block-column-is-layout-flow\">\n<figure class=\"wp-block-image size-full\" style=\"margin-bottom:24px\"><img loading=\"lazy\" decoding=\"async\" width=\"400\" height=\"214\" src=\"https:\/\/transitions.bzh\/ecodopro\/wp-content\/uploads\/2-2.png\" alt=\"\" class=\"wp-image-454\" style=\"aspect-ratio:4\/3;object-fit:cover\" srcset=\"https:\/\/transitions.bzh\/ecodopro\/wp-content\/uploads\/2-2.png 400w, https:\/\/transitions.bzh\/ecodopro\/wp-content\/uploads\/2-2-300x161.png 300w\" sizes=\"auto, (max-width: 400px) 100vw, 400px\" \/><\/figure>\n\n\n\n<p class=\"has-text-align-center has-medium-font-size\"><strong>Entretien des ext\u00e9rieurs et espaces verts<\/strong> (nettoyage des surfaces ext\u00e9rieures, arrosage des espaces verts, remplissage des bassins d\u2019ornement) ?<\/p>\n\n\n\n<div class=\"wp-block-buttons is-content-justification-center is-layout-flex wp-container-core-buttons-is-layout-a89b3969 wp-block-buttons-is-layout-flex\">\n<div class=\"wp-block-button\"><a class=\"wp-block-button__link wp-element-button\" href=\"https:\/\/transitions.bzh\/ecodopro\/etablissements-touristiques-et-piscines-publiques-3\/\">Consultez la r\u00e9glementation<\/a><\/div>\n<\/div>\n<\/div>\n\n\n\n<div class=\"wp-block-column is-layout-flow wp-block-column-is-layout-flow\">\n<figure class=\"wp-block-image size-full\" style=\"margin-bottom:24px\"><img loading=\"lazy\" decoding=\"async\" width=\"400\" height=\"214\" src=\"https:\/\/transitions.bzh\/ecodopro\/wp-content\/uploads\/3-2.png\" alt=\"\" class=\"wp-image-455\" style=\"aspect-ratio:4\/3;object-fit:cover\" srcset=\"https:\/\/transitions.bzh\/ecodopro\/wp-content\/uploads\/3-2.png 400w, https:\/\/transitions.bzh\/ecodopro\/wp-content\/uploads\/3-2-300x161.png 300w\" sizes=\"auto, (max-width: 400px) 100vw, 400px\" \/><\/figure>\n\n\n\n<p class=\"has-text-align-center has-medium-font-size\"><strong>Usage domestique<\/strong> (lavage du linge, sols int\u00e9rieurs et arrosage des jardins potagers) ?<\/p>\n\n\n\n<div class=\"wp-block-buttons is-content-justification-center is-layout-flex wp-container-core-buttons-is-layout-a89b3969 wp-block-buttons-is-layout-flex\">\n<div class=\"wp-block-button\"><a class=\"wp-block-button__link wp-element-button\" href=\"https:\/\/transitions.bzh\/ecodopro\/etablissements-touristiques-et-piscines-publiques-4\/\">Consultez la r\u00e9glementation<\/a><\/div>\n<\/div>\n<\/div>\n<\/div>\n<\/div>\n\n\n\n<figure class=\"wp-block-image size-large\"><img loading=\"lazy\" decoding=\"async\" width=\"1024\" height=\"945\" src=\"https:\/\/transitions.bzh\/ecodopro\/wp-content\/uploads\/Capture-decran_21-8-2025_10479_www.legifrance.gouv_.fr-002-1024x945.jpeg\" alt=\"\" class=\"wp-image-492\" srcset=\"https:\/\/transitions.bzh\/ecodopro\/wp-content\/uploads\/Capture-decran_21-8-2025_10479_www.legifrance.gouv_.fr-002-1024x945.jpeg 1024w, https:\/\/transitions.bzh\/ecodopro\/wp-content\/uploads\/Capture-decran_21-8-2025_10479_www.legifrance.gouv_.fr-002-300x277.jpeg 300w, https:\/\/transitions.bzh\/ecodopro\/wp-content\/uploads\/Capture-decran_21-8-2025_10479_www.legifrance.gouv_.fr-002-768x709.jpeg 768w, https:\/\/transitions.bzh\/ecodopro\/wp-content\/uploads\/Capture-decran_21-8-2025_10479_www.legifrance.gouv_.fr-002.jpeg 1261w\" sizes=\"auto, (max-width: 1024px) 100vw, 1024px\" \/><\/figure>\n","protected":false},"excerpt":{"rendered":"<p>Votre \u00e9tablissement accueille du public pour des activit\u00e9s de loisirs : piscines publiques, spa bien-\u00eatre, campings, centres de vacances, r\u00e9sidences touristiques, h\u00f4tels, etc. Et vous souhaitez utiliser l&rsquo;eau de pluie, de puits\/forage ou r\u00e9utiliser les eaux grises ou de piscines pour : L\u2019alimentation de fontaines d\u00e9coratives ou des sanitaires. Entretien des ext\u00e9rieurs et espaces verts [&hellip;]<\/p>\n","protected":false},"author":2,"featured_media":0,"parent":0,"menu_order":0,"comment_status":"closed","ping_status":"closed","template":"","meta":{"footnotes":""},"class_list":["post-450","page","type-page","status-publish","hentry"],"yoast_head":"<!-- This site is optimized with the Yoast SEO plugin v25.8 - https:\/\/yoast.com\/wordpress\/plugins\/seo\/ -->\n<title>Etablissements touristiques et piscines publiques -<\/title>\n<meta name=\"robots\" content=\"index, follow, max-snippet:-1, max-image-preview:large, max-video-preview:-1\" \/>\n<link rel=\"canonical\" href=\"https:\/\/transitions.bzh\/ecodopro\/etablissements-touristiques-et-piscines-publiques\/\" \/>\n<meta property=\"og:locale\" content=\"fr_FR\" \/>\n<meta property=\"og:type\" content=\"article\" \/>\n<meta property=\"og:title\" content=\"Etablissements touristiques et piscines publiques -\" \/>\n<meta property=\"og:description\" content=\"Votre \u00e9tablissement accueille du public pour des activit\u00e9s de loisirs : piscines publiques, spa bien-\u00eatre, campings, centres de vacances, r\u00e9sidences touristiques, h\u00f4tels, etc. Et vous souhaitez utiliser l&rsquo;eau de pluie, de puits\/forage ou r\u00e9utiliser les eaux grises ou de piscines pour : L\u2019alimentation de fontaines d\u00e9coratives ou des sanitaires. Entretien des ext\u00e9rieurs et espaces verts [&hellip;]\" \/>\n<meta property=\"og:url\" content=\"https:\/\/transitions.bzh\/ecodopro\/etablissements-touristiques-et-piscines-publiques\/\" \/>\n<meta property=\"article:modified_time\" content=\"2026-01-21T15:43:33+00:00\" \/>\n<meta property=\"og:image\" content=\"https:\/\/transitions.bzh\/ecodopro\/wp-content\/uploads\/Design-sans-titre-27-scaled.png\" \/>\n\t<meta property=\"og:image:width\" content=\"2560\" \/>\n\t<meta property=\"og:image:height\" content=\"1280\" \/>\n\t<meta property=\"og:image:type\" content=\"image\/png\" \/>\n<meta name=\"twitter:card\" content=\"summary_large_image\" \/>\n<meta name=\"twitter:label1\" content=\"Dur\u00e9e de lecture estim\u00e9e\" \/>\n\t<meta name=\"twitter:data1\" content=\"2 minutes\" \/>\n<script type=\"application\/ld+json\" class=\"yoast-schema-graph\">{\"@context\":\"https:\/\/schema.org\",\"@graph\":[{\"@type\":\"WebPage\",\"@id\":\"https:\/\/transitions.bzh\/ecodopro\/etablissements-touristiques-et-piscines-publiques\/\",\"url\":\"https:\/\/transitions.bzh\/ecodopro\/etablissements-touristiques-et-piscines-publiques\/\",\"name\":\"Etablissements touristiques et piscines publiques -\",\"isPartOf\":{\"@id\":\"https:\/\/transitions.bzh\/ecodopro\/#website\"},\"primaryImageOfPage\":{\"@id\":\"https:\/\/transitions.bzh\/ecodopro\/etablissements-touristiques-et-piscines-publiques\/#primaryimage\"},\"image\":{\"@id\":\"https:\/\/transitions.bzh\/ecodopro\/etablissements-touristiques-et-piscines-publiques\/#primaryimage\"},\"thumbnailUrl\":\"https:\/\/transitions.bzh\/ecodopro\/wp-content\/uploads\/Design-sans-titre-27-1024x512.png\",\"datePublished\":\"2025-11-13T15:09:48+00:00\",\"dateModified\":\"2026-01-21T15:43:33+00:00\",\"breadcrumb\":{\"@id\":\"https:\/\/transitions.bzh\/ecodopro\/etablissements-touristiques-et-piscines-publiques\/#breadcrumb\"},\"inLanguage\":\"fr-FR\",\"potentialAction\":[{\"@type\":\"ReadAction\",\"target\":[\"https:\/\/transitions.bzh\/ecodopro\/etablissements-touristiques-et-piscines-publiques\/\"]}]},{\"@type\":\"ImageObject\",\"inLanguage\":\"fr-FR\",\"@id\":\"https:\/\/transitions.bzh\/ecodopro\/etablissements-touristiques-et-piscines-publiques\/#primaryimage\",\"url\":\"https:\/\/transitions.bzh\/ecodopro\/wp-content\/uploads\/Design-sans-titre-27-scaled.png\",\"contentUrl\":\"https:\/\/transitions.bzh\/ecodopro\/wp-content\/uploads\/Design-sans-titre-27-scaled.png\",\"width\":2560,\"height\":1280},{\"@type\":\"BreadcrumbList\",\"@id\":\"https:\/\/transitions.bzh\/ecodopro\/etablissements-touristiques-et-piscines-publiques\/#breadcrumb\",\"itemListElement\":[{\"@type\":\"ListItem\",\"position\":1,\"name\":\"Accueil\",\"item\":\"https:\/\/transitions.bzh\/ecodopro\/\"},{\"@type\":\"ListItem\",\"position\":2,\"name\":\"Etablissements touristiques et piscines publiques\"}]},{\"@type\":\"WebSite\",\"@id\":\"https:\/\/transitions.bzh\/ecodopro\/#website\",\"url\":\"https:\/\/transitions.bzh\/ecodopro\/\",\"name\":\"\",\"description\":\"\",\"potentialAction\":[{\"@type\":\"SearchAction\",\"target\":{\"@type\":\"EntryPoint\",\"urlTemplate\":\"https:\/\/transitions.bzh\/ecodopro\/?s={search_term_string}\"},\"query-input\":{\"@type\":\"PropertyValueSpecification\",\"valueRequired\":true,\"valueName\":\"search_term_string\"}}],\"inLanguage\":\"fr-FR\"}]}<\/script>\n<!-- \/ Yoast SEO plugin. -->","yoast_head_json":{"title":"Etablissements touristiques et piscines publiques -","robots":{"index":"index","follow":"follow","max-snippet":"max-snippet:-1","max-image-preview":"max-image-preview:large","max-video-preview":"max-video-preview:-1"},"canonical":"https:\/\/transitions.bzh\/ecodopro\/etablissements-touristiques-et-piscines-publiques\/","og_locale":"fr_FR","og_type":"article","og_title":"Etablissements touristiques et piscines publiques -","og_description":"Votre \u00e9tablissement accueille du public pour des activit\u00e9s de loisirs : piscines publiques, spa bien-\u00eatre, campings, centres de vacances, r\u00e9sidences touristiques, h\u00f4tels, etc. Et vous souhaitez utiliser l&rsquo;eau de pluie, de puits\/forage ou r\u00e9utiliser les eaux grises ou de piscines pour : L\u2019alimentation de fontaines d\u00e9coratives ou des sanitaires. Entretien des ext\u00e9rieurs et espaces verts [&hellip;]","og_url":"https:\/\/transitions.bzh\/ecodopro\/etablissements-touristiques-et-piscines-publiques\/","article_modified_time":"2026-01-21T15:43:33+00:00","og_image":[{"width":2560,"height":1280,"url":"https:\/\/transitions.bzh\/ecodopro\/wp-content\/uploads\/Design-sans-titre-27-scaled.png","type":"image\/png"}],"twitter_card":"summary_large_image","twitter_misc":{"Dur\u00e9e de lecture estim\u00e9e":"2 minutes"},"schema":{"@context":"https:\/\/schema.org","@graph":[{"@type":"WebPage","@id":"https:\/\/transitions.bzh\/ecodopro\/etablissements-touristiques-et-piscines-publiques\/","url":"https:\/\/transitions.bzh\/ecodopro\/etablissements-touristiques-et-piscines-publiques\/","name":"Etablissements touristiques et piscines publiques -","isPartOf":{"@id":"https:\/\/transitions.bzh\/ecodopro\/#website"},"primaryImageOfPage":{"@id":"https:\/\/transitions.bzh\/ecodopro\/etablissements-touristiques-et-piscines-publiques\/#primaryimage"},"image":{"@id":"https:\/\/transitions.bzh\/ecodopro\/etablissements-touristiques-et-piscines-publiques\/#primaryimage"},"thumbnailUrl":"https:\/\/transitions.bzh\/ecodopro\/wp-content\/uploads\/Design-sans-titre-27-1024x512.png","datePublished":"2025-11-13T15:09:48+00:00","dateModified":"2026-01-21T15:43:33+00:00","breadcrumb":{"@id":"https:\/\/transitions.bzh\/ecodopro\/etablissements-touristiques-et-piscines-publiques\/#breadcrumb"},"inLanguage":"fr-FR","potentialAction":[{"@type":"ReadAction","target":["https:\/\/transitions.bzh\/ecodopro\/etablissements-touristiques-et-piscines-publiques\/"]}]},{"@type":"ImageObject","inLanguage":"fr-FR","@id":"https:\/\/transitions.bzh\/ecodopro\/etablissements-touristiques-et-piscines-publiques\/#primaryimage","url":"https:\/\/transitions.bzh\/ecodopro\/wp-content\/uploads\/Design-sans-titre-27-scaled.png","contentUrl":"https:\/\/transitions.bzh\/ecodopro\/wp-content\/uploads\/Design-sans-titre-27-scaled.png","width":2560,"height":1280},{"@type":"BreadcrumbList","@id":"https:\/\/transitions.bzh\/ecodopro\/etablissements-touristiques-et-piscines-publiques\/#breadcrumb","itemListElement":[{"@type":"ListItem","position":1,"name":"Accueil","item":"https:\/\/transitions.bzh\/ecodopro\/"},{"@type":"ListItem","position":2,"name":"Etablissements touristiques et piscines publiques"}]},{"@type":"WebSite","@id":"https:\/\/transitions.bzh\/ecodopro\/#website","url":"https:\/\/transitions.bzh\/ecodopro\/","name":"","description":"","potentialAction":[{"@type":"SearchAction","target":{"@type":"EntryPoint","urlTemplate":"https:\/\/transitions.bzh\/ecodopro\/?s={search_term_string}"},"query-input":{"@type":"PropertyValueSpecification","valueRequired":true,"valueName":"search_term_string"}}],"inLanguage":"fr-FR"}]}},"_links":{"self":[{"href":"https:\/\/transitions.bzh\/ecodopro\/wp-json\/wp\/v2\/pages\/450","targetHints":{"allow":["GET"]}}],"collection":[{"href":"https:\/\/transitions.bzh\/ecodopro\/wp-json\/wp\/v2\/pages"}],"about":[{"href":"https:\/\/transitions.bzh\/ecodopro\/wp-json\/wp\/v2\/types\/page"}],"author":[{"embeddable":true,"href":"https:\/\/transitions.bzh\/ecodopro\/wp-json\/wp\/v2\/users\/2"}],"replies":[{"embeddable":true,"href":"https:\/\/transitions.bzh\/ecodopro\/wp-json\/wp\/v2\/comments?post=450"}],"version-history":[{"count":6,"href":"https:\/\/transitions.bzh\/ecodopro\/wp-json\/wp\/v2\/pages\/450\/revisions"}],"predecessor-version":[{"id":495,"href":"https:\/\/transitions.bzh\/ecodopro\/wp-json\/wp\/v2\/pages\/450\/revisions\/495"}],"wp:attachment":[{"href":"https:\/\/transitions.bzh\/ecodopro\/wp-json\/wp\/v2\/media?parent=450"}],"curies":[{"name":"wp","href":"https:\/\/api.w.org\/{rel}","templated":true}]}}