{"id":438,"date":"2025-11-05T17:05:48","date_gmt":"2025-11-05T16:05:48","guid":{"rendered":"https:\/\/transitions.bzh\/ecodopro\/?page_id=438"},"modified":"2025-11-05T17:05:48","modified_gmt":"2025-11-05T16:05:48","slug":"industrie-agro-hors-icpe-usage-au-sein-dun-process-de-transformation-agroalimentaire","status":"publish","type":"page","link":"https:\/\/transitions.bzh\/ecodopro\/industrie-agro-hors-icpe-usage-au-sein-dun-process-de-transformation-agroalimentaire\/","title":{"rendered":"Industrie agro (hors ICPE) \u2013 Usage au sein d\u2019un process de transformation agroalimentaire"},"content":{"rendered":"\n<p>D\u00e9couvrez en bref la r\u00e9glementation sp\u00e9cifique li\u00e9 \u00e0 chaque type d&rsquo;eau, \u00e0 savoir :<\/p>\n\n\n\n<details class=\"wp-block-details\"><summary><mark style=\"background-color:#111111;color:#FFFFFF\" class=\"has-inline-color is-layout-flow wp-block-details-is-layout-flow\"><strong>Eau de pluie <\/strong><\/mark><\/summary>\n<div class=\"wp-block-media-text is-stacked-on-mobile\" style=\"grid-template-columns:15% auto\"><figure class=\"wp-block-media-text__media\"><img loading=\"lazy\" decoding=\"async\" width=\"400\" height=\"400\" src=\"https:\/\/transitions.bzh\/ecodopro\/wp-content\/uploads\/Ecodopro-icono-type-Eaux-de-pluie-1.png\" alt=\"\" class=\"wp-image-412 size-full\" srcset=\"https:\/\/transitions.bzh\/ecodopro\/wp-content\/uploads\/Ecodopro-icono-type-Eaux-de-pluie-1.png 400w, https:\/\/transitions.bzh\/ecodopro\/wp-content\/uploads\/Ecodopro-icono-type-Eaux-de-pluie-1-300x300.png 300w, https:\/\/transitions.bzh\/ecodopro\/wp-content\/uploads\/Ecodopro-icono-type-Eaux-de-pluie-1-150x150.png 150w\" sizes=\"auto, (max-width: 400px) 100vw, 400px\" \/><\/figure><div class=\"wp-block-media-text__content\">\n<p><strong>Interdiction stricte<\/strong> d\u2019utiliser l&rsquo;eau de pluie pour la fabrication, le lavage des \u00e9quipements ou toute op\u00e9ration pouvant entrer en contact avec les aliments.<\/p>\n<\/div><\/div>\n<\/details>\n\n\n\n<hr class=\"wp-block-separator has-alpha-channel-opacity\"\/>\n\n\n\n<details class=\"wp-block-details\"><summary><mark style=\"background-color:#111111;color:#FFFFFF\" class=\"has-inline-color is-layout-flow wp-block-details-is-layout-flow\"> <strong>Eau recycl\u00e9e issue des mati\u00e8res premi\u00e8res alimentaires<\/strong> et eau de processus recycl\u00e9e <\/mark><\/summary>\n<div class=\"wp-block-group is-vertical is-layout-flex wp-container-core-group-is-layout-fe9cc265 wp-block-group-is-layout-flex\">\n<div class=\"wp-block-media-text is-stacked-on-mobile\" style=\"grid-template-columns:15% auto\"><figure class=\"wp-block-media-text__media\"><img loading=\"lazy\" decoding=\"async\" width=\"400\" height=\"400\" src=\"https:\/\/transitions.bzh\/ecodopro\/wp-content\/uploads\/Ecodopro-icono-type-eaux-grises-piscine-2.png\" alt=\"\" class=\"wp-image-415 size-full\" srcset=\"https:\/\/transitions.bzh\/ecodopro\/wp-content\/uploads\/Ecodopro-icono-type-eaux-grises-piscine-2.png 400w, https:\/\/transitions.bzh\/ecodopro\/wp-content\/uploads\/Ecodopro-icono-type-eaux-grises-piscine-2-300x300.png 300w, https:\/\/transitions.bzh\/ecodopro\/wp-content\/uploads\/Ecodopro-icono-type-eaux-grises-piscine-2-150x150.png 150w\" sizes=\"auto, (max-width: 400px) 100vw, 400px\" \/><\/figure><div class=\"wp-block-media-text__content\">\n<p>Une <strong>eau recycl\u00e9e des mati\u00e8res premi\u00e8res alimentaires<\/strong> est une eau r\u00e9cup\u00e9r\u00e9e lors des proc\u00e9d\u00e9s de transformation de produits alimentaires (ex. : cuisson, lavage, concentration, fermentation, condensation de vapeur, etc.) et <strong>trait\u00e9e pour \u00eatre r\u00e9utilis\u00e9e<\/strong> dans l\u2019usine.<\/p>\n\n\n\n<p><strong>L&rsquo;eau de processus recycl\u00e9e<\/strong> est une eau ajout\u00e9e et utilis\u00e9e lors du process industriel (lavage, rin\u00e7age, pasteurisation, refroidissement, etc.).<\/p>\n\n\n\n<p><strong>L&rsquo;utilisation d&rsquo;eaux recycl\u00e9es issues des mati\u00e8res premi\u00e8res et d&rsquo;eaux de processus recycl\u00e9es est autoris\u00e9e par la r\u00e9glementation sous certaines conditions :<\/strong><\/p>\n<\/div><\/div>\n\n\n\n<div class=\"wp-block-media-text has-media-on-the-right is-stacked-on-mobile has-base-color has-custom-bleu-background-color has-text-color has-background has-link-color wp-elements-fa707af68df51bbdde004d39d55006af\" style=\"grid-template-columns:auto 15%\"><div class=\"wp-block-media-text__content\">\n<p>1- D\u00e9claration et mise \u00e0 jour du Plan de Ma\u00eetrise Sanitaire avec les \u00e9l\u00e9ments d\u00e9crits dans <a href=\"https:\/\/www.legifrance.gouv.fr\/codes\/article_lc\/LEGIARTI000049915936\">l&rsquo;article R 1322-84 du Code de la Sant\u00e9 Publique.<\/a><\/p>\n\n\n\n<p>2- Envoi \u00e0 la Direction D\u00e9partementale de la Protection des Populations des \u00e9l\u00e9ments du Plan de Ma\u00eetrise Sanitaire relatifs au pr\u00e9requis eau.<\/p>\n<\/div><figure class=\"wp-block-media-text__media\"><img loading=\"lazy\" decoding=\"async\" width=\"400\" height=\"400\" src=\"https:\/\/transitions.bzh\/ecodopro\/wp-content\/uploads\/ECODO-icono-attention.png\" alt=\"\" class=\"wp-image-298 size-full\" srcset=\"https:\/\/transitions.bzh\/ecodopro\/wp-content\/uploads\/ECODO-icono-attention.png 400w, https:\/\/transitions.bzh\/ecodopro\/wp-content\/uploads\/ECODO-icono-attention-300x300.png 300w, https:\/\/transitions.bzh\/ecodopro\/wp-content\/uploads\/ECODO-icono-attention-150x150.png 150w\" sizes=\"auto, (max-width: 400px) 100vw, 400px\" \/><\/figure><\/div>\n<\/div>\n<\/details>\n\n\n\n<details class=\"wp-block-details\"><summary><mark style=\"background-color:#111111;color:#FFFFFF\" class=\"has-inline-color is-layout-flow wp-block-details-is-layout-flow\"> <strong>Eau us\u00e9e trait\u00e9e recycl\u00e9e (REUT)<\/strong> <\/mark><\/summary>\n<div class=\"wp-block-group is-vertical is-layout-flex wp-container-core-group-is-layout-fe9cc265 wp-block-group-is-layout-flex\">\n<div class=\"wp-block-media-text is-stacked-on-mobile\" style=\"grid-template-columns:15% auto\"><figure class=\"wp-block-media-text__media\"><img loading=\"lazy\" decoding=\"async\" width=\"400\" height=\"400\" src=\"https:\/\/transitions.bzh\/ecodopro\/wp-content\/uploads\/Ecodopro-icono-type-Eaux-REUT.png\" alt=\"\" class=\"wp-image-362 size-full\" srcset=\"https:\/\/transitions.bzh\/ecodopro\/wp-content\/uploads\/Ecodopro-icono-type-Eaux-REUT.png 400w, https:\/\/transitions.bzh\/ecodopro\/wp-content\/uploads\/Ecodopro-icono-type-Eaux-REUT-300x300.png 300w, https:\/\/transitions.bzh\/ecodopro\/wp-content\/uploads\/Ecodopro-icono-type-Eaux-REUT-150x150.png 150w\" sizes=\"auto, (max-width: 400px) 100vw, 400px\" \/><\/figure><div class=\"wp-block-media-text__content\">\n<p>Les eaux us\u00e9es trait\u00e9es d\u00e9signent les eaux directement sorties de station d&rsquo;\u00e9puration des eaux us\u00e9es (STEP).<\/p>\n\n\n\n<p><strong>L\u2019usage des eaux us\u00e9es trait\u00e9es (REUT) est autoris\u00e9 sous certaines conditions.<\/strong><\/p>\n<\/div><\/div>\n\n\n\n<div class=\"wp-block-media-text has-media-on-the-right is-stacked-on-mobile has-custom-bleu-background-color has-background\" style=\"grid-template-columns:auto 15%\"><div class=\"wp-block-media-text__content\">\n<p class=\"has-base-color has-text-color has-link-color wp-elements-c3625843befd2838c1f9d10e7340bbe7\">Si vous souhaitez utiliser des eaux us\u00e9es trait\u00e9es dans le cadre de votre activit\u00e9, il est n\u00e9cessaire d\u2019effectuer une demande d\u2019autorisation aupr\u00e8s de la pr\u00e9fecture. Pour en savoir plus, contactez&nbsp;<a href=\"https:\/\/www.bretagne.developpement-durable.gouv.fr\/\" target=\"_blank\" rel=\"noreferrer noopener\">la DREAL dans votre d\u00e9partement<\/a>.<\/p>\n<\/div><figure class=\"wp-block-media-text__media\"><img loading=\"lazy\" decoding=\"async\" width=\"400\" height=\"400\" src=\"https:\/\/transitions.bzh\/ecodopro\/wp-content\/uploads\/ECODO-icono-attention.png\" alt=\"\" class=\"wp-image-298 size-full\" srcset=\"https:\/\/transitions.bzh\/ecodopro\/wp-content\/uploads\/ECODO-icono-attention.png 400w, https:\/\/transitions.bzh\/ecodopro\/wp-content\/uploads\/ECODO-icono-attention-300x300.png 300w, https:\/\/transitions.bzh\/ecodopro\/wp-content\/uploads\/ECODO-icono-attention-150x150.png 150w\" sizes=\"auto, (max-width: 400px) 100vw, 400px\" \/><\/figure><\/div>\n\n\n\n<div class=\"wp-block-media-text has-media-on-the-right is-stacked-on-mobile has-custom-bleu-background-color has-background\" style=\"grid-template-columns:auto 15%\"><div class=\"wp-block-media-text__content\">\n<p class=\"has-base-color has-text-color has-link-color wp-elements-aac7e84c2f41413993f59dc7d2603605\">En cas d\u2019utilisation d\u2019eaux us\u00e9es, pensez \u00e0 \u00e9tudier l&rsquo;impact de votre activit\u00e9 sur le milieu naturel. Diminution du rejet : quantitatif et qualitatif.<\/p>\n<\/div><figure class=\"wp-block-media-text__media\"><img loading=\"lazy\" decoding=\"async\" width=\"400\" height=\"400\" src=\"https:\/\/transitions.bzh\/ecodopro\/wp-content\/uploads\/ECODO-icono-attention.png\" alt=\"\" class=\"wp-image-298 size-full\" srcset=\"https:\/\/transitions.bzh\/ecodopro\/wp-content\/uploads\/ECODO-icono-attention.png 400w, https:\/\/transitions.bzh\/ecodopro\/wp-content\/uploads\/ECODO-icono-attention-300x300.png 300w, https:\/\/transitions.bzh\/ecodopro\/wp-content\/uploads\/ECODO-icono-attention-150x150.png 150w\" sizes=\"auto, (max-width: 400px) 100vw, 400px\" \/><\/figure><\/div>\n<\/div>\n<\/details>\n\n\n\n<div class=\"wp-block-media-text is-stacked-on-mobile has-base-color has-custom-noir-background-color has-text-color has-background has-link-color wp-elements-84cebdd70d5ea74035070d9a12ade2b9\" style=\"grid-template-columns:20% auto\"><figure class=\"wp-block-media-text__media\"><img loading=\"lazy\" decoding=\"async\" width=\"1024\" height=\"754\" src=\"https:\/\/transitions.bzh\/ecodopro\/wp-content\/uploads\/ECODOPRO-icono-point-legisltaif-1024x754.png\" alt=\"\" class=\"wp-image-89 size-full\" srcset=\"https:\/\/transitions.bzh\/ecodopro\/wp-content\/uploads\/ECODOPRO-icono-point-legisltaif-1024x754.png 1024w, https:\/\/transitions.bzh\/ecodopro\/wp-content\/uploads\/ECODOPRO-icono-point-legisltaif-300x221.png 300w, https:\/\/transitions.bzh\/ecodopro\/wp-content\/uploads\/ECODOPRO-icono-point-legisltaif-768x566.png 768w, https:\/\/transitions.bzh\/ecodopro\/wp-content\/uploads\/ECODOPRO-icono-point-legisltaif.png 1078w\" sizes=\"auto, (max-width: 1024px) 100vw, 1024px\" \/><\/figure><div class=\"wp-block-media-text__content\">\n<p>\u25ba <a href=\"https:\/\/www.legifrance.gouv.fr\/jorf\/id\/JORFTEXT000049010414\">D\u00e9cret initial 2024-33 du 24\/01\/2024 <\/a><br><br>\u25ba <a href=\"https:\/\/www.legifrance.gouv.fr\/jorf\/id\/JORFTEXT000049908702\">D\u00e9cret rectificatif 2024-769 du 08\/07\/2024 <\/a><br><br>\u25ba <a href=\"https:\/\/www.legifrance.gouv.fr\/jorf\/id\/JORFTEXT000049908820\">Arr\u00eat\u00e9 d\u2019application du 08\/07\/2024 <\/a><br><br>\u25ba <a href=\"https:\/\/info.agriculture.gouv.fr\/boagri\/instruction-2025-173\">Instruction technique du 18\/03\/2025 <\/a><\/p>\n\n\n\n<p>Ces textes viennent modifier les articles R 1322-76 \u00e0 R 1322-86 du Code de la Sant\u00e9 Publique.<\/p>\n<\/div><\/div>\n","protected":false},"excerpt":{"rendered":"<p>D\u00e9couvrez en bref la r\u00e9glementation sp\u00e9cifique li\u00e9 \u00e0 chaque type d&rsquo;eau, \u00e0 savoir : \u25ba D\u00e9cret initial 2024-33 du 24\/01\/2024 \u25ba D\u00e9cret rectificatif 2024-769 du 08\/07\/2024 \u25ba Arr\u00eat\u00e9 d\u2019application du 08\/07\/2024 \u25ba Instruction technique du 18\/03\/2025 Ces textes viennent modifier les articles R 1322-76 \u00e0 R 1322-86 du Code de la Sant\u00e9 Publique.<\/p>\n","protected":false},"author":2,"featured_media":0,"parent":0,"menu_order":0,"comment_status":"closed","ping_status":"closed","template":"","meta":{"footnotes":""},"class_list":["post-438","page","type-page","status-publish","hentry"],"yoast_head":"<!-- This site is optimized with the Yoast SEO plugin v25.8 - https:\/\/yoast.com\/wordpress\/plugins\/seo\/ -->\n<title>Industrie agro (hors ICPE) \u2013 Usage au sein d\u2019un process de transformation agroalimentaire -<\/title>\n<meta name=\"robots\" content=\"index, follow, max-snippet:-1, max-image-preview:large, max-video-preview:-1\" \/>\n<link rel=\"canonical\" href=\"https:\/\/transitions.bzh\/ecodopro\/industrie-agro-hors-icpe-usage-au-sein-dun-process-de-transformation-agroalimentaire\/\" \/>\n<meta property=\"og:locale\" content=\"fr_FR\" \/>\n<meta property=\"og:type\" content=\"article\" \/>\n<meta property=\"og:title\" content=\"Industrie agro (hors ICPE) \u2013 Usage au sein d\u2019un process de transformation agroalimentaire -\" \/>\n<meta property=\"og:description\" content=\"D\u00e9couvrez en bref la r\u00e9glementation sp\u00e9cifique li\u00e9 \u00e0 chaque type d&rsquo;eau, \u00e0 savoir : \u25ba D\u00e9cret initial 2024-33 du 24\/01\/2024 \u25ba D\u00e9cret rectificatif 2024-769 du 08\/07\/2024 \u25ba Arr\u00eat\u00e9 d\u2019application du 08\/07\/2024 \u25ba Instruction technique du 18\/03\/2025 Ces textes viennent modifier les articles R 1322-76 \u00e0 R 1322-86 du Code de la Sant\u00e9 Publique.\" \/>\n<meta property=\"og:url\" content=\"https:\/\/transitions.bzh\/ecodopro\/industrie-agro-hors-icpe-usage-au-sein-dun-process-de-transformation-agroalimentaire\/\" \/>\n<meta property=\"og:image\" content=\"https:\/\/transitions.bzh\/ecodopro\/wp-content\/uploads\/Ecodopro-icono-type-Eaux-de-pluie-1.png\" \/>\n\t<meta property=\"og:image:width\" content=\"400\" \/>\n\t<meta property=\"og:image:height\" content=\"400\" \/>\n\t<meta property=\"og:image:type\" content=\"image\/png\" \/>\n<meta name=\"twitter:card\" content=\"summary_large_image\" \/>\n<meta name=\"twitter:label1\" content=\"Dur\u00e9e de lecture estim\u00e9e\" \/>\n\t<meta name=\"twitter:data1\" content=\"3 minutes\" \/>\n<script type=\"application\/ld+json\" class=\"yoast-schema-graph\">{\"@context\":\"https:\/\/schema.org\",\"@graph\":[{\"@type\":\"WebPage\",\"@id\":\"https:\/\/transitions.bzh\/ecodopro\/industrie-agro-hors-icpe-usage-au-sein-dun-process-de-transformation-agroalimentaire\/\",\"url\":\"https:\/\/transitions.bzh\/ecodopro\/industrie-agro-hors-icpe-usage-au-sein-dun-process-de-transformation-agroalimentaire\/\",\"name\":\"Industrie agro (hors ICPE) \u2013 Usage au sein d\u2019un process de transformation agroalimentaire -\",\"isPartOf\":{\"@id\":\"https:\/\/transitions.bzh\/ecodopro\/#website\"},\"primaryImageOfPage\":{\"@id\":\"https:\/\/transitions.bzh\/ecodopro\/industrie-agro-hors-icpe-usage-au-sein-dun-process-de-transformation-agroalimentaire\/#primaryimage\"},\"image\":{\"@id\":\"https:\/\/transitions.bzh\/ecodopro\/industrie-agro-hors-icpe-usage-au-sein-dun-process-de-transformation-agroalimentaire\/#primaryimage\"},\"thumbnailUrl\":\"https:\/\/transitions.bzh\/ecodopro\/wp-content\/uploads\/Ecodopro-icono-type-Eaux-de-pluie-1.png\",\"datePublished\":\"2025-11-05T16:05:48+00:00\",\"breadcrumb\":{\"@id\":\"https:\/\/transitions.bzh\/ecodopro\/industrie-agro-hors-icpe-usage-au-sein-dun-process-de-transformation-agroalimentaire\/#breadcrumb\"},\"inLanguage\":\"fr-FR\",\"potentialAction\":[{\"@type\":\"ReadAction\",\"target\":[\"https:\/\/transitions.bzh\/ecodopro\/industrie-agro-hors-icpe-usage-au-sein-dun-process-de-transformation-agroalimentaire\/\"]}]},{\"@type\":\"ImageObject\",\"inLanguage\":\"fr-FR\",\"@id\":\"https:\/\/transitions.bzh\/ecodopro\/industrie-agro-hors-icpe-usage-au-sein-dun-process-de-transformation-agroalimentaire\/#primaryimage\",\"url\":\"https:\/\/transitions.bzh\/ecodopro\/wp-content\/uploads\/Ecodopro-icono-type-Eaux-de-pluie-1.png\",\"contentUrl\":\"https:\/\/transitions.bzh\/ecodopro\/wp-content\/uploads\/Ecodopro-icono-type-Eaux-de-pluie-1.png\",\"width\":400,\"height\":400},{\"@type\":\"BreadcrumbList\",\"@id\":\"https:\/\/transitions.bzh\/ecodopro\/industrie-agro-hors-icpe-usage-au-sein-dun-process-de-transformation-agroalimentaire\/#breadcrumb\",\"itemListElement\":[{\"@type\":\"ListItem\",\"position\":1,\"name\":\"Accueil\",\"item\":\"https:\/\/transitions.bzh\/ecodopro\/\"},{\"@type\":\"ListItem\",\"position\":2,\"name\":\"Industrie agro (hors ICPE) \u2013 Usage au sein d\u2019un process de transformation agroalimentaire\"}]},{\"@type\":\"WebSite\",\"@id\":\"https:\/\/transitions.bzh\/ecodopro\/#website\",\"url\":\"https:\/\/transitions.bzh\/ecodopro\/\",\"name\":\"\",\"description\":\"\",\"potentialAction\":[{\"@type\":\"SearchAction\",\"target\":{\"@type\":\"EntryPoint\",\"urlTemplate\":\"https:\/\/transitions.bzh\/ecodopro\/?s={search_term_string}\"},\"query-input\":{\"@type\":\"PropertyValueSpecification\",\"valueRequired\":true,\"valueName\":\"search_term_string\"}}],\"inLanguage\":\"fr-FR\"}]}<\/script>\n<!-- \/ Yoast SEO plugin. -->","yoast_head_json":{"title":"Industrie agro (hors ICPE) \u2013 Usage au sein d\u2019un process de transformation agroalimentaire -","robots":{"index":"index","follow":"follow","max-snippet":"max-snippet:-1","max-image-preview":"max-image-preview:large","max-video-preview":"max-video-preview:-1"},"canonical":"https:\/\/transitions.bzh\/ecodopro\/industrie-agro-hors-icpe-usage-au-sein-dun-process-de-transformation-agroalimentaire\/","og_locale":"fr_FR","og_type":"article","og_title":"Industrie agro (hors ICPE) \u2013 Usage au sein d\u2019un process de transformation agroalimentaire -","og_description":"D\u00e9couvrez en bref la r\u00e9glementation sp\u00e9cifique li\u00e9 \u00e0 chaque type d&rsquo;eau, \u00e0 savoir : \u25ba D\u00e9cret initial 2024-33 du 24\/01\/2024 \u25ba D\u00e9cret rectificatif 2024-769 du 08\/07\/2024 \u25ba Arr\u00eat\u00e9 d\u2019application du 08\/07\/2024 \u25ba Instruction technique du 18\/03\/2025 Ces textes viennent modifier les articles R 1322-76 \u00e0 R 1322-86 du Code de la Sant\u00e9 Publique.","og_url":"https:\/\/transitions.bzh\/ecodopro\/industrie-agro-hors-icpe-usage-au-sein-dun-process-de-transformation-agroalimentaire\/","og_image":[{"width":400,"height":400,"url":"https:\/\/transitions.bzh\/ecodopro\/wp-content\/uploads\/Ecodopro-icono-type-Eaux-de-pluie-1.png","type":"image\/png"}],"twitter_card":"summary_large_image","twitter_misc":{"Dur\u00e9e de lecture estim\u00e9e":"3 minutes"},"schema":{"@context":"https:\/\/schema.org","@graph":[{"@type":"WebPage","@id":"https:\/\/transitions.bzh\/ecodopro\/industrie-agro-hors-icpe-usage-au-sein-dun-process-de-transformation-agroalimentaire\/","url":"https:\/\/transitions.bzh\/ecodopro\/industrie-agro-hors-icpe-usage-au-sein-dun-process-de-transformation-agroalimentaire\/","name":"Industrie agro (hors ICPE) \u2013 Usage au sein d\u2019un process de transformation agroalimentaire -","isPartOf":{"@id":"https:\/\/transitions.bzh\/ecodopro\/#website"},"primaryImageOfPage":{"@id":"https:\/\/transitions.bzh\/ecodopro\/industrie-agro-hors-icpe-usage-au-sein-dun-process-de-transformation-agroalimentaire\/#primaryimage"},"image":{"@id":"https:\/\/transitions.bzh\/ecodopro\/industrie-agro-hors-icpe-usage-au-sein-dun-process-de-transformation-agroalimentaire\/#primaryimage"},"thumbnailUrl":"https:\/\/transitions.bzh\/ecodopro\/wp-content\/uploads\/Ecodopro-icono-type-Eaux-de-pluie-1.png","datePublished":"2025-11-05T16:05:48+00:00","breadcrumb":{"@id":"https:\/\/transitions.bzh\/ecodopro\/industrie-agro-hors-icpe-usage-au-sein-dun-process-de-transformation-agroalimentaire\/#breadcrumb"},"inLanguage":"fr-FR","potentialAction":[{"@type":"ReadAction","target":["https:\/\/transitions.bzh\/ecodopro\/industrie-agro-hors-icpe-usage-au-sein-dun-process-de-transformation-agroalimentaire\/"]}]},{"@type":"ImageObject","inLanguage":"fr-FR","@id":"https:\/\/transitions.bzh\/ecodopro\/industrie-agro-hors-icpe-usage-au-sein-dun-process-de-transformation-agroalimentaire\/#primaryimage","url":"https:\/\/transitions.bzh\/ecodopro\/wp-content\/uploads\/Ecodopro-icono-type-Eaux-de-pluie-1.png","contentUrl":"https:\/\/transitions.bzh\/ecodopro\/wp-content\/uploads\/Ecodopro-icono-type-Eaux-de-pluie-1.png","width":400,"height":400},{"@type":"BreadcrumbList","@id":"https:\/\/transitions.bzh\/ecodopro\/industrie-agro-hors-icpe-usage-au-sein-dun-process-de-transformation-agroalimentaire\/#breadcrumb","itemListElement":[{"@type":"ListItem","position":1,"name":"Accueil","item":"https:\/\/transitions.bzh\/ecodopro\/"},{"@type":"ListItem","position":2,"name":"Industrie agro (hors ICPE) \u2013 Usage au sein d\u2019un process de transformation agroalimentaire"}]},{"@type":"WebSite","@id":"https:\/\/transitions.bzh\/ecodopro\/#website","url":"https:\/\/transitions.bzh\/ecodopro\/","name":"","description":"","potentialAction":[{"@type":"SearchAction","target":{"@type":"EntryPoint","urlTemplate":"https:\/\/transitions.bzh\/ecodopro\/?s={search_term_string}"},"query-input":{"@type":"PropertyValueSpecification","valueRequired":true,"valueName":"search_term_string"}}],"inLanguage":"fr-FR"}]}},"_links":{"self":[{"href":"https:\/\/transitions.bzh\/ecodopro\/wp-json\/wp\/v2\/pages\/438","targetHints":{"allow":["GET"]}}],"collection":[{"href":"https:\/\/transitions.bzh\/ecodopro\/wp-json\/wp\/v2\/pages"}],"about":[{"href":"https:\/\/transitions.bzh\/ecodopro\/wp-json\/wp\/v2\/types\/page"}],"author":[{"embeddable":true,"href":"https:\/\/transitions.bzh\/ecodopro\/wp-json\/wp\/v2\/users\/2"}],"replies":[{"embeddable":true,"href":"https:\/\/transitions.bzh\/ecodopro\/wp-json\/wp\/v2\/comments?post=438"}],"version-history":[{"count":1,"href":"https:\/\/transitions.bzh\/ecodopro\/wp-json\/wp\/v2\/pages\/438\/revisions"}],"predecessor-version":[{"id":439,"href":"https:\/\/transitions.bzh\/ecodopro\/wp-json\/wp\/v2\/pages\/438\/revisions\/439"}],"wp:attachment":[{"href":"https:\/\/transitions.bzh\/ecodopro\/wp-json\/wp\/v2\/media?parent=438"}],"curies":[{"name":"wp","href":"https:\/\/api.w.org\/{rel}","templated":true}]}}