{"id":427,"date":"2025-11-05T16:15:11","date_gmt":"2025-11-05T15:15:11","guid":{"rendered":"https:\/\/transitions.bzh\/ecodopro\/?page_id=427"},"modified":"2025-11-13T15:07:14","modified_gmt":"2025-11-13T14:07:14","slug":"industrie-agro-site-icpe-autres-usages","status":"publish","type":"page","link":"https:\/\/transitions.bzh\/ecodopro\/industrie-agro-site-icpe-autres-usages\/","title":{"rendered":"Industrie agro (site ICPE) \u2013 Autres Usages"},"content":{"rendered":"\n<figure class=\"wp-block-image size-full\"><img loading=\"lazy\" decoding=\"async\" width=\"2560\" height=\"504\" src=\"https:\/\/transitions.bzh\/ecodopro\/wp-content\/uploads\/Design-sans-titre-26-scaled.png\" alt=\"\" class=\"wp-image-432\" srcset=\"https:\/\/transitions.bzh\/ecodopro\/wp-content\/uploads\/Design-sans-titre-26-scaled.png 2560w, https:\/\/transitions.bzh\/ecodopro\/wp-content\/uploads\/Design-sans-titre-26-300x59.png 300w, https:\/\/transitions.bzh\/ecodopro\/wp-content\/uploads\/Design-sans-titre-26-1024x202.png 1024w, https:\/\/transitions.bzh\/ecodopro\/wp-content\/uploads\/Design-sans-titre-26-768x151.png 768w, https:\/\/transitions.bzh\/ecodopro\/wp-content\/uploads\/Design-sans-titre-26-1536x303.png 1536w, https:\/\/transitions.bzh\/ecodopro\/wp-content\/uploads\/Design-sans-titre-26-2048x403.png 2048w\" sizes=\"auto, (max-width: 2560px) 100vw, 2560px\" \/><\/figure>\n\n\n\n<p>Chacun de ces usages est autoris\u00e9 \u00e0 condition de <strong>transmettre un dossier au pr\u00e9fet<\/strong> avant mise en service. <\/p>\n\n\n\n<p>Le contenu minimal du dossier d&rsquo;utilisation d&rsquo;<strong>Eaux Impropres \u00e0 la Consommation Humaine<\/strong> : origine des eaux, caract\u00e9ristiques, crit\u00e8res vis\u00e9s, volumes, traitements, <strong>\u00e9valuation des risques<\/strong> et mesures de ma\u00eetrise, <strong>modalit\u00e9s de surveillance\/exploitation<\/strong>.<\/p>\n\n\n\n<div class=\"wp-block-media-text has-media-on-the-right is-stacked-on-mobile has-custom-bleu-background-color has-background\" style=\"grid-template-columns:auto 15%\"><div class=\"wp-block-media-text__content\">\n<p class=\"has-base-color has-text-color has-link-color wp-elements-64f1f16528e0d89e354fd67520d5f8d1\"> Les conditions sont ensuite <strong>int\u00e9gr\u00e9es dans l\u2019arr\u00eat\u00e9 pr\u00e9fectoral ICPE<\/strong>. <\/p>\n\n\n\n<p class=\"has-base-color has-text-color has-link-color wp-elements-5eb5b4434d60c2e83b18184f1de7f81e\">Toutes modifications envisag\u00e9es doivent faire l&rsquo;objet d&rsquo;un port\u00e9 \u00e0 connaissance du Pr\u00e9fet.<\/p>\n<\/div><figure class=\"wp-block-media-text__media\"><img loading=\"lazy\" decoding=\"async\" width=\"400\" height=\"400\" src=\"https:\/\/transitions.bzh\/ecodopro\/wp-content\/uploads\/ECODO-icono-attention.png\" alt=\"\" class=\"wp-image-298 size-full\" srcset=\"https:\/\/transitions.bzh\/ecodopro\/wp-content\/uploads\/ECODO-icono-attention.png 400w, https:\/\/transitions.bzh\/ecodopro\/wp-content\/uploads\/ECODO-icono-attention-300x300.png 300w, https:\/\/transitions.bzh\/ecodopro\/wp-content\/uploads\/ECODO-icono-attention-150x150.png 150w\" sizes=\"auto, (max-width: 400px) 100vw, 400px\" \/><\/figure><\/div>\n\n\n\n<div class=\"wp-block-media-text is-stacked-on-mobile has-base-color has-custom-noir-background-color has-text-color has-background has-link-color wp-elements-5905c530bb72139a5034578e9e80ccb8\" style=\"grid-template-columns:20% auto\"><figure class=\"wp-block-media-text__media\"><img loading=\"lazy\" decoding=\"async\" width=\"1024\" height=\"754\" src=\"https:\/\/transitions.bzh\/ecodopro\/wp-content\/uploads\/ECODOPRO-icono-point-legisltaif-1024x754.png\" alt=\"\" class=\"wp-image-89 size-full\" srcset=\"https:\/\/transitions.bzh\/ecodopro\/wp-content\/uploads\/ECODOPRO-icono-point-legisltaif-1024x754.png 1024w, https:\/\/transitions.bzh\/ecodopro\/wp-content\/uploads\/ECODOPRO-icono-point-legisltaif-300x221.png 300w, https:\/\/transitions.bzh\/ecodopro\/wp-content\/uploads\/ECODOPRO-icono-point-legisltaif-768x566.png 768w, https:\/\/transitions.bzh\/ecodopro\/wp-content\/uploads\/ECODOPRO-icono-point-legisltaif.png 1078w\" sizes=\"auto, (max-width: 1024px) 100vw, 1024px\" \/><\/figure><div class=\"wp-block-media-text__content\">\n<p><strong>R\u00e9glementation ICPE d\u00e9j\u00e0 applicable sans \u00e9volution r\u00e9glementaire sp\u00e9cifique pr\u00e9vue.<\/strong><br>\u25ba L\u2019entreprise reste garante de l\u2019absence d\u2019impact sur la conformit\u00e9 des denr\u00e9es alimentaires, la sant\u00e9 des collaborateurs ou l\u2019environnement.<\/p>\n\n\n\n<p><br>\u25ba Si des r\u00e9glementations sp\u00e9cifiques existent, elles doivent \u00eatre respect\u00e9es (R\u00e9glementation li\u00e9e aux Tours A\u00e9ror\u00e9frig\u00e9rantes par exemple).<\/p>\n\n\n\n<p><\/p>\n<\/div><\/div>\n","protected":false},"excerpt":{"rendered":"<p>Chacun de ces usages est autoris\u00e9 \u00e0 condition de transmettre un dossier au pr\u00e9fet avant mise en service. Le contenu minimal du dossier d&rsquo;utilisation d&rsquo;Eaux Impropres \u00e0 la Consommation Humaine : origine des eaux, caract\u00e9ristiques, crit\u00e8res vis\u00e9s, volumes, traitements, \u00e9valuation des risques et mesures de ma\u00eetrise, modalit\u00e9s de surveillance\/exploitation. Les conditions sont ensuite int\u00e9gr\u00e9es dans [&hellip;]<\/p>\n","protected":false},"author":2,"featured_media":0,"parent":0,"menu_order":0,"comment_status":"closed","ping_status":"closed","template":"","meta":{"footnotes":""},"class_list":["post-427","page","type-page","status-publish","hentry"],"yoast_head":"<!-- This site is optimized with the Yoast SEO plugin v25.8 - https:\/\/yoast.com\/wordpress\/plugins\/seo\/ -->\n<title>Industrie agro (site ICPE) \u2013 Autres Usages -<\/title>\n<meta name=\"robots\" content=\"index, follow, max-snippet:-1, max-image-preview:large, max-video-preview:-1\" \/>\n<link rel=\"canonical\" href=\"https:\/\/transitions.bzh\/ecodopro\/industrie-agro-site-icpe-autres-usages\/\" \/>\n<meta property=\"og:locale\" content=\"fr_FR\" \/>\n<meta property=\"og:type\" content=\"article\" \/>\n<meta property=\"og:title\" content=\"Industrie agro (site ICPE) \u2013 Autres Usages -\" \/>\n<meta property=\"og:description\" content=\"Chacun de ces usages est autoris\u00e9 \u00e0 condition de transmettre un dossier au pr\u00e9fet avant mise en service. Le contenu minimal du dossier d&rsquo;utilisation d&rsquo;Eaux Impropres \u00e0 la Consommation Humaine : origine des eaux, caract\u00e9ristiques, crit\u00e8res vis\u00e9s, volumes, traitements, \u00e9valuation des risques et mesures de ma\u00eetrise, modalit\u00e9s de surveillance\/exploitation. Les conditions sont ensuite int\u00e9gr\u00e9es dans [&hellip;]\" \/>\n<meta property=\"og:url\" content=\"https:\/\/transitions.bzh\/ecodopro\/industrie-agro-site-icpe-autres-usages\/\" \/>\n<meta property=\"article:modified_time\" content=\"2025-11-13T14:07:14+00:00\" \/>\n<meta property=\"og:image\" content=\"https:\/\/transitions.bzh\/ecodopro\/wp-content\/uploads\/Design-sans-titre-26-scaled.png\" \/>\n\t<meta property=\"og:image:width\" content=\"2560\" \/>\n\t<meta property=\"og:image:height\" content=\"504\" \/>\n\t<meta property=\"og:image:type\" content=\"image\/png\" \/>\n<meta name=\"twitter:card\" content=\"summary_large_image\" \/>\n<meta name=\"twitter:label1\" content=\"Dur\u00e9e de lecture estim\u00e9e\" \/>\n\t<meta name=\"twitter:data1\" content=\"2 minutes\" \/>\n<script type=\"application\/ld+json\" class=\"yoast-schema-graph\">{\"@context\":\"https:\/\/schema.org\",\"@graph\":[{\"@type\":\"WebPage\",\"@id\":\"https:\/\/transitions.bzh\/ecodopro\/industrie-agro-site-icpe-autres-usages\/\",\"url\":\"https:\/\/transitions.bzh\/ecodopro\/industrie-agro-site-icpe-autres-usages\/\",\"name\":\"Industrie agro (site ICPE) \u2013 Autres Usages -\",\"isPartOf\":{\"@id\":\"https:\/\/transitions.bzh\/ecodopro\/#website\"},\"primaryImageOfPage\":{\"@id\":\"https:\/\/transitions.bzh\/ecodopro\/industrie-agro-site-icpe-autres-usages\/#primaryimage\"},\"image\":{\"@id\":\"https:\/\/transitions.bzh\/ecodopro\/industrie-agro-site-icpe-autres-usages\/#primaryimage\"},\"thumbnailUrl\":\"https:\/\/transitions.bzh\/ecodopro\/wp-content\/uploads\/Design-sans-titre-26-scaled.png\",\"datePublished\":\"2025-11-05T15:15:11+00:00\",\"dateModified\":\"2025-11-13T14:07:14+00:00\",\"breadcrumb\":{\"@id\":\"https:\/\/transitions.bzh\/ecodopro\/industrie-agro-site-icpe-autres-usages\/#breadcrumb\"},\"inLanguage\":\"fr-FR\",\"potentialAction\":[{\"@type\":\"ReadAction\",\"target\":[\"https:\/\/transitions.bzh\/ecodopro\/industrie-agro-site-icpe-autres-usages\/\"]}]},{\"@type\":\"ImageObject\",\"inLanguage\":\"fr-FR\",\"@id\":\"https:\/\/transitions.bzh\/ecodopro\/industrie-agro-site-icpe-autres-usages\/#primaryimage\",\"url\":\"https:\/\/transitions.bzh\/ecodopro\/wp-content\/uploads\/Design-sans-titre-26-scaled.png\",\"contentUrl\":\"https:\/\/transitions.bzh\/ecodopro\/wp-content\/uploads\/Design-sans-titre-26-scaled.png\",\"width\":2560,\"height\":504},{\"@type\":\"BreadcrumbList\",\"@id\":\"https:\/\/transitions.bzh\/ecodopro\/industrie-agro-site-icpe-autres-usages\/#breadcrumb\",\"itemListElement\":[{\"@type\":\"ListItem\",\"position\":1,\"name\":\"Accueil\",\"item\":\"https:\/\/transitions.bzh\/ecodopro\/\"},{\"@type\":\"ListItem\",\"position\":2,\"name\":\"Industrie agro (site ICPE) \u2013 Autres Usages\"}]},{\"@type\":\"WebSite\",\"@id\":\"https:\/\/transitions.bzh\/ecodopro\/#website\",\"url\":\"https:\/\/transitions.bzh\/ecodopro\/\",\"name\":\"\",\"description\":\"\",\"potentialAction\":[{\"@type\":\"SearchAction\",\"target\":{\"@type\":\"EntryPoint\",\"urlTemplate\":\"https:\/\/transitions.bzh\/ecodopro\/?s={search_term_string}\"},\"query-input\":{\"@type\":\"PropertyValueSpecification\",\"valueRequired\":true,\"valueName\":\"search_term_string\"}}],\"inLanguage\":\"fr-FR\"}]}<\/script>\n<!-- \/ Yoast SEO plugin. -->","yoast_head_json":{"title":"Industrie agro (site ICPE) \u2013 Autres Usages -","robots":{"index":"index","follow":"follow","max-snippet":"max-snippet:-1","max-image-preview":"max-image-preview:large","max-video-preview":"max-video-preview:-1"},"canonical":"https:\/\/transitions.bzh\/ecodopro\/industrie-agro-site-icpe-autres-usages\/","og_locale":"fr_FR","og_type":"article","og_title":"Industrie agro (site ICPE) \u2013 Autres Usages -","og_description":"Chacun de ces usages est autoris\u00e9 \u00e0 condition de transmettre un dossier au pr\u00e9fet avant mise en service. Le contenu minimal du dossier d&rsquo;utilisation d&rsquo;Eaux Impropres \u00e0 la Consommation Humaine : origine des eaux, caract\u00e9ristiques, crit\u00e8res vis\u00e9s, volumes, traitements, \u00e9valuation des risques et mesures de ma\u00eetrise, modalit\u00e9s de surveillance\/exploitation. Les conditions sont ensuite int\u00e9gr\u00e9es dans [&hellip;]","og_url":"https:\/\/transitions.bzh\/ecodopro\/industrie-agro-site-icpe-autres-usages\/","article_modified_time":"2025-11-13T14:07:14+00:00","og_image":[{"width":2560,"height":504,"url":"https:\/\/transitions.bzh\/ecodopro\/wp-content\/uploads\/Design-sans-titre-26-scaled.png","type":"image\/png"}],"twitter_card":"summary_large_image","twitter_misc":{"Dur\u00e9e de lecture estim\u00e9e":"2 minutes"},"schema":{"@context":"https:\/\/schema.org","@graph":[{"@type":"WebPage","@id":"https:\/\/transitions.bzh\/ecodopro\/industrie-agro-site-icpe-autres-usages\/","url":"https:\/\/transitions.bzh\/ecodopro\/industrie-agro-site-icpe-autres-usages\/","name":"Industrie agro (site ICPE) \u2013 Autres Usages -","isPartOf":{"@id":"https:\/\/transitions.bzh\/ecodopro\/#website"},"primaryImageOfPage":{"@id":"https:\/\/transitions.bzh\/ecodopro\/industrie-agro-site-icpe-autres-usages\/#primaryimage"},"image":{"@id":"https:\/\/transitions.bzh\/ecodopro\/industrie-agro-site-icpe-autres-usages\/#primaryimage"},"thumbnailUrl":"https:\/\/transitions.bzh\/ecodopro\/wp-content\/uploads\/Design-sans-titre-26-scaled.png","datePublished":"2025-11-05T15:15:11+00:00","dateModified":"2025-11-13T14:07:14+00:00","breadcrumb":{"@id":"https:\/\/transitions.bzh\/ecodopro\/industrie-agro-site-icpe-autres-usages\/#breadcrumb"},"inLanguage":"fr-FR","potentialAction":[{"@type":"ReadAction","target":["https:\/\/transitions.bzh\/ecodopro\/industrie-agro-site-icpe-autres-usages\/"]}]},{"@type":"ImageObject","inLanguage":"fr-FR","@id":"https:\/\/transitions.bzh\/ecodopro\/industrie-agro-site-icpe-autres-usages\/#primaryimage","url":"https:\/\/transitions.bzh\/ecodopro\/wp-content\/uploads\/Design-sans-titre-26-scaled.png","contentUrl":"https:\/\/transitions.bzh\/ecodopro\/wp-content\/uploads\/Design-sans-titre-26-scaled.png","width":2560,"height":504},{"@type":"BreadcrumbList","@id":"https:\/\/transitions.bzh\/ecodopro\/industrie-agro-site-icpe-autres-usages\/#breadcrumb","itemListElement":[{"@type":"ListItem","position":1,"name":"Accueil","item":"https:\/\/transitions.bzh\/ecodopro\/"},{"@type":"ListItem","position":2,"name":"Industrie agro (site ICPE) \u2013 Autres Usages"}]},{"@type":"WebSite","@id":"https:\/\/transitions.bzh\/ecodopro\/#website","url":"https:\/\/transitions.bzh\/ecodopro\/","name":"","description":"","potentialAction":[{"@type":"SearchAction","target":{"@type":"EntryPoint","urlTemplate":"https:\/\/transitions.bzh\/ecodopro\/?s={search_term_string}"},"query-input":{"@type":"PropertyValueSpecification","valueRequired":true,"valueName":"search_term_string"}}],"inLanguage":"fr-FR"}]}},"_links":{"self":[{"href":"https:\/\/transitions.bzh\/ecodopro\/wp-json\/wp\/v2\/pages\/427","targetHints":{"allow":["GET"]}}],"collection":[{"href":"https:\/\/transitions.bzh\/ecodopro\/wp-json\/wp\/v2\/pages"}],"about":[{"href":"https:\/\/transitions.bzh\/ecodopro\/wp-json\/wp\/v2\/types\/page"}],"author":[{"embeddable":true,"href":"https:\/\/transitions.bzh\/ecodopro\/wp-json\/wp\/v2\/users\/2"}],"replies":[{"embeddable":true,"href":"https:\/\/transitions.bzh\/ecodopro\/wp-json\/wp\/v2\/comments?post=427"}],"version-history":[{"count":4,"href":"https:\/\/transitions.bzh\/ecodopro\/wp-json\/wp\/v2\/pages\/427\/revisions"}],"predecessor-version":[{"id":448,"href":"https:\/\/transitions.bzh\/ecodopro\/wp-json\/wp\/v2\/pages\/427\/revisions\/448"}],"wp:attachment":[{"href":"https:\/\/transitions.bzh\/ecodopro\/wp-json\/wp\/v2\/media?parent=427"}],"curies":[{"name":"wp","href":"https:\/\/api.w.org\/{rel}","templated":true}]}}