{"id":421,"date":"2025-11-05T16:11:23","date_gmt":"2025-11-05T15:11:23","guid":{"rendered":"https:\/\/transitions.bzh\/ecodopro\/?page_id=421"},"modified":"2026-01-21T16:38:22","modified_gmt":"2026-01-21T15:38:22","slug":"industrie-agro-site-icpe-usages-domestiques","status":"publish","type":"page","link":"https:\/\/transitions.bzh\/ecodopro\/industrie-agro-site-icpe-usages-domestiques\/","title":{"rendered":"Industrie agro (site ICPE) \u2013 Usages domestiques"},"content":{"rendered":"\n<p>Aussi bien pour l&rsquo;<strong>eau de pluie<\/strong>, que pour l&rsquo;<strong>Eau Us\u00e9e Trait\u00e9e Recycl\u00e9e (REUT)<\/strong>, c&rsquo;est-\u00e0-dire les eaux directement sorties de station d&rsquo;\u00e9puration des eaux us\u00e9es (STEP), leur usage est autoris\u00e9 \u00e0 condition de <strong>transmettre un dossier au pr\u00e9fet<\/strong> avant mise en service.<\/p>\n\n\n\n<div class=\"wp-block-media-text has-media-on-the-right is-stacked-on-mobile has-custom-bleu-background-color has-background\" style=\"grid-template-columns:auto 15%\"><div class=\"wp-block-media-text__content\">\n<p class=\"has-base-color has-text-color has-link-color wp-elements-3fa329856cfaedbc634435a3f6697d3b\">Cr\u00e9ation d\u2019un dossier d\u2019utilisation d\u2019EICH (Eaux Impropres \u00e0 la Consommation Humaine)\u00a0: \u00a0origine des eaux, caract\u00e9ristiques, crit\u00e8res vis\u00e9s, volumes, traitements,\u00a0\u00e9valuation des risques\u00a0et mesures de ma\u00eetrise,\u00a0modalit\u00e9s de surveillance\/exploitation. Int\u00e9grer ce dossier \u00e0 votre arr\u00eat\u00e9 Pr\u00e9fectoral ICPE. Toutes modifications ult\u00e9rieures devront faire l\u2019objet d\u2019un porter \u00e0 connaissance au Pr\u00e9fet.\u00a0<\/p>\n<\/div><figure class=\"wp-block-media-text__media\"><img loading=\"lazy\" decoding=\"async\" width=\"400\" height=\"400\" src=\"https:\/\/transitions.bzh\/ecodopro\/wp-content\/uploads\/ECODO-icono-attention.png\" alt=\"\" class=\"wp-image-298 size-full\" srcset=\"https:\/\/transitions.bzh\/ecodopro\/wp-content\/uploads\/ECODO-icono-attention.png 400w, https:\/\/transitions.bzh\/ecodopro\/wp-content\/uploads\/ECODO-icono-attention-300x300.png 300w, https:\/\/transitions.bzh\/ecodopro\/wp-content\/uploads\/ECODO-icono-attention-150x150.png 150w\" sizes=\"auto, (max-width: 400px) 100vw, 400px\" \/><\/figure><\/div>\n\n\n\n<div class=\"wp-block-media-text is-stacked-on-mobile has-base-color has-custom-noir-background-color has-text-color has-background has-link-color wp-elements-7227bf7f05580aea6abbeb991bf1d42a\" style=\"grid-template-columns:20% auto\"><figure class=\"wp-block-media-text__media\"><img loading=\"lazy\" decoding=\"async\" width=\"1024\" height=\"754\" src=\"https:\/\/transitions.bzh\/ecodopro\/wp-content\/uploads\/ECODOPRO-icono-point-legisltaif-1024x754.png\" alt=\"\" class=\"wp-image-89 size-full\" srcset=\"https:\/\/transitions.bzh\/ecodopro\/wp-content\/uploads\/ECODOPRO-icono-point-legisltaif-1024x754.png 1024w, https:\/\/transitions.bzh\/ecodopro\/wp-content\/uploads\/ECODOPRO-icono-point-legisltaif-300x221.png 300w, https:\/\/transitions.bzh\/ecodopro\/wp-content\/uploads\/ECODOPRO-icono-point-legisltaif-768x566.png 768w, https:\/\/transitions.bzh\/ecodopro\/wp-content\/uploads\/ECODOPRO-icono-point-legisltaif.png 1078w\" sizes=\"auto, (max-width: 1024px) 100vw, 1024px\" \/><\/figure><div class=\"wp-block-media-text__content\">\n<p>\u25ba  <a href=\"https:\/\/www.legifrance.gouv.fr\/jorf\/id\/JORFTEXT000051329388\">D\u00e9cret n\u00b0 2025-239 du 14 mars 2025 relatif \u00e0 l&rsquo;utilisation d&rsquo;eaux impropres \u00e0 la consommation humaine pour des usages domestiques au sein des installations class\u00e9es pour la protection de l&rsquo;environnement et des installations nucl\u00e9aires de base et modifiant les dispositions relatives \u00e0 l&rsquo;utilisation des eaux us\u00e9es trait\u00e9es et des eaux de pluie pour des usages non domestiques.<\/a><br><br>\u25ba <a href=\"https:\/\/www.legifrance.gouv.fr\/jorf\/id\/JORFTEXT000051329413\">Arr\u00eat\u00e9 du 14 mars 2025 relatif \u00e0 l&rsquo;utilisation d&rsquo;eaux impropres \u00e0 la consommation humaine pour des usages domestiques au sein des installations class\u00e9es pour la protection de l&rsquo;environnement.<\/a><br><\/p>\n<\/div><\/div>\n","protected":false},"excerpt":{"rendered":"<p>Aussi bien pour l&rsquo;eau de pluie, que pour l&rsquo;Eau Us\u00e9e Trait\u00e9e Recycl\u00e9e (REUT), c&rsquo;est-\u00e0-dire les eaux directement sorties de station d&rsquo;\u00e9puration des eaux us\u00e9es (STEP), leur usage est autoris\u00e9 \u00e0 condition de transmettre un dossier au pr\u00e9fet avant mise en service. Cr\u00e9ation d\u2019un dossier d\u2019utilisation d\u2019EICH (Eaux Impropres \u00e0 la Consommation Humaine)\u00a0: \u00a0origine des eaux, [&hellip;]<\/p>\n","protected":false},"author":2,"featured_media":0,"parent":0,"menu_order":0,"comment_status":"closed","ping_status":"closed","template":"","meta":{"footnotes":""},"class_list":["post-421","page","type-page","status-publish","hentry"],"yoast_head":"<!-- This site is optimized with the Yoast SEO plugin v25.8 - https:\/\/yoast.com\/wordpress\/plugins\/seo\/ -->\n<title>Industrie agro (site ICPE) \u2013 Usages domestiques -<\/title>\n<meta name=\"robots\" content=\"index, follow, max-snippet:-1, max-image-preview:large, max-video-preview:-1\" \/>\n<link rel=\"canonical\" href=\"https:\/\/transitions.bzh\/ecodopro\/industrie-agro-site-icpe-usages-domestiques\/\" \/>\n<meta property=\"og:locale\" content=\"fr_FR\" \/>\n<meta property=\"og:type\" content=\"article\" \/>\n<meta property=\"og:title\" content=\"Industrie agro (site ICPE) \u2013 Usages domestiques -\" \/>\n<meta property=\"og:description\" content=\"Aussi bien pour l&rsquo;eau de pluie, que pour l&rsquo;Eau Us\u00e9e Trait\u00e9e Recycl\u00e9e (REUT), c&rsquo;est-\u00e0-dire les eaux directement sorties de station d&rsquo;\u00e9puration des eaux us\u00e9es (STEP), leur usage est autoris\u00e9 \u00e0 condition de transmettre un dossier au pr\u00e9fet avant mise en service. Cr\u00e9ation d\u2019un dossier d\u2019utilisation d\u2019EICH (Eaux Impropres \u00e0 la Consommation Humaine)\u00a0: \u00a0origine des eaux, [&hellip;]\" \/>\n<meta property=\"og:url\" content=\"https:\/\/transitions.bzh\/ecodopro\/industrie-agro-site-icpe-usages-domestiques\/\" \/>\n<meta property=\"article:modified_time\" content=\"2026-01-21T15:38:22+00:00\" \/>\n<meta property=\"og:image\" content=\"https:\/\/transitions.bzh\/ecodopro\/wp-content\/uploads\/ECODO-icono-attention.png\" \/>\n\t<meta property=\"og:image:width\" content=\"400\" \/>\n\t<meta property=\"og:image:height\" content=\"400\" \/>\n\t<meta property=\"og:image:type\" content=\"image\/png\" \/>\n<meta name=\"twitter:card\" content=\"summary_large_image\" \/>\n<meta name=\"twitter:label1\" content=\"Dur\u00e9e de lecture estim\u00e9e\" \/>\n\t<meta name=\"twitter:data1\" content=\"2 minutes\" \/>\n<script type=\"application\/ld+json\" class=\"yoast-schema-graph\">{\"@context\":\"https:\/\/schema.org\",\"@graph\":[{\"@type\":\"WebPage\",\"@id\":\"https:\/\/transitions.bzh\/ecodopro\/industrie-agro-site-icpe-usages-domestiques\/\",\"url\":\"https:\/\/transitions.bzh\/ecodopro\/industrie-agro-site-icpe-usages-domestiques\/\",\"name\":\"Industrie agro (site ICPE) \u2013 Usages domestiques -\",\"isPartOf\":{\"@id\":\"https:\/\/transitions.bzh\/ecodopro\/#website\"},\"primaryImageOfPage\":{\"@id\":\"https:\/\/transitions.bzh\/ecodopro\/industrie-agro-site-icpe-usages-domestiques\/#primaryimage\"},\"image\":{\"@id\":\"https:\/\/transitions.bzh\/ecodopro\/industrie-agro-site-icpe-usages-domestiques\/#primaryimage\"},\"thumbnailUrl\":\"https:\/\/transitions.bzh\/ecodopro\/wp-content\/uploads\/ECODO-icono-attention.png\",\"datePublished\":\"2025-11-05T15:11:23+00:00\",\"dateModified\":\"2026-01-21T15:38:22+00:00\",\"breadcrumb\":{\"@id\":\"https:\/\/transitions.bzh\/ecodopro\/industrie-agro-site-icpe-usages-domestiques\/#breadcrumb\"},\"inLanguage\":\"fr-FR\",\"potentialAction\":[{\"@type\":\"ReadAction\",\"target\":[\"https:\/\/transitions.bzh\/ecodopro\/industrie-agro-site-icpe-usages-domestiques\/\"]}]},{\"@type\":\"ImageObject\",\"inLanguage\":\"fr-FR\",\"@id\":\"https:\/\/transitions.bzh\/ecodopro\/industrie-agro-site-icpe-usages-domestiques\/#primaryimage\",\"url\":\"https:\/\/transitions.bzh\/ecodopro\/wp-content\/uploads\/ECODO-icono-attention.png\",\"contentUrl\":\"https:\/\/transitions.bzh\/ecodopro\/wp-content\/uploads\/ECODO-icono-attention.png\",\"width\":400,\"height\":400},{\"@type\":\"BreadcrumbList\",\"@id\":\"https:\/\/transitions.bzh\/ecodopro\/industrie-agro-site-icpe-usages-domestiques\/#breadcrumb\",\"itemListElement\":[{\"@type\":\"ListItem\",\"position\":1,\"name\":\"Accueil\",\"item\":\"https:\/\/transitions.bzh\/ecodopro\/\"},{\"@type\":\"ListItem\",\"position\":2,\"name\":\"Industrie agro (site ICPE) \u2013 Usages domestiques\"}]},{\"@type\":\"WebSite\",\"@id\":\"https:\/\/transitions.bzh\/ecodopro\/#website\",\"url\":\"https:\/\/transitions.bzh\/ecodopro\/\",\"name\":\"\",\"description\":\"\",\"potentialAction\":[{\"@type\":\"SearchAction\",\"target\":{\"@type\":\"EntryPoint\",\"urlTemplate\":\"https:\/\/transitions.bzh\/ecodopro\/?s={search_term_string}\"},\"query-input\":{\"@type\":\"PropertyValueSpecification\",\"valueRequired\":true,\"valueName\":\"search_term_string\"}}],\"inLanguage\":\"fr-FR\"}]}<\/script>\n<!-- \/ Yoast SEO plugin. -->","yoast_head_json":{"title":"Industrie agro (site ICPE) \u2013 Usages domestiques -","robots":{"index":"index","follow":"follow","max-snippet":"max-snippet:-1","max-image-preview":"max-image-preview:large","max-video-preview":"max-video-preview:-1"},"canonical":"https:\/\/transitions.bzh\/ecodopro\/industrie-agro-site-icpe-usages-domestiques\/","og_locale":"fr_FR","og_type":"article","og_title":"Industrie agro (site ICPE) \u2013 Usages domestiques -","og_description":"Aussi bien pour l&rsquo;eau de pluie, que pour l&rsquo;Eau Us\u00e9e Trait\u00e9e Recycl\u00e9e (REUT), c&rsquo;est-\u00e0-dire les eaux directement sorties de station d&rsquo;\u00e9puration des eaux us\u00e9es (STEP), leur usage est autoris\u00e9 \u00e0 condition de transmettre un dossier au pr\u00e9fet avant mise en service. Cr\u00e9ation d\u2019un dossier d\u2019utilisation d\u2019EICH (Eaux Impropres \u00e0 la Consommation Humaine)\u00a0: \u00a0origine des eaux, [&hellip;]","og_url":"https:\/\/transitions.bzh\/ecodopro\/industrie-agro-site-icpe-usages-domestiques\/","article_modified_time":"2026-01-21T15:38:22+00:00","og_image":[{"width":400,"height":400,"url":"https:\/\/transitions.bzh\/ecodopro\/wp-content\/uploads\/ECODO-icono-attention.png","type":"image\/png"}],"twitter_card":"summary_large_image","twitter_misc":{"Dur\u00e9e de lecture estim\u00e9e":"2 minutes"},"schema":{"@context":"https:\/\/schema.org","@graph":[{"@type":"WebPage","@id":"https:\/\/transitions.bzh\/ecodopro\/industrie-agro-site-icpe-usages-domestiques\/","url":"https:\/\/transitions.bzh\/ecodopro\/industrie-agro-site-icpe-usages-domestiques\/","name":"Industrie agro (site ICPE) \u2013 Usages domestiques -","isPartOf":{"@id":"https:\/\/transitions.bzh\/ecodopro\/#website"},"primaryImageOfPage":{"@id":"https:\/\/transitions.bzh\/ecodopro\/industrie-agro-site-icpe-usages-domestiques\/#primaryimage"},"image":{"@id":"https:\/\/transitions.bzh\/ecodopro\/industrie-agro-site-icpe-usages-domestiques\/#primaryimage"},"thumbnailUrl":"https:\/\/transitions.bzh\/ecodopro\/wp-content\/uploads\/ECODO-icono-attention.png","datePublished":"2025-11-05T15:11:23+00:00","dateModified":"2026-01-21T15:38:22+00:00","breadcrumb":{"@id":"https:\/\/transitions.bzh\/ecodopro\/industrie-agro-site-icpe-usages-domestiques\/#breadcrumb"},"inLanguage":"fr-FR","potentialAction":[{"@type":"ReadAction","target":["https:\/\/transitions.bzh\/ecodopro\/industrie-agro-site-icpe-usages-domestiques\/"]}]},{"@type":"ImageObject","inLanguage":"fr-FR","@id":"https:\/\/transitions.bzh\/ecodopro\/industrie-agro-site-icpe-usages-domestiques\/#primaryimage","url":"https:\/\/transitions.bzh\/ecodopro\/wp-content\/uploads\/ECODO-icono-attention.png","contentUrl":"https:\/\/transitions.bzh\/ecodopro\/wp-content\/uploads\/ECODO-icono-attention.png","width":400,"height":400},{"@type":"BreadcrumbList","@id":"https:\/\/transitions.bzh\/ecodopro\/industrie-agro-site-icpe-usages-domestiques\/#breadcrumb","itemListElement":[{"@type":"ListItem","position":1,"name":"Accueil","item":"https:\/\/transitions.bzh\/ecodopro\/"},{"@type":"ListItem","position":2,"name":"Industrie agro (site ICPE) \u2013 Usages domestiques"}]},{"@type":"WebSite","@id":"https:\/\/transitions.bzh\/ecodopro\/#website","url":"https:\/\/transitions.bzh\/ecodopro\/","name":"","description":"","potentialAction":[{"@type":"SearchAction","target":{"@type":"EntryPoint","urlTemplate":"https:\/\/transitions.bzh\/ecodopro\/?s={search_term_string}"},"query-input":{"@type":"PropertyValueSpecification","valueRequired":true,"valueName":"search_term_string"}}],"inLanguage":"fr-FR"}]}},"_links":{"self":[{"href":"https:\/\/transitions.bzh\/ecodopro\/wp-json\/wp\/v2\/pages\/421","targetHints":{"allow":["GET"]}}],"collection":[{"href":"https:\/\/transitions.bzh\/ecodopro\/wp-json\/wp\/v2\/pages"}],"about":[{"href":"https:\/\/transitions.bzh\/ecodopro\/wp-json\/wp\/v2\/types\/page"}],"author":[{"embeddable":true,"href":"https:\/\/transitions.bzh\/ecodopro\/wp-json\/wp\/v2\/users\/2"}],"replies":[{"embeddable":true,"href":"https:\/\/transitions.bzh\/ecodopro\/wp-json\/wp\/v2\/comments?post=421"}],"version-history":[{"count":3,"href":"https:\/\/transitions.bzh\/ecodopro\/wp-json\/wp\/v2\/pages\/421\/revisions"}],"predecessor-version":[{"id":491,"href":"https:\/\/transitions.bzh\/ecodopro\/wp-json\/wp\/v2\/pages\/421\/revisions\/491"}],"wp:attachment":[{"href":"https:\/\/transitions.bzh\/ecodopro\/wp-json\/wp\/v2\/media?parent=421"}],"curies":[{"name":"wp","href":"https:\/\/api.w.org\/{rel}","templated":true}]}}