{"id":398,"date":"2025-10-30T17:24:37","date_gmt":"2025-10-30T16:24:37","guid":{"rendered":"https:\/\/transitions.bzh\/ecodopro\/?page_id=398"},"modified":"2025-11-17T16:02:25","modified_gmt":"2025-11-17T15:02:25","slug":"industrie-agroalimentaire-differents-usages-de-leau","status":"publish","type":"page","link":"https:\/\/transitions.bzh\/ecodopro\/industrie-agroalimentaire-differents-usages-de-leau\/","title":{"rendered":"Industrie agroalimentaire : diff\u00e9rents usages de l&rsquo;eau"},"content":{"rendered":"\n<div class=\"wp-block-group alignfull has-global-padding is-layout-constrained wp-block-group-is-layout-constrained\" style=\"margin-top:0;margin-bottom:0;padding-top:var(--wp--preset--spacing--50);padding-bottom:var(--wp--preset--spacing--50)\">\n<p><strong>Dans l&rsquo;industrie agroalimentaire, le <strong>r\u00e9emploi<\/strong> de l&rsquo;eau est strictement encadr\u00e9 selon l\u2019usage : certaines peuvent revenir dans le process (contact indirect ou direct avec les denr\u00e9es), d\u2019autres seulement pour des usages techniques (refroidissement, lavage des sols\u2026).<\/strong><\/p>\n\n\n\n<p>Vous retrouverez ici l\u2019essentiel sur la gestion des eaux conventionnelles selon le type de site (ICPE ou non), les types d\u2019eau et leurs usages.<\/p>\n\n\n\n<p><\/p>\n\n\n\n<div class=\"wp-block-columns is-layout-flex wp-container-core-columns-is-layout-28f84493 wp-block-columns-is-layout-flex\">\n<div class=\"wp-block-column is-layout-flow wp-block-column-is-layout-flow\" style=\"flex-basis:100%\">\n<div class=\"wp-block-columns alignwide is-layout-flex wp-container-core-columns-is-layout-0111f410 wp-block-columns-is-layout-flex\" style=\"padding-right:var(--wp--preset--spacing--50);padding-left:var(--wp--preset--spacing--50)\">\n<div class=\"wp-block-column is-layout-flow wp-block-column-is-layout-flow\">\n<figure class=\"wp-block-image size-full is-resized\" style=\"margin-bottom:24px\"><img loading=\"lazy\" decoding=\"async\" width=\"400\" height=\"400\" src=\"https:\/\/transitions.bzh\/ecodopro\/wp-content\/uploads\/1-1.png\" alt=\"\" class=\"wp-image-402\" style=\"aspect-ratio:1.3333333333333333;object-fit:cover;width:337px;height:auto\" srcset=\"https:\/\/transitions.bzh\/ecodopro\/wp-content\/uploads\/1-1.png 400w, https:\/\/transitions.bzh\/ecodopro\/wp-content\/uploads\/1-1-300x300.png 300w, https:\/\/transitions.bzh\/ecodopro\/wp-content\/uploads\/1-1-150x150.png 150w\" sizes=\"auto, (max-width: 400px) 100vw, 400px\" \/><\/figure>\n\n\n\n<p><strong>PROCESS DE TRANSFORMATION AGROALIMENTAIRE<\/strong><\/p>\n\n\n\n<p>Vous souhaitez r\u00e9utiliser l&rsquo;eau dans le cadre d&rsquo;un process de<strong> transformation agroalimentaire<\/strong> c&rsquo;est-\u00e0-dire <strong>pr\u00e9parer<\/strong>, <strong>transformer<\/strong> ou <strong>conserver<\/strong> des denr\u00e9es alimentaires, y compris dans le<strong> nettoyage des locaux<\/strong>, installations, \u00e9quipements ?<\/p>\n\n\n\n<div class=\"wp-block-buttons is-content-justification-left is-layout-flex wp-container-core-buttons-is-layout-fc4fd283 wp-block-buttons-is-layout-flex\">\n<div class=\"wp-block-button is-style-fill\"><a class=\"wp-block-button__link wp-element-button\" href=\"https:\/\/transitions.bzh\/ecodopro\/industrie-agro-site-icpe-usage-au-sein-dun-process-de-transformation-agroalimentaire\/\">Consulter la r\u00e9glementation<\/a><\/div>\n<\/div>\n<\/div>\n\n\n\n<div class=\"wp-block-column is-layout-flow wp-block-column-is-layout-flow\">\n<figure class=\"wp-block-image size-full is-resized\" style=\"margin-bottom:24px\"><img loading=\"lazy\" decoding=\"async\" width=\"400\" height=\"400\" src=\"https:\/\/transitions.bzh\/ecodopro\/wp-content\/uploads\/2-1.png\" alt=\"\" class=\"wp-image-403\" style=\"aspect-ratio:1.3333333333333333;object-fit:cover;width:346px;height:auto\" srcset=\"https:\/\/transitions.bzh\/ecodopro\/wp-content\/uploads\/2-1.png 400w, https:\/\/transitions.bzh\/ecodopro\/wp-content\/uploads\/2-1-300x300.png 300w, https:\/\/transitions.bzh\/ecodopro\/wp-content\/uploads\/2-1-150x150.png 150w\" sizes=\"auto, (max-width: 400px) 100vw, 400px\" \/><\/figure>\n\n\n\n<p><strong>USAGES DOMESTIQUES<\/strong><\/p>\n\n\n\n<p>Vous souhaitez r\u00e9utiliser l&rsquo;eau pour le <strong>lavage du linge,  des sols int\u00e9rieurs, surfaces ext\u00e9rieures, \u00e9vacuation des excr\u00e9tas, alimentation des fontaines d\u00e9coratives, arrosage des espaces verts<\/strong> (\u00e0 l&rsquo;\u00e9chelle des b\u00e2timents) et <strong>jardins potagers<\/strong> ?<\/p>\n\n\n\n<div class=\"wp-block-buttons is-content-justification-left is-layout-flex wp-container-core-buttons-is-layout-fc4fd283 wp-block-buttons-is-layout-flex\">\n<div class=\"wp-block-button\"><a class=\"wp-block-button__link wp-element-button\" href=\"https:\/\/transitions.bzh\/ecodopro\/industrie-agro-site-icpe-usages-domestiques\/\">Consulter la r\u00e9glementation<\/a><\/div>\n<\/div>\n<\/div>\n\n\n\n<div class=\"wp-block-column is-layout-flow wp-block-column-is-layout-flow\">\n<figure class=\"wp-block-image size-full is-resized\" style=\"margin-bottom:24px\"><img loading=\"lazy\" decoding=\"async\" width=\"400\" height=\"400\" src=\"https:\/\/transitions.bzh\/ecodopro\/wp-content\/uploads\/3-1.png\" alt=\"\" class=\"wp-image-404\" style=\"aspect-ratio:1.3333333333333333;object-fit:cover;width:348px;height:auto\" srcset=\"https:\/\/transitions.bzh\/ecodopro\/wp-content\/uploads\/3-1.png 400w, https:\/\/transitions.bzh\/ecodopro\/wp-content\/uploads\/3-1-300x300.png 300w, https:\/\/transitions.bzh\/ecodopro\/wp-content\/uploads\/3-1-150x150.png 150w\" sizes=\"auto, (max-width: 400px) 100vw, 400px\" \/><\/figure>\n\n\n\n<p><strong>AUTRES USAGES<\/strong><\/p>\n\n\n\n<p>Liste non exhaustive : nettoyage ext\u00e9rieur des v\u00e9hicules, tours a\u00e9ror\u00e9frig\u00e9rantes, brumisation des animaux vivants, lavage des quais de r\u00e9ception ext\u00e9rieurs&#8230; ?<\/p>\n\n\n\n<div class=\"wp-block-buttons is-content-justification-left is-layout-flex wp-container-core-buttons-is-layout-fc4fd283 wp-block-buttons-is-layout-flex\">\n<div class=\"wp-block-button\"><a class=\"wp-block-button__link wp-element-button\" href=\"https:\/\/transitions.bzh\/ecodopro\/industrie-agro-site-icpe-autres-usages\/\">Consulter la r\u00e9glementation<\/a><\/div>\n<\/div>\n<\/div>\n<\/div>\n<\/div>\n<\/div>\n<\/div>\n\n\n\n<p><\/p>\n","protected":false},"excerpt":{"rendered":"<p>Dans l&rsquo;industrie agroalimentaire, le r\u00e9emploi de l&rsquo;eau est strictement encadr\u00e9 selon l\u2019usage : certaines peuvent revenir dans le process (contact indirect ou direct avec les denr\u00e9es), d\u2019autres seulement pour des usages techniques (refroidissement, lavage des sols\u2026). Vous retrouverez ici l\u2019essentiel sur la gestion des eaux conventionnelles selon le type de site (ICPE ou non), les [&hellip;]<\/p>\n","protected":false},"author":2,"featured_media":0,"parent":0,"menu_order":0,"comment_status":"closed","ping_status":"closed","template":"","meta":{"footnotes":""},"class_list":["post-398","page","type-page","status-publish","hentry"],"yoast_head":"<!-- This site is optimized with the Yoast SEO plugin v25.8 - https:\/\/yoast.com\/wordpress\/plugins\/seo\/ -->\n<title>Industrie agroalimentaire : diff\u00e9rents usages de l&#039;eau -<\/title>\n<meta name=\"robots\" content=\"index, follow, max-snippet:-1, max-image-preview:large, max-video-preview:-1\" \/>\n<link rel=\"canonical\" href=\"https:\/\/transitions.bzh\/ecodopro\/industrie-agroalimentaire-differents-usages-de-leau\/\" \/>\n<meta property=\"og:locale\" content=\"fr_FR\" \/>\n<meta property=\"og:type\" content=\"article\" \/>\n<meta property=\"og:title\" content=\"Industrie agroalimentaire : diff\u00e9rents usages de l&#039;eau -\" \/>\n<meta property=\"og:description\" content=\"Dans l&rsquo;industrie agroalimentaire, le r\u00e9emploi de l&rsquo;eau est strictement encadr\u00e9 selon l\u2019usage : certaines peuvent revenir dans le process (contact indirect ou direct avec les denr\u00e9es), d\u2019autres seulement pour des usages techniques (refroidissement, lavage des sols\u2026). Vous retrouverez ici l\u2019essentiel sur la gestion des eaux conventionnelles selon le type de site (ICPE ou non), les [&hellip;]\" \/>\n<meta property=\"og:url\" content=\"https:\/\/transitions.bzh\/ecodopro\/industrie-agroalimentaire-differents-usages-de-leau\/\" \/>\n<meta property=\"article:modified_time\" content=\"2025-11-17T15:02:25+00:00\" \/>\n<meta property=\"og:image\" content=\"https:\/\/transitions.bzh\/ecodopro\/wp-content\/uploads\/1-1.png\" \/>\n\t<meta property=\"og:image:width\" content=\"400\" \/>\n\t<meta property=\"og:image:height\" content=\"400\" \/>\n\t<meta property=\"og:image:type\" content=\"image\/png\" \/>\n<meta name=\"twitter:card\" content=\"summary_large_image\" \/>\n<meta name=\"twitter:label1\" content=\"Dur\u00e9e de lecture estim\u00e9e\" \/>\n\t<meta name=\"twitter:data1\" content=\"2 minutes\" \/>\n<script type=\"application\/ld+json\" class=\"yoast-schema-graph\">{\"@context\":\"https:\/\/schema.org\",\"@graph\":[{\"@type\":\"WebPage\",\"@id\":\"https:\/\/transitions.bzh\/ecodopro\/industrie-agroalimentaire-differents-usages-de-leau\/\",\"url\":\"https:\/\/transitions.bzh\/ecodopro\/industrie-agroalimentaire-differents-usages-de-leau\/\",\"name\":\"Industrie agroalimentaire : diff\u00e9rents usages de l'eau -\",\"isPartOf\":{\"@id\":\"https:\/\/transitions.bzh\/ecodopro\/#website\"},\"primaryImageOfPage\":{\"@id\":\"https:\/\/transitions.bzh\/ecodopro\/industrie-agroalimentaire-differents-usages-de-leau\/#primaryimage\"},\"image\":{\"@id\":\"https:\/\/transitions.bzh\/ecodopro\/industrie-agroalimentaire-differents-usages-de-leau\/#primaryimage\"},\"thumbnailUrl\":\"https:\/\/transitions.bzh\/ecodopro\/wp-content\/uploads\/1-1.png\",\"datePublished\":\"2025-10-30T16:24:37+00:00\",\"dateModified\":\"2025-11-17T15:02:25+00:00\",\"breadcrumb\":{\"@id\":\"https:\/\/transitions.bzh\/ecodopro\/industrie-agroalimentaire-differents-usages-de-leau\/#breadcrumb\"},\"inLanguage\":\"fr-FR\",\"potentialAction\":[{\"@type\":\"ReadAction\",\"target\":[\"https:\/\/transitions.bzh\/ecodopro\/industrie-agroalimentaire-differents-usages-de-leau\/\"]}]},{\"@type\":\"ImageObject\",\"inLanguage\":\"fr-FR\",\"@id\":\"https:\/\/transitions.bzh\/ecodopro\/industrie-agroalimentaire-differents-usages-de-leau\/#primaryimage\",\"url\":\"https:\/\/transitions.bzh\/ecodopro\/wp-content\/uploads\/1-1.png\",\"contentUrl\":\"https:\/\/transitions.bzh\/ecodopro\/wp-content\/uploads\/1-1.png\",\"width\":400,\"height\":400},{\"@type\":\"BreadcrumbList\",\"@id\":\"https:\/\/transitions.bzh\/ecodopro\/industrie-agroalimentaire-differents-usages-de-leau\/#breadcrumb\",\"itemListElement\":[{\"@type\":\"ListItem\",\"position\":1,\"name\":\"Accueil\",\"item\":\"https:\/\/transitions.bzh\/ecodopro\/\"},{\"@type\":\"ListItem\",\"position\":2,\"name\":\"Industrie agroalimentaire : diff\u00e9rents usages de l&rsquo;eau\"}]},{\"@type\":\"WebSite\",\"@id\":\"https:\/\/transitions.bzh\/ecodopro\/#website\",\"url\":\"https:\/\/transitions.bzh\/ecodopro\/\",\"name\":\"\",\"description\":\"\",\"potentialAction\":[{\"@type\":\"SearchAction\",\"target\":{\"@type\":\"EntryPoint\",\"urlTemplate\":\"https:\/\/transitions.bzh\/ecodopro\/?s={search_term_string}\"},\"query-input\":{\"@type\":\"PropertyValueSpecification\",\"valueRequired\":true,\"valueName\":\"search_term_string\"}}],\"inLanguage\":\"fr-FR\"}]}<\/script>\n<!-- \/ Yoast SEO plugin. -->","yoast_head_json":{"title":"Industrie agroalimentaire : diff\u00e9rents usages de l'eau -","robots":{"index":"index","follow":"follow","max-snippet":"max-snippet:-1","max-image-preview":"max-image-preview:large","max-video-preview":"max-video-preview:-1"},"canonical":"https:\/\/transitions.bzh\/ecodopro\/industrie-agroalimentaire-differents-usages-de-leau\/","og_locale":"fr_FR","og_type":"article","og_title":"Industrie agroalimentaire : diff\u00e9rents usages de l'eau -","og_description":"Dans l&rsquo;industrie agroalimentaire, le r\u00e9emploi de l&rsquo;eau est strictement encadr\u00e9 selon l\u2019usage : certaines peuvent revenir dans le process (contact indirect ou direct avec les denr\u00e9es), d\u2019autres seulement pour des usages techniques (refroidissement, lavage des sols\u2026). Vous retrouverez ici l\u2019essentiel sur la gestion des eaux conventionnelles selon le type de site (ICPE ou non), les [&hellip;]","og_url":"https:\/\/transitions.bzh\/ecodopro\/industrie-agroalimentaire-differents-usages-de-leau\/","article_modified_time":"2025-11-17T15:02:25+00:00","og_image":[{"width":400,"height":400,"url":"https:\/\/transitions.bzh\/ecodopro\/wp-content\/uploads\/1-1.png","type":"image\/png"}],"twitter_card":"summary_large_image","twitter_misc":{"Dur\u00e9e de lecture estim\u00e9e":"2 minutes"},"schema":{"@context":"https:\/\/schema.org","@graph":[{"@type":"WebPage","@id":"https:\/\/transitions.bzh\/ecodopro\/industrie-agroalimentaire-differents-usages-de-leau\/","url":"https:\/\/transitions.bzh\/ecodopro\/industrie-agroalimentaire-differents-usages-de-leau\/","name":"Industrie agroalimentaire : diff\u00e9rents usages de l'eau -","isPartOf":{"@id":"https:\/\/transitions.bzh\/ecodopro\/#website"},"primaryImageOfPage":{"@id":"https:\/\/transitions.bzh\/ecodopro\/industrie-agroalimentaire-differents-usages-de-leau\/#primaryimage"},"image":{"@id":"https:\/\/transitions.bzh\/ecodopro\/industrie-agroalimentaire-differents-usages-de-leau\/#primaryimage"},"thumbnailUrl":"https:\/\/transitions.bzh\/ecodopro\/wp-content\/uploads\/1-1.png","datePublished":"2025-10-30T16:24:37+00:00","dateModified":"2025-11-17T15:02:25+00:00","breadcrumb":{"@id":"https:\/\/transitions.bzh\/ecodopro\/industrie-agroalimentaire-differents-usages-de-leau\/#breadcrumb"},"inLanguage":"fr-FR","potentialAction":[{"@type":"ReadAction","target":["https:\/\/transitions.bzh\/ecodopro\/industrie-agroalimentaire-differents-usages-de-leau\/"]}]},{"@type":"ImageObject","inLanguage":"fr-FR","@id":"https:\/\/transitions.bzh\/ecodopro\/industrie-agroalimentaire-differents-usages-de-leau\/#primaryimage","url":"https:\/\/transitions.bzh\/ecodopro\/wp-content\/uploads\/1-1.png","contentUrl":"https:\/\/transitions.bzh\/ecodopro\/wp-content\/uploads\/1-1.png","width":400,"height":400},{"@type":"BreadcrumbList","@id":"https:\/\/transitions.bzh\/ecodopro\/industrie-agroalimentaire-differents-usages-de-leau\/#breadcrumb","itemListElement":[{"@type":"ListItem","position":1,"name":"Accueil","item":"https:\/\/transitions.bzh\/ecodopro\/"},{"@type":"ListItem","position":2,"name":"Industrie agroalimentaire : diff\u00e9rents usages de l&rsquo;eau"}]},{"@type":"WebSite","@id":"https:\/\/transitions.bzh\/ecodopro\/#website","url":"https:\/\/transitions.bzh\/ecodopro\/","name":"","description":"","potentialAction":[{"@type":"SearchAction","target":{"@type":"EntryPoint","urlTemplate":"https:\/\/transitions.bzh\/ecodopro\/?s={search_term_string}"},"query-input":{"@type":"PropertyValueSpecification","valueRequired":true,"valueName":"search_term_string"}}],"inLanguage":"fr-FR"}]}},"_links":{"self":[{"href":"https:\/\/transitions.bzh\/ecodopro\/wp-json\/wp\/v2\/pages\/398","targetHints":{"allow":["GET"]}}],"collection":[{"href":"https:\/\/transitions.bzh\/ecodopro\/wp-json\/wp\/v2\/pages"}],"about":[{"href":"https:\/\/transitions.bzh\/ecodopro\/wp-json\/wp\/v2\/types\/page"}],"author":[{"embeddable":true,"href":"https:\/\/transitions.bzh\/ecodopro\/wp-json\/wp\/v2\/users\/2"}],"replies":[{"embeddable":true,"href":"https:\/\/transitions.bzh\/ecodopro\/wp-json\/wp\/v2\/comments?post=398"}],"version-history":[{"count":7,"href":"https:\/\/transitions.bzh\/ecodopro\/wp-json\/wp\/v2\/pages\/398\/revisions"}],"predecessor-version":[{"id":478,"href":"https:\/\/transitions.bzh\/ecodopro\/wp-json\/wp\/v2\/pages\/398\/revisions\/478"}],"wp:attachment":[{"href":"https:\/\/transitions.bzh\/ecodopro\/wp-json\/wp\/v2\/media?parent=398"}],"curies":[{"name":"wp","href":"https:\/\/api.w.org\/{rel}","templated":true}]}}