{"id":393,"date":"2025-10-30T16:38:30","date_gmt":"2025-10-30T15:38:30","guid":{"rendered":"https:\/\/transitions.bzh\/ecodopro\/?page_id=393"},"modified":"2026-01-21T16:41:37","modified_gmt":"2026-01-21T15:41:37","slug":"industrie-agroalimentaire","status":"publish","type":"page","link":"https:\/\/transitions.bzh\/ecodopro\/industrie-agroalimentaire\/","title":{"rendered":"Industrie agroalimentaire"},"content":{"rendered":"\n<div class=\"wp-block-group alignfull has-global-padding is-layout-constrained wp-block-group-is-layout-constrained\" style=\"margin-top:0;margin-bottom:0;padding-top:var(--wp--preset--spacing--50);padding-bottom:var(--wp--preset--spacing--50)\">\n<p>Vous retrouverez ici l\u2019essentiel sur la gestion des eaux conventionnelles selon le type de site (ICPE ou non), les types d\u2019eau et leurs usages.<\/p>\n\n\n\n<p><\/p>\n\n\n\n<div class=\"wp-block-columns is-layout-flex wp-container-core-columns-is-layout-28f84493 wp-block-columns-is-layout-flex\">\n<div class=\"wp-block-column is-layout-flow wp-block-column-is-layout-flow\" style=\"flex-basis:100%\">\n<div class=\"wp-block-columns alignwide is-layout-flex wp-container-core-columns-is-layout-0111f410 wp-block-columns-is-layout-flex\" style=\"padding-right:var(--wp--preset--spacing--50);padding-left:var(--wp--preset--spacing--50)\">\n<div class=\"wp-block-column is-layout-flow wp-block-column-is-layout-flow\">\n<figure class=\"wp-block-image size-full is-resized\" style=\"margin-bottom:24px\"><img loading=\"lazy\" decoding=\"async\" width=\"400\" height=\"400\" src=\"https:\/\/transitions.bzh\/ecodopro\/wp-content\/uploads\/ECODO-icono-blanchisserie-3-1.png\" alt=\"\" class=\"wp-image-394\" style=\"aspect-ratio:1.3333333333333333;object-fit:cover;width:433px;height:auto\" srcset=\"https:\/\/transitions.bzh\/ecodopro\/wp-content\/uploads\/ECODO-icono-blanchisserie-3-1.png 400w, https:\/\/transitions.bzh\/ecodopro\/wp-content\/uploads\/ECODO-icono-blanchisserie-3-1-300x300.png 300w, https:\/\/transitions.bzh\/ecodopro\/wp-content\/uploads\/ECODO-icono-blanchisserie-3-1-150x150.png 150w\" sizes=\"auto, (max-width: 400px) 100vw, 400px\" \/><\/figure>\n\n\n\n<h3 class=\"wp-block-heading\"><\/h3>\n\n\n\n<div class=\"wp-block-buttons is-content-justification-center is-layout-flex wp-container-core-buttons-is-layout-a89b3969 wp-block-buttons-is-layout-flex\">\n<div class=\"wp-block-button is-style-fill\"><a class=\"wp-block-button__link wp-element-button\" href=\"https:\/\/transitions.bzh\/ecodopro\/industrie-agroalimentaire-differents-usages-de-leau\/\">Consulter la r\u00e9glementation<\/a><\/div>\n<\/div>\n<\/div>\n\n\n\n<div class=\"wp-block-column is-layout-flow wp-block-column-is-layout-flow\">\n<figure class=\"wp-block-image size-full is-resized\" style=\"margin-bottom:24px\"><img loading=\"lazy\" decoding=\"async\" width=\"400\" height=\"400\" src=\"https:\/\/transitions.bzh\/ecodopro\/wp-content\/uploads\/ECODO-icono-blanchisserie-4-1.png\" alt=\"\" class=\"wp-image-395\" style=\"aspect-ratio:1.3333333333333333;object-fit:cover;width:430px;height:auto\" srcset=\"https:\/\/transitions.bzh\/ecodopro\/wp-content\/uploads\/ECODO-icono-blanchisserie-4-1.png 400w, https:\/\/transitions.bzh\/ecodopro\/wp-content\/uploads\/ECODO-icono-blanchisserie-4-1-300x300.png 300w, https:\/\/transitions.bzh\/ecodopro\/wp-content\/uploads\/ECODO-icono-blanchisserie-4-1-150x150.png 150w\" sizes=\"auto, (max-width: 400px) 100vw, 400px\" \/><\/figure>\n\n\n\n<h3 class=\"wp-block-heading\"><\/h3>\n\n\n\n<div class=\"wp-block-buttons is-content-justification-center is-layout-flex wp-container-core-buttons-is-layout-a89b3969 wp-block-buttons-is-layout-flex\">\n<div class=\"wp-block-button\"><a class=\"wp-block-button__link wp-element-button\" href=\"https:\/\/transitions.bzh\/ecodopro\/industrie-agroalimentaire-differents-usages-de-leau-hors-icpe\/\">Consulter la r\u00e9glementation<\/a><\/div>\n<\/div>\n<\/div>\n\n\n\n<div class=\"wp-block-column is-layout-flow wp-block-column-is-layout-flow\">\n<h3 class=\"wp-block-heading has-medium-font-size\">Qu&rsquo;est ce qu&rsquo;un site ICPE ?<\/h3>\n\n\n\n<p class=\"has-small-font-size\">L&rsquo;acronyme <a href=\"https:\/\/entreprendre.service-public.fr\/vosdroits\/F33414\" target=\"_blank\" rel=\"noreferrer noopener\">ICPE<\/a> d\u00e9signe toute installation class\u00e9e pour la protection de l&rsquo;environnement. <br><br>Le code de l&rsquo;environnement caract\u00e9rise ces sites ICPE par : \u00ab\u00a0<em>les usines, ateliers, d\u00e9p\u00f4ts, chantiers et, d&rsquo;une mani\u00e8re g\u00e9n\u00e9rale, les installations exploit\u00e9es ou d\u00e9tenues par toute personne physique ou morale, publique ou priv\u00e9e, qui peuvent pr\u00e9senter des dangers ou des inconv\u00e9nients soit pour la commodit\u00e9 du voisinage, soit pour la sant\u00e9, la s\u00e9curit\u00e9, la salubrit\u00e9 publiques, soit pour l&rsquo;agriculture, soit pour la protection de la nature, de l&rsquo;environnement et des paysages, soit pour l&rsquo;utilisation rationnelle de l&rsquo;\u00e9nergie, soit pour la conservation des sites et des monuments ainsi que des \u00e9l\u00e9ments du patrimoine arch\u00e9ologique<\/em> \u00ab\u00a0.<\/p>\n<\/div>\n<\/div>\n<\/div>\n<\/div>\n<\/div>\n\n\n\n<div class=\"wp-block-group alignfull has-global-padding is-layout-constrained wp-block-group-is-layout-constrained\" style=\"margin-top:0;margin-bottom:0;padding-top:var(--wp--preset--spacing--50);padding-bottom:var(--wp--preset--spacing--50)\">\n<div class=\"wp-block-columns is-layout-flex wp-container-core-columns-is-layout-28f84493 wp-block-columns-is-layout-flex\">\n<div class=\"wp-block-column is-layout-flow wp-block-column-is-layout-flow\" style=\"flex-basis:100%\">\n<div class=\"wp-block-columns alignwide is-layout-flex wp-container-core-columns-is-layout-0111f410 wp-block-columns-is-layout-flex\" style=\"padding-right:var(--wp--preset--spacing--50);padding-left:var(--wp--preset--spacing--50)\">\n<div class=\"wp-block-column is-layout-flow wp-block-column-is-layout-flow\">\n<h3 class=\"wp-block-heading\">D\u00e9couvrez le guide de la REUSE dans les entreprises agroalimentaires, pour tout conna\u00eetre sur la r\u00e9glementation<\/h3>\n\n\n\n<figure class=\"wp-block-image size-large is-resized\"><img loading=\"lazy\" decoding=\"async\" width=\"512\" height=\"512\" src=\"https:\/\/transitions.bzh\/ecodopro\/wp-content\/uploads\/fleche-dessinee-a-droite-noire.png\" alt=\"\" class=\"wp-image-489\" style=\"width:81px;height:auto\" srcset=\"https:\/\/transitions.bzh\/ecodopro\/wp-content\/uploads\/fleche-dessinee-a-droite-noire.png 512w, https:\/\/transitions.bzh\/ecodopro\/wp-content\/uploads\/fleche-dessinee-a-droite-noire-300x300.png 300w, https:\/\/transitions.bzh\/ecodopro\/wp-content\/uploads\/fleche-dessinee-a-droite-noire-150x150.png 150w\" sizes=\"auto, (max-width: 512px) 100vw, 512px\" \/><\/figure>\n\n\n\n<div class=\"wp-block-buttons is-content-justification-center is-layout-flex wp-container-core-buttons-is-layout-a89b3969 wp-block-buttons-is-layout-flex\">\n<div class=\"wp-block-button is-style-fill\"><a class=\"wp-block-button__link wp-element-button\" href=\"https:\/\/www.bretagne-competitivite.fr\/wp-content\/uploads\/2024\/12\/Le-Guide-de-la-REUSE-dans-les-IAA-\u2026\">Je t\u00e9l\u00e9charge<\/a><\/div>\n<\/div>\n<\/div>\n\n\n\n<div class=\"wp-block-column is-layout-flow wp-block-column-is-layout-flow\">\n<figure class=\"wp-block-gallery has-nested-images columns-default is-cropped wp-block-gallery-1 is-layout-flex wp-block-gallery-is-layout-flex\">\n<figure class=\"wp-block-image size-large\"><img loading=\"lazy\" decoding=\"async\" width=\"211\" height=\"300\" data-id=\"486\" src=\"https:\/\/transitions.bzh\/ecodopro\/wp-content\/uploads\/Guise-abea-211x300-1.jpg\" alt=\"\" class=\"wp-image-486\"\/><\/figure>\n<\/figure>\n\n\n\n<div class=\"wp-block-buttons is-content-justification-center is-layout-flex wp-container-core-buttons-is-layout-a89b3969 wp-block-buttons-is-layout-flex\"><\/div>\n<\/div>\n\n\n\n<div class=\"wp-block-column is-layout-flow wp-block-column-is-layout-flow\"><\/div>\n\n\n\n<div class=\"wp-block-column is-layout-flow wp-block-column-is-layout-flow\"><\/div>\n<\/div>\n<\/div>\n<\/div>\n<\/div>\n\n\n\n<figure class=\"wp-block-image size-large\"><img loading=\"lazy\" decoding=\"async\" width=\"1024\" height=\"945\" src=\"https:\/\/transitions.bzh\/ecodopro\/wp-content\/uploads\/Capture-decran_21-8-2025_10479_www.legifrance.gouv_.fr-002-1024x945.jpeg\" alt=\"\" class=\"wp-image-492\" srcset=\"https:\/\/transitions.bzh\/ecodopro\/wp-content\/uploads\/Capture-decran_21-8-2025_10479_www.legifrance.gouv_.fr-002-1024x945.jpeg 1024w, https:\/\/transitions.bzh\/ecodopro\/wp-content\/uploads\/Capture-decran_21-8-2025_10479_www.legifrance.gouv_.fr-002-300x277.jpeg 300w, https:\/\/transitions.bzh\/ecodopro\/wp-content\/uploads\/Capture-decran_21-8-2025_10479_www.legifrance.gouv_.fr-002-768x709.jpeg 768w, https:\/\/transitions.bzh\/ecodopro\/wp-content\/uploads\/Capture-decran_21-8-2025_10479_www.legifrance.gouv_.fr-002.jpeg 1261w\" sizes=\"auto, (max-width: 1024px) 100vw, 1024px\" \/><\/figure>\n","protected":false},"excerpt":{"rendered":"<p>Vous retrouverez ici l\u2019essentiel sur la gestion des eaux conventionnelles selon le type de site (ICPE ou non), les types d\u2019eau et leurs usages. Qu&rsquo;est ce qu&rsquo;un site ICPE ? L&rsquo;acronyme ICPE d\u00e9signe toute installation class\u00e9e pour la protection de l&rsquo;environnement. Le code de l&rsquo;environnement caract\u00e9rise ces sites ICPE par : \u00ab\u00a0les usines, ateliers, d\u00e9p\u00f4ts, [&hellip;]<\/p>\n","protected":false},"author":2,"featured_media":0,"parent":0,"menu_order":0,"comment_status":"closed","ping_status":"closed","template":"","meta":{"footnotes":""},"class_list":["post-393","page","type-page","status-publish","hentry"],"yoast_head":"<!-- This site is optimized with the Yoast SEO plugin v25.8 - https:\/\/yoast.com\/wordpress\/plugins\/seo\/ -->\n<title>Industrie agroalimentaire -<\/title>\n<meta name=\"robots\" content=\"index, follow, max-snippet:-1, max-image-preview:large, max-video-preview:-1\" \/>\n<link rel=\"canonical\" href=\"https:\/\/transitions.bzh\/ecodopro\/industrie-agroalimentaire\/\" \/>\n<meta property=\"og:locale\" content=\"fr_FR\" \/>\n<meta property=\"og:type\" content=\"article\" \/>\n<meta property=\"og:title\" content=\"Industrie agroalimentaire -\" \/>\n<meta property=\"og:description\" content=\"Vous retrouverez ici l\u2019essentiel sur la gestion des eaux conventionnelles selon le type de site (ICPE ou non), les types d\u2019eau et leurs usages. Qu&rsquo;est ce qu&rsquo;un site ICPE ? L&rsquo;acronyme ICPE d\u00e9signe toute installation class\u00e9e pour la protection de l&rsquo;environnement. Le code de l&rsquo;environnement caract\u00e9rise ces sites ICPE par : \u00ab\u00a0les usines, ateliers, d\u00e9p\u00f4ts, [&hellip;]\" \/>\n<meta property=\"og:url\" content=\"https:\/\/transitions.bzh\/ecodopro\/industrie-agroalimentaire\/\" \/>\n<meta property=\"article:modified_time\" content=\"2026-01-21T15:41:37+00:00\" \/>\n<meta property=\"og:image\" content=\"https:\/\/transitions.bzh\/ecodopro\/wp-content\/uploads\/ECODO-icono-blanchisserie-3-1.png\" \/>\n\t<meta property=\"og:image:width\" content=\"400\" \/>\n\t<meta property=\"og:image:height\" content=\"400\" \/>\n\t<meta property=\"og:image:type\" content=\"image\/png\" \/>\n<meta name=\"twitter:card\" content=\"summary_large_image\" \/>\n<meta name=\"twitter:label1\" content=\"Dur\u00e9e de lecture estim\u00e9e\" \/>\n\t<meta name=\"twitter:data1\" content=\"2 minutes\" \/>\n<script type=\"application\/ld+json\" class=\"yoast-schema-graph\">{\"@context\":\"https:\/\/schema.org\",\"@graph\":[{\"@type\":\"WebPage\",\"@id\":\"https:\/\/transitions.bzh\/ecodopro\/industrie-agroalimentaire\/\",\"url\":\"https:\/\/transitions.bzh\/ecodopro\/industrie-agroalimentaire\/\",\"name\":\"Industrie agroalimentaire -\",\"isPartOf\":{\"@id\":\"https:\/\/transitions.bzh\/ecodopro\/#website\"},\"primaryImageOfPage\":{\"@id\":\"https:\/\/transitions.bzh\/ecodopro\/industrie-agroalimentaire\/#primaryimage\"},\"image\":{\"@id\":\"https:\/\/transitions.bzh\/ecodopro\/industrie-agroalimentaire\/#primaryimage\"},\"thumbnailUrl\":\"https:\/\/transitions.bzh\/ecodopro\/wp-content\/uploads\/ECODO-icono-blanchisserie-3-1.png\",\"datePublished\":\"2025-10-30T15:38:30+00:00\",\"dateModified\":\"2026-01-21T15:41:37+00:00\",\"breadcrumb\":{\"@id\":\"https:\/\/transitions.bzh\/ecodopro\/industrie-agroalimentaire\/#breadcrumb\"},\"inLanguage\":\"fr-FR\",\"potentialAction\":[{\"@type\":\"ReadAction\",\"target\":[\"https:\/\/transitions.bzh\/ecodopro\/industrie-agroalimentaire\/\"]}]},{\"@type\":\"ImageObject\",\"inLanguage\":\"fr-FR\",\"@id\":\"https:\/\/transitions.bzh\/ecodopro\/industrie-agroalimentaire\/#primaryimage\",\"url\":\"https:\/\/transitions.bzh\/ecodopro\/wp-content\/uploads\/ECODO-icono-blanchisserie-3-1.png\",\"contentUrl\":\"https:\/\/transitions.bzh\/ecodopro\/wp-content\/uploads\/ECODO-icono-blanchisserie-3-1.png\",\"width\":400,\"height\":400},{\"@type\":\"BreadcrumbList\",\"@id\":\"https:\/\/transitions.bzh\/ecodopro\/industrie-agroalimentaire\/#breadcrumb\",\"itemListElement\":[{\"@type\":\"ListItem\",\"position\":1,\"name\":\"Accueil\",\"item\":\"https:\/\/transitions.bzh\/ecodopro\/\"},{\"@type\":\"ListItem\",\"position\":2,\"name\":\"Industrie agroalimentaire\"}]},{\"@type\":\"WebSite\",\"@id\":\"https:\/\/transitions.bzh\/ecodopro\/#website\",\"url\":\"https:\/\/transitions.bzh\/ecodopro\/\",\"name\":\"\",\"description\":\"\",\"potentialAction\":[{\"@type\":\"SearchAction\",\"target\":{\"@type\":\"EntryPoint\",\"urlTemplate\":\"https:\/\/transitions.bzh\/ecodopro\/?s={search_term_string}\"},\"query-input\":{\"@type\":\"PropertyValueSpecification\",\"valueRequired\":true,\"valueName\":\"search_term_string\"}}],\"inLanguage\":\"fr-FR\"}]}<\/script>\n<!-- \/ Yoast SEO plugin. -->","yoast_head_json":{"title":"Industrie agroalimentaire -","robots":{"index":"index","follow":"follow","max-snippet":"max-snippet:-1","max-image-preview":"max-image-preview:large","max-video-preview":"max-video-preview:-1"},"canonical":"https:\/\/transitions.bzh\/ecodopro\/industrie-agroalimentaire\/","og_locale":"fr_FR","og_type":"article","og_title":"Industrie agroalimentaire -","og_description":"Vous retrouverez ici l\u2019essentiel sur la gestion des eaux conventionnelles selon le type de site (ICPE ou non), les types d\u2019eau et leurs usages. Qu&rsquo;est ce qu&rsquo;un site ICPE ? L&rsquo;acronyme ICPE d\u00e9signe toute installation class\u00e9e pour la protection de l&rsquo;environnement. Le code de l&rsquo;environnement caract\u00e9rise ces sites ICPE par : \u00ab\u00a0les usines, ateliers, d\u00e9p\u00f4ts, [&hellip;]","og_url":"https:\/\/transitions.bzh\/ecodopro\/industrie-agroalimentaire\/","article_modified_time":"2026-01-21T15:41:37+00:00","og_image":[{"width":400,"height":400,"url":"https:\/\/transitions.bzh\/ecodopro\/wp-content\/uploads\/ECODO-icono-blanchisserie-3-1.png","type":"image\/png"}],"twitter_card":"summary_large_image","twitter_misc":{"Dur\u00e9e de lecture estim\u00e9e":"2 minutes"},"schema":{"@context":"https:\/\/schema.org","@graph":[{"@type":"WebPage","@id":"https:\/\/transitions.bzh\/ecodopro\/industrie-agroalimentaire\/","url":"https:\/\/transitions.bzh\/ecodopro\/industrie-agroalimentaire\/","name":"Industrie agroalimentaire -","isPartOf":{"@id":"https:\/\/transitions.bzh\/ecodopro\/#website"},"primaryImageOfPage":{"@id":"https:\/\/transitions.bzh\/ecodopro\/industrie-agroalimentaire\/#primaryimage"},"image":{"@id":"https:\/\/transitions.bzh\/ecodopro\/industrie-agroalimentaire\/#primaryimage"},"thumbnailUrl":"https:\/\/transitions.bzh\/ecodopro\/wp-content\/uploads\/ECODO-icono-blanchisserie-3-1.png","datePublished":"2025-10-30T15:38:30+00:00","dateModified":"2026-01-21T15:41:37+00:00","breadcrumb":{"@id":"https:\/\/transitions.bzh\/ecodopro\/industrie-agroalimentaire\/#breadcrumb"},"inLanguage":"fr-FR","potentialAction":[{"@type":"ReadAction","target":["https:\/\/transitions.bzh\/ecodopro\/industrie-agroalimentaire\/"]}]},{"@type":"ImageObject","inLanguage":"fr-FR","@id":"https:\/\/transitions.bzh\/ecodopro\/industrie-agroalimentaire\/#primaryimage","url":"https:\/\/transitions.bzh\/ecodopro\/wp-content\/uploads\/ECODO-icono-blanchisserie-3-1.png","contentUrl":"https:\/\/transitions.bzh\/ecodopro\/wp-content\/uploads\/ECODO-icono-blanchisserie-3-1.png","width":400,"height":400},{"@type":"BreadcrumbList","@id":"https:\/\/transitions.bzh\/ecodopro\/industrie-agroalimentaire\/#breadcrumb","itemListElement":[{"@type":"ListItem","position":1,"name":"Accueil","item":"https:\/\/transitions.bzh\/ecodopro\/"},{"@type":"ListItem","position":2,"name":"Industrie agroalimentaire"}]},{"@type":"WebSite","@id":"https:\/\/transitions.bzh\/ecodopro\/#website","url":"https:\/\/transitions.bzh\/ecodopro\/","name":"","description":"","potentialAction":[{"@type":"SearchAction","target":{"@type":"EntryPoint","urlTemplate":"https:\/\/transitions.bzh\/ecodopro\/?s={search_term_string}"},"query-input":{"@type":"PropertyValueSpecification","valueRequired":true,"valueName":"search_term_string"}}],"inLanguage":"fr-FR"}]}},"_links":{"self":[{"href":"https:\/\/transitions.bzh\/ecodopro\/wp-json\/wp\/v2\/pages\/393","targetHints":{"allow":["GET"]}}],"collection":[{"href":"https:\/\/transitions.bzh\/ecodopro\/wp-json\/wp\/v2\/pages"}],"about":[{"href":"https:\/\/transitions.bzh\/ecodopro\/wp-json\/wp\/v2\/types\/page"}],"author":[{"embeddable":true,"href":"https:\/\/transitions.bzh\/ecodopro\/wp-json\/wp\/v2\/users\/2"}],"replies":[{"embeddable":true,"href":"https:\/\/transitions.bzh\/ecodopro\/wp-json\/wp\/v2\/comments?post=393"}],"version-history":[{"count":5,"href":"https:\/\/transitions.bzh\/ecodopro\/wp-json\/wp\/v2\/pages\/393\/revisions"}],"predecessor-version":[{"id":493,"href":"https:\/\/transitions.bzh\/ecodopro\/wp-json\/wp\/v2\/pages\/393\/revisions\/493"}],"wp:attachment":[{"href":"https:\/\/transitions.bzh\/ecodopro\/wp-json\/wp\/v2\/media?parent=393"}],"curies":[{"name":"wp","href":"https:\/\/api.w.org\/{rel}","templated":true}]}}