{"id":388,"date":"2025-10-30T15:20:58","date_gmt":"2025-10-30T14:20:58","guid":{"rendered":"https:\/\/transitions.bzh\/ecodopro\/?page_id=388"},"modified":"2025-10-30T15:20:58","modified_gmt":"2025-10-30T14:20:58","slug":"blanchisserie-hors-icpe-reglementation-par-type-deau","status":"publish","type":"page","link":"https:\/\/transitions.bzh\/ecodopro\/blanchisserie-hors-icpe-reglementation-par-type-deau\/","title":{"rendered":"Blanchisserie hors ICPE : r\u00e9glementation par type d&rsquo;eau"},"content":{"rendered":"\n<p>D\u00e9couvrez en bref la r\u00e9glementation sp\u00e9cifique li\u00e9 \u00e0 chaque type d\u2019eau, \u00e0 savoir :<\/p>\n\n\n\n<details class=\"wp-block-details\"><summary><mark style=\"background-color:#111111;color:#FFFFFF\" class=\"has-inline-color is-layout-flow wp-block-details-is-layout-flow\"> <strong>Les eaux de puits, eaux douces et de forage<\/strong> <\/mark><\/summary>\n<div class=\"wp-block-group is-vertical is-layout-flex wp-container-core-group-is-layout-fe9cc265 wp-block-group-is-layout-flex\">\n<div class=\"wp-block-media-text is-stacked-on-mobile\" style=\"grid-template-columns:15% auto\"><figure class=\"wp-block-media-text__media\"><img loading=\"lazy\" decoding=\"async\" width=\"400\" height=\"400\" src=\"https:\/\/transitions.bzh\/ecodopro\/wp-content\/uploads\/Ecodopro-icono-type-Eaux-de-puits-et-de-forage.png\" alt=\"\" class=\"wp-image-302 size-full\" srcset=\"https:\/\/transitions.bzh\/ecodopro\/wp-content\/uploads\/Ecodopro-icono-type-Eaux-de-puits-et-de-forage.png 400w, https:\/\/transitions.bzh\/ecodopro\/wp-content\/uploads\/Ecodopro-icono-type-Eaux-de-puits-et-de-forage-300x300.png 300w, https:\/\/transitions.bzh\/ecodopro\/wp-content\/uploads\/Ecodopro-icono-type-Eaux-de-puits-et-de-forage-150x150.png 150w\" sizes=\"auto, (max-width: 400px) 100vw, 400px\" \/><\/figure><div class=\"wp-block-media-text__content\">\n<p>Les eaux de puits d\u00e9signent les eaux extraites d\u2019une nappe souterraine peu profonde, les eaux douces se trouvent dans les rivi\u00e8res, lacs et eaux de pluie, elles sont faiblement min\u00e9ralis\u00e9es. Les eaux de forage sont pr\u00e9lev\u00e9es plus en profondeur que dans un puits.<\/p>\n\n\n\n<p><strong>L\u2019usage des eaux de puits, eaux douces et de forage est autoris\u00e9 sous certaines conditions<\/strong> :<\/p>\n<\/div><\/div>\n\n\n\n<div class=\"wp-block-media-text has-media-on-the-right is-stacked-on-mobile has-base-color has-custom-bleu-background-color has-text-color has-background has-link-color wp-elements-118e0942b3fc341585abce32eaff0de7\" style=\"grid-template-columns:auto 15%\"><div class=\"wp-block-media-text__content\">\n<p>Il est obligatoire de faire une demande en pr\u00e9fecture. Cliquez <a href=\"https:\/\/www.demarches-simplifiees.fr\/commencer\/declaration-au-prefet-d-un-systeme-d-utilisation-d-eaux-impropres-a-la-consomation-humaine-pour-des-usages-domestiques-au-titre-de-l-article-r-1322-100-du-code-de-la-sante-publique\">ICI<\/a> pour \u00e9tablir votre d\u00e9claration.<\/p>\n<\/div><figure class=\"wp-block-media-text__media\"><img loading=\"lazy\" decoding=\"async\" width=\"400\" height=\"400\" src=\"https:\/\/transitions.bzh\/ecodopro\/wp-content\/uploads\/ECODO-icono-attention.png\" alt=\"\" class=\"wp-image-298 size-full\" srcset=\"https:\/\/transitions.bzh\/ecodopro\/wp-content\/uploads\/ECODO-icono-attention.png 400w, https:\/\/transitions.bzh\/ecodopro\/wp-content\/uploads\/ECODO-icono-attention-300x300.png 300w, https:\/\/transitions.bzh\/ecodopro\/wp-content\/uploads\/ECODO-icono-attention-150x150.png 150w\" sizes=\"auto, (max-width: 400px) 100vw, 400px\" \/><\/figure><\/div>\n\n\n\n<div class=\"wp-block-media-text has-media-on-the-right is-stacked-on-mobile has-base-color has-custom-bleu-background-color has-text-color has-background has-link-color wp-elements-7b3e46983d895a0f2cfd261686c66283\" style=\"grid-template-columns:auto 15%\"><div class=\"wp-block-media-text__content\">\n<p>Si vous souhaitez utiliser l\u2019eau de vos puits et de vos forages dans le cadre d\u2019une activit\u00e9 de lavage du linge, il est n\u00e9cessaire qu\u2019elle obtienne le crit\u00e8re Qualit\u00e9 A+.<\/p>\n<\/div><figure class=\"wp-block-media-text__media\"><img loading=\"lazy\" decoding=\"async\" width=\"400\" height=\"400\" src=\"https:\/\/transitions.bzh\/ecodopro\/wp-content\/uploads\/ECODO-icono-attention.png\" alt=\"\" class=\"wp-image-298 size-full\" srcset=\"https:\/\/transitions.bzh\/ecodopro\/wp-content\/uploads\/ECODO-icono-attention.png 400w, https:\/\/transitions.bzh\/ecodopro\/wp-content\/uploads\/ECODO-icono-attention-300x300.png 300w, https:\/\/transitions.bzh\/ecodopro\/wp-content\/uploads\/ECODO-icono-attention-150x150.png 150w\" sizes=\"auto, (max-width: 400px) 100vw, 400px\" \/><\/figure><\/div>\n<\/div>\n<\/details>\n\n\n\n<div class=\"wp-block-media-text is-stacked-on-mobile has-base-color has-custom-noir-background-color has-text-color has-background has-link-color wp-elements-f040898bf23a58ae6d4ecca74c2f6cd0\" style=\"grid-template-columns:20% auto\"><figure class=\"wp-block-media-text__media\"><img loading=\"lazy\" decoding=\"async\" width=\"1024\" height=\"754\" src=\"https:\/\/transitions.bzh\/ecodopro\/wp-content\/uploads\/ECODOPRO-icono-point-legisltaif-1024x754.png\" alt=\"\" class=\"wp-image-89 size-full\" srcset=\"https:\/\/transitions.bzh\/ecodopro\/wp-content\/uploads\/ECODOPRO-icono-point-legisltaif-1024x754.png 1024w, https:\/\/transitions.bzh\/ecodopro\/wp-content\/uploads\/ECODOPRO-icono-point-legisltaif-300x221.png 300w, https:\/\/transitions.bzh\/ecodopro\/wp-content\/uploads\/ECODOPRO-icono-point-legisltaif-768x566.png 768w, https:\/\/transitions.bzh\/ecodopro\/wp-content\/uploads\/ECODOPRO-icono-point-legisltaif.png 1078w\" sizes=\"auto, (max-width: 1024px) 100vw, 1024px\" \/><\/figure><div class=\"wp-block-media-text__content\">\n<p>Retrouvez la r\u00e9glementation en vigueur de <a href=\"https:\/\/www.legifrance.gouv.fr\/codes\/article_lc\/LEGIARTI000049967581\">R. 1322-90 10\u00b0 a Code Sant\u00e9 Publique .<\/a><\/p>\n<\/div><\/div>\n\n\n\n<details class=\"wp-block-details\"><summary><mark style=\"background-color:#111111;color:#FFFFFF\" class=\"has-inline-color is-layout-flow wp-block-details-is-layout-flow\"><strong>Les eaux grises et de piscine <\/strong><\/mark><\/summary>\n<div class=\"wp-block-media-text is-stacked-on-mobile\" style=\"grid-template-columns:15% auto\"><figure class=\"wp-block-media-text__media\"><img loading=\"lazy\" decoding=\"async\" width=\"400\" height=\"400\" src=\"https:\/\/transitions.bzh\/ecodopro\/wp-content\/uploads\/Ecodopro-icono-type-eaux-grises-piscine.png\" alt=\"\" class=\"wp-image-225 size-full\" srcset=\"https:\/\/transitions.bzh\/ecodopro\/wp-content\/uploads\/Ecodopro-icono-type-eaux-grises-piscine.png 400w, https:\/\/transitions.bzh\/ecodopro\/wp-content\/uploads\/Ecodopro-icono-type-eaux-grises-piscine-300x300.png 300w, https:\/\/transitions.bzh\/ecodopro\/wp-content\/uploads\/Ecodopro-icono-type-eaux-grises-piscine-150x150.png 150w\" sizes=\"auto, (max-width: 400px) 100vw, 400px\" \/><\/figure><div class=\"wp-block-media-text__content\">\n<p>Les eaux grises et eaux de piscine d\u00e9signent les eaux provenant des op\u00e9rations de vidanges des bassins, des p\u00e9diluves, des rampes d&rsquo;aspersions pour pieds et des filtres.<\/p>\n\n\n\n<p><strong><strong>le recyclage ou la r\u00e9utilisation<\/strong> des <strong>eaux grises<\/strong> (issues de douches, lavabos, lave-linge) et des <strong>eaux de piscines<\/strong> est <strong>autoris\u00e9 uniquement dans un cadre exp\u00e9rimental<\/strong>.<br>Autrement dit, seules certaines installations peuvent le faire \u00e0 titre de test, sous contr\u00f4le des autorit\u00e9s, afin d\u2019\u00e9valuer la <strong>s\u00e9curit\u00e9 sanitaire<\/strong> et la <strong>faisabilit\u00e9 technique<\/strong> avant une \u00e9ventuelle g\u00e9n\u00e9ralisation.<\/strong><\/p>\n<\/div><\/div>\n\n\n\n<div class=\"wp-block-media-text has-media-on-the-right is-stacked-on-mobile has-base-color has-custom-bleu-background-color has-text-color has-background has-link-color wp-elements-094790057c6f9cd29f00ab8c0c766bd9\" style=\"grid-template-columns:auto 18%\"><div class=\"wp-block-media-text__content\">\n<p>Si vous souhaitez utiliser l\u2019eau de vos puits et de vos forages dans le cadre d\u2019une activit\u00e9 de lavage du linge, il est n\u00e9cessaire qu\u2019elle obtienne le crit\u00e8re Qualit\u00e9 A+.<\/p>\n<\/div><figure class=\"wp-block-media-text__media\"><img loading=\"lazy\" decoding=\"async\" width=\"400\" height=\"400\" src=\"https:\/\/transitions.bzh\/ecodopro\/wp-content\/uploads\/ECODO-icono-attention-1.png\" alt=\"\" class=\"wp-image-341 size-full\" srcset=\"https:\/\/transitions.bzh\/ecodopro\/wp-content\/uploads\/ECODO-icono-attention-1.png 400w, https:\/\/transitions.bzh\/ecodopro\/wp-content\/uploads\/ECODO-icono-attention-1-300x300.png 300w, https:\/\/transitions.bzh\/ecodopro\/wp-content\/uploads\/ECODO-icono-attention-1-150x150.png 150w\" sizes=\"auto, (max-width: 400px) 100vw, 400px\" \/><\/figure><\/div>\n<\/details>\n\n\n\n<details class=\"wp-block-details\"><summary><mark style=\"background-color:#111111;color:#FFFFFF\" class=\"has-inline-color is-layout-flow wp-block-details-is-layout-flow\"> <strong>Les eaux <\/strong>noires ou \u00ab\u00a0eaux vannes\u00a0\u00bb<\/mark><\/summary>\n<div class=\"wp-block-group is-vertical is-layout-flex wp-container-core-group-is-layout-fe9cc265 wp-block-group-is-layout-flex\">\n<div class=\"wp-block-media-text is-stacked-on-mobile\" style=\"grid-template-columns:15% auto\"><figure class=\"wp-block-media-text__media\"><img loading=\"lazy\" decoding=\"async\" width=\"400\" height=\"400\" src=\"https:\/\/transitions.bzh\/ecodopro\/wp-content\/uploads\/Ecodopro-icono-type-Eaux-usees-traitees.png\" alt=\"\" class=\"wp-image-297 size-full\" srcset=\"https:\/\/transitions.bzh\/ecodopro\/wp-content\/uploads\/Ecodopro-icono-type-Eaux-usees-traitees.png 400w, https:\/\/transitions.bzh\/ecodopro\/wp-content\/uploads\/Ecodopro-icono-type-Eaux-usees-traitees-300x300.png 300w, https:\/\/transitions.bzh\/ecodopro\/wp-content\/uploads\/Ecodopro-icono-type-Eaux-usees-traitees-150x150.png 150w\" sizes=\"auto, (max-width: 400px) 100vw, 400px\" \/><\/figure><div class=\"wp-block-media-text__content\">\n<p>Les eaux Les <strong>eaux noires<\/strong> ou \u00ab\u00a0<strong>eaux vannes<\/strong>\u00a0\u00bb sont les eaux us\u00e9es provenant du <strong>du r\u00e9seau d&rsquo;\u00e9vacuation<\/strong>.<br>Elles contiennent des mati\u00e8res organiques et des micro-organismes pathog\u00e8nes, n\u00e9cessitant un <strong>traitement sp\u00e9cifique<\/strong> avant tout rejet ou recyclage.<\/p>\n<\/div><\/div>\n\n\n\n<div class=\"wp-block-media-text has-media-on-the-right is-stacked-on-mobile has-custom-bleu-background-color has-background\" style=\"grid-template-columns:auto 15%\"><div class=\"wp-block-media-text__content\">\n<p class=\"has-base-color has-text-color has-link-color wp-elements-7bc6b1974687633960de405a5e91b645\">Il est strictement interdit d&rsquo;utiliser cette eau dans le cadre de votre activit\u00e9.<\/p>\n<\/div><figure class=\"wp-block-media-text__media\"><img loading=\"lazy\" decoding=\"async\" width=\"400\" height=\"400\" src=\"https:\/\/transitions.bzh\/ecodopro\/wp-content\/uploads\/ECODO-icono-attention.png\" alt=\"\" class=\"wp-image-298 size-full\" srcset=\"https:\/\/transitions.bzh\/ecodopro\/wp-content\/uploads\/ECODO-icono-attention.png 400w, https:\/\/transitions.bzh\/ecodopro\/wp-content\/uploads\/ECODO-icono-attention-300x300.png 300w, https:\/\/transitions.bzh\/ecodopro\/wp-content\/uploads\/ECODO-icono-attention-150x150.png 150w\" sizes=\"auto, (max-width: 400px) 100vw, 400px\" \/><\/figure><\/div>\n<\/div>\n<\/details>\n\n\n\n<details class=\"wp-block-details\"><summary><mark style=\"background-color:#111111;color:#FFFFFF\" class=\"has-inline-color is-layout-flow wp-block-details-is-layout-flow\"> <strong>Les eaux us\u00e9es trait\u00e9es (EUT)<\/strong> <\/mark><\/summary>\n<div class=\"wp-block-group is-vertical is-layout-flex wp-container-core-group-is-layout-fe9cc265 wp-block-group-is-layout-flex\">\n<div class=\"wp-block-media-text is-stacked-on-mobile\" style=\"grid-template-columns:15% auto\"><figure class=\"wp-block-media-text__media\"><img loading=\"lazy\" decoding=\"async\" width=\"400\" height=\"400\" src=\"https:\/\/transitions.bzh\/ecodopro\/wp-content\/uploads\/Ecodopro-icono-type-Eaux-REUT.png\" alt=\"\" class=\"wp-image-362 size-full\" srcset=\"https:\/\/transitions.bzh\/ecodopro\/wp-content\/uploads\/Ecodopro-icono-type-Eaux-REUT.png 400w, https:\/\/transitions.bzh\/ecodopro\/wp-content\/uploads\/Ecodopro-icono-type-Eaux-REUT-300x300.png 300w, https:\/\/transitions.bzh\/ecodopro\/wp-content\/uploads\/Ecodopro-icono-type-Eaux-REUT-150x150.png 150w\" sizes=\"auto, (max-width: 400px) 100vw, 400px\" \/><\/figure><div class=\"wp-block-media-text__content\">\n<p>Les eaux us\u00e9es trait\u00e9es d\u00e9signent les eaux directement sorties de station d&rsquo;\u00e9puration des eaux us\u00e9es (STEP).<\/p>\n<\/div><\/div>\n\n\n\n<div class=\"wp-block-media-text has-media-on-the-right is-stacked-on-mobile has-custom-bleu-background-color has-background\" style=\"grid-template-columns:auto 15%\"><div class=\"wp-block-media-text__content\">\n<p class=\"has-base-color has-text-color has-link-color wp-elements-7bc6b1974687633960de405a5e91b645\">Il est strictement interdit d&rsquo;utiliser cette eau dans le cadre de votre activit\u00e9.<\/p>\n<\/div><figure class=\"wp-block-media-text__media\"><img loading=\"lazy\" decoding=\"async\" width=\"400\" height=\"400\" src=\"https:\/\/transitions.bzh\/ecodopro\/wp-content\/uploads\/ECODO-icono-attention.png\" alt=\"\" class=\"wp-image-298 size-full\" srcset=\"https:\/\/transitions.bzh\/ecodopro\/wp-content\/uploads\/ECODO-icono-attention.png 400w, https:\/\/transitions.bzh\/ecodopro\/wp-content\/uploads\/ECODO-icono-attention-300x300.png 300w, https:\/\/transitions.bzh\/ecodopro\/wp-content\/uploads\/ECODO-icono-attention-150x150.png 150w\" sizes=\"auto, (max-width: 400px) 100vw, 400px\" \/><\/figure><\/div>\n<\/div>\n<\/details>\n","protected":false},"excerpt":{"rendered":"<p>D\u00e9couvrez en bref la r\u00e9glementation sp\u00e9cifique li\u00e9 \u00e0 chaque type d\u2019eau, \u00e0 savoir : Retrouvez la r\u00e9glementation en vigueur de R. 1322-90 10\u00b0 a Code Sant\u00e9 Publique .<\/p>\n","protected":false},"author":2,"featured_media":0,"parent":0,"menu_order":0,"comment_status":"closed","ping_status":"closed","template":"","meta":{"footnotes":""},"class_list":["post-388","page","type-page","status-publish","hentry"],"yoast_head":"<!-- This site is optimized with the Yoast SEO plugin v25.8 - https:\/\/yoast.com\/wordpress\/plugins\/seo\/ -->\n<title>Blanchisserie hors ICPE : r\u00e9glementation par type d&#039;eau -<\/title>\n<meta name=\"robots\" content=\"index, follow, max-snippet:-1, max-image-preview:large, max-video-preview:-1\" \/>\n<link rel=\"canonical\" href=\"https:\/\/transitions.bzh\/ecodopro\/blanchisserie-hors-icpe-reglementation-par-type-deau\/\" \/>\n<meta property=\"og:locale\" content=\"fr_FR\" \/>\n<meta property=\"og:type\" content=\"article\" \/>\n<meta property=\"og:title\" content=\"Blanchisserie hors ICPE : r\u00e9glementation par type d&#039;eau -\" \/>\n<meta property=\"og:description\" content=\"D\u00e9couvrez en bref la r\u00e9glementation sp\u00e9cifique li\u00e9 \u00e0 chaque type d\u2019eau, \u00e0 savoir : Retrouvez la r\u00e9glementation en vigueur de R. 1322-90 10\u00b0 a Code Sant\u00e9 Publique .\" \/>\n<meta property=\"og:url\" content=\"https:\/\/transitions.bzh\/ecodopro\/blanchisserie-hors-icpe-reglementation-par-type-deau\/\" \/>\n<meta property=\"og:image\" content=\"https:\/\/transitions.bzh\/ecodopro\/wp-content\/uploads\/Ecodopro-icono-type-Eaux-de-puits-et-de-forage.png\" \/>\n\t<meta property=\"og:image:width\" content=\"400\" \/>\n\t<meta property=\"og:image:height\" content=\"400\" \/>\n\t<meta property=\"og:image:type\" content=\"image\/png\" \/>\n<meta name=\"twitter:card\" content=\"summary_large_image\" \/>\n<meta name=\"twitter:label1\" content=\"Dur\u00e9e de lecture estim\u00e9e\" \/>\n\t<meta name=\"twitter:data1\" content=\"4 minutes\" \/>\n<script type=\"application\/ld+json\" class=\"yoast-schema-graph\">{\"@context\":\"https:\/\/schema.org\",\"@graph\":[{\"@type\":\"WebPage\",\"@id\":\"https:\/\/transitions.bzh\/ecodopro\/blanchisserie-hors-icpe-reglementation-par-type-deau\/\",\"url\":\"https:\/\/transitions.bzh\/ecodopro\/blanchisserie-hors-icpe-reglementation-par-type-deau\/\",\"name\":\"Blanchisserie hors ICPE : r\u00e9glementation par type d'eau -\",\"isPartOf\":{\"@id\":\"https:\/\/transitions.bzh\/ecodopro\/#website\"},\"primaryImageOfPage\":{\"@id\":\"https:\/\/transitions.bzh\/ecodopro\/blanchisserie-hors-icpe-reglementation-par-type-deau\/#primaryimage\"},\"image\":{\"@id\":\"https:\/\/transitions.bzh\/ecodopro\/blanchisserie-hors-icpe-reglementation-par-type-deau\/#primaryimage\"},\"thumbnailUrl\":\"https:\/\/transitions.bzh\/ecodopro\/wp-content\/uploads\/Ecodopro-icono-type-Eaux-de-puits-et-de-forage.png\",\"datePublished\":\"2025-10-30T14:20:58+00:00\",\"breadcrumb\":{\"@id\":\"https:\/\/transitions.bzh\/ecodopro\/blanchisserie-hors-icpe-reglementation-par-type-deau\/#breadcrumb\"},\"inLanguage\":\"fr-FR\",\"potentialAction\":[{\"@type\":\"ReadAction\",\"target\":[\"https:\/\/transitions.bzh\/ecodopro\/blanchisserie-hors-icpe-reglementation-par-type-deau\/\"]}]},{\"@type\":\"ImageObject\",\"inLanguage\":\"fr-FR\",\"@id\":\"https:\/\/transitions.bzh\/ecodopro\/blanchisserie-hors-icpe-reglementation-par-type-deau\/#primaryimage\",\"url\":\"https:\/\/transitions.bzh\/ecodopro\/wp-content\/uploads\/Ecodopro-icono-type-Eaux-de-puits-et-de-forage.png\",\"contentUrl\":\"https:\/\/transitions.bzh\/ecodopro\/wp-content\/uploads\/Ecodopro-icono-type-Eaux-de-puits-et-de-forage.png\",\"width\":400,\"height\":400},{\"@type\":\"BreadcrumbList\",\"@id\":\"https:\/\/transitions.bzh\/ecodopro\/blanchisserie-hors-icpe-reglementation-par-type-deau\/#breadcrumb\",\"itemListElement\":[{\"@type\":\"ListItem\",\"position\":1,\"name\":\"Accueil\",\"item\":\"https:\/\/transitions.bzh\/ecodopro\/\"},{\"@type\":\"ListItem\",\"position\":2,\"name\":\"Blanchisserie hors ICPE : r\u00e9glementation par type d&rsquo;eau\"}]},{\"@type\":\"WebSite\",\"@id\":\"https:\/\/transitions.bzh\/ecodopro\/#website\",\"url\":\"https:\/\/transitions.bzh\/ecodopro\/\",\"name\":\"\",\"description\":\"\",\"potentialAction\":[{\"@type\":\"SearchAction\",\"target\":{\"@type\":\"EntryPoint\",\"urlTemplate\":\"https:\/\/transitions.bzh\/ecodopro\/?s={search_term_string}\"},\"query-input\":{\"@type\":\"PropertyValueSpecification\",\"valueRequired\":true,\"valueName\":\"search_term_string\"}}],\"inLanguage\":\"fr-FR\"}]}<\/script>\n<!-- \/ Yoast SEO plugin. -->","yoast_head_json":{"title":"Blanchisserie hors ICPE : r\u00e9glementation par type d'eau -","robots":{"index":"index","follow":"follow","max-snippet":"max-snippet:-1","max-image-preview":"max-image-preview:large","max-video-preview":"max-video-preview:-1"},"canonical":"https:\/\/transitions.bzh\/ecodopro\/blanchisserie-hors-icpe-reglementation-par-type-deau\/","og_locale":"fr_FR","og_type":"article","og_title":"Blanchisserie hors ICPE : r\u00e9glementation par type d'eau -","og_description":"D\u00e9couvrez en bref la r\u00e9glementation sp\u00e9cifique li\u00e9 \u00e0 chaque type d\u2019eau, \u00e0 savoir : Retrouvez la r\u00e9glementation en vigueur de R. 1322-90 10\u00b0 a Code Sant\u00e9 Publique .","og_url":"https:\/\/transitions.bzh\/ecodopro\/blanchisserie-hors-icpe-reglementation-par-type-deau\/","og_image":[{"width":400,"height":400,"url":"https:\/\/transitions.bzh\/ecodopro\/wp-content\/uploads\/Ecodopro-icono-type-Eaux-de-puits-et-de-forage.png","type":"image\/png"}],"twitter_card":"summary_large_image","twitter_misc":{"Dur\u00e9e de lecture estim\u00e9e":"4 minutes"},"schema":{"@context":"https:\/\/schema.org","@graph":[{"@type":"WebPage","@id":"https:\/\/transitions.bzh\/ecodopro\/blanchisserie-hors-icpe-reglementation-par-type-deau\/","url":"https:\/\/transitions.bzh\/ecodopro\/blanchisserie-hors-icpe-reglementation-par-type-deau\/","name":"Blanchisserie hors ICPE : r\u00e9glementation par type d'eau -","isPartOf":{"@id":"https:\/\/transitions.bzh\/ecodopro\/#website"},"primaryImageOfPage":{"@id":"https:\/\/transitions.bzh\/ecodopro\/blanchisserie-hors-icpe-reglementation-par-type-deau\/#primaryimage"},"image":{"@id":"https:\/\/transitions.bzh\/ecodopro\/blanchisserie-hors-icpe-reglementation-par-type-deau\/#primaryimage"},"thumbnailUrl":"https:\/\/transitions.bzh\/ecodopro\/wp-content\/uploads\/Ecodopro-icono-type-Eaux-de-puits-et-de-forage.png","datePublished":"2025-10-30T14:20:58+00:00","breadcrumb":{"@id":"https:\/\/transitions.bzh\/ecodopro\/blanchisserie-hors-icpe-reglementation-par-type-deau\/#breadcrumb"},"inLanguage":"fr-FR","potentialAction":[{"@type":"ReadAction","target":["https:\/\/transitions.bzh\/ecodopro\/blanchisserie-hors-icpe-reglementation-par-type-deau\/"]}]},{"@type":"ImageObject","inLanguage":"fr-FR","@id":"https:\/\/transitions.bzh\/ecodopro\/blanchisserie-hors-icpe-reglementation-par-type-deau\/#primaryimage","url":"https:\/\/transitions.bzh\/ecodopro\/wp-content\/uploads\/Ecodopro-icono-type-Eaux-de-puits-et-de-forage.png","contentUrl":"https:\/\/transitions.bzh\/ecodopro\/wp-content\/uploads\/Ecodopro-icono-type-Eaux-de-puits-et-de-forage.png","width":400,"height":400},{"@type":"BreadcrumbList","@id":"https:\/\/transitions.bzh\/ecodopro\/blanchisserie-hors-icpe-reglementation-par-type-deau\/#breadcrumb","itemListElement":[{"@type":"ListItem","position":1,"name":"Accueil","item":"https:\/\/transitions.bzh\/ecodopro\/"},{"@type":"ListItem","position":2,"name":"Blanchisserie hors ICPE : r\u00e9glementation par type d&rsquo;eau"}]},{"@type":"WebSite","@id":"https:\/\/transitions.bzh\/ecodopro\/#website","url":"https:\/\/transitions.bzh\/ecodopro\/","name":"","description":"","potentialAction":[{"@type":"SearchAction","target":{"@type":"EntryPoint","urlTemplate":"https:\/\/transitions.bzh\/ecodopro\/?s={search_term_string}"},"query-input":{"@type":"PropertyValueSpecification","valueRequired":true,"valueName":"search_term_string"}}],"inLanguage":"fr-FR"}]}},"_links":{"self":[{"href":"https:\/\/transitions.bzh\/ecodopro\/wp-json\/wp\/v2\/pages\/388","targetHints":{"allow":["GET"]}}],"collection":[{"href":"https:\/\/transitions.bzh\/ecodopro\/wp-json\/wp\/v2\/pages"}],"about":[{"href":"https:\/\/transitions.bzh\/ecodopro\/wp-json\/wp\/v2\/types\/page"}],"author":[{"embeddable":true,"href":"https:\/\/transitions.bzh\/ecodopro\/wp-json\/wp\/v2\/users\/2"}],"replies":[{"embeddable":true,"href":"https:\/\/transitions.bzh\/ecodopro\/wp-json\/wp\/v2\/comments?post=388"}],"version-history":[{"count":1,"href":"https:\/\/transitions.bzh\/ecodopro\/wp-json\/wp\/v2\/pages\/388\/revisions"}],"predecessor-version":[{"id":389,"href":"https:\/\/transitions.bzh\/ecodopro\/wp-json\/wp\/v2\/pages\/388\/revisions\/389"}],"wp:attachment":[{"href":"https:\/\/transitions.bzh\/ecodopro\/wp-json\/wp\/v2\/media?parent=388"}],"curies":[{"name":"wp","href":"https:\/\/api.w.org\/{rel}","templated":true}]}}