{"id":376,"date":"2025-10-30T14:48:36","date_gmt":"2025-10-30T13:48:36","guid":{"rendered":"https:\/\/transitions.bzh\/ecodopro\/?page_id=376"},"modified":"2025-10-30T15:21:52","modified_gmt":"2025-10-30T14:21:52","slug":"blanchisserie-hors-icpe-differents-usages-de-leau","status":"publish","type":"page","link":"https:\/\/transitions.bzh\/ecodopro\/blanchisserie-hors-icpe-differents-usages-de-leau\/","title":{"rendered":"Blanchisserie (hors ICPE) : diff\u00e9rents usages de l&rsquo;eau"},"content":{"rendered":"\n<div class=\"wp-block-group alignfull has-global-padding is-layout-constrained wp-block-group-is-layout-constrained\" style=\"margin-top:0;margin-bottom:0;padding-top:var(--wp--preset--spacing--50);padding-bottom:var(--wp--preset--spacing--50)\">\n<div class=\"wp-block-columns alignwide is-layout-flex wp-container-core-columns-is-layout-47c06fe3 wp-block-columns-is-layout-flex\">\n<div class=\"wp-block-column is-layout-flow wp-block-column-is-layout-flow\" style=\"flex-basis:56%\">\n<figure class=\"wp-block-image aligncenter size-full\"><img loading=\"lazy\" decoding=\"async\" width=\"2560\" height=\"1280\" src=\"https:\/\/transitions.bzh\/ecodopro\/wp-content\/uploads\/Design-sans-titre-25-scaled.png\" alt=\"\" class=\"wp-image-386\" style=\"object-fit:cover\" srcset=\"https:\/\/transitions.bzh\/ecodopro\/wp-content\/uploads\/Design-sans-titre-25-scaled.png 2560w, https:\/\/transitions.bzh\/ecodopro\/wp-content\/uploads\/Design-sans-titre-25-300x150.png 300w, https:\/\/transitions.bzh\/ecodopro\/wp-content\/uploads\/Design-sans-titre-25-1024x512.png 1024w, https:\/\/transitions.bzh\/ecodopro\/wp-content\/uploads\/Design-sans-titre-25-768x384.png 768w, https:\/\/transitions.bzh\/ecodopro\/wp-content\/uploads\/Design-sans-titre-25-1536x768.png 1536w, https:\/\/transitions.bzh\/ecodopro\/wp-content\/uploads\/Design-sans-titre-25-2048x1024.png 2048w\" sizes=\"auto, (max-width: 2560px) 100vw, 2560px\" \/><\/figure>\n<\/div>\n\n\n\n<div class=\"wp-block-column is-vertically-aligned-center is-layout-flow wp-container-core-column-is-layout-119bc444 wp-block-column-is-layout-flow\">\n<h2 class=\"wp-block-heading\"><strong>Blanchisserie hors ICPE<\/strong><\/h2>\n\n\n\n<p>Pour tout \u00e9tablissement de blanchisserie hors ICPE, s&rsquo;adressant \u00e0 un <strong>public sensible<\/strong> (h\u00f4pitaux, EHPAD, laboratoires) ou <strong>tout public<\/strong> (h\u00f4tels, restaurants, particuliers, entreprises), la <strong>r\u00e9glementation est la m\u00eame en fonction du type d&rsquo;eau utilis\u00e9. <\/strong><\/p>\n\n\n\n<div class=\"wp-block-buttons is-layout-flex wp-block-buttons-is-layout-flex\">\n<div class=\"wp-block-button\"><a class=\"wp-block-button__link wp-element-button\" href=\"https:\/\/transitions.bzh\/ecodopro\/blanchisserie-hors-icpe-reglementation-par-type-deau\/\">Consulter la r\u00e9glementation<\/a><\/div>\n<\/div>\n<\/div>\n<\/div>\n\n\n\n<div class=\"wp-block-columns alignwide is-layout-flex wp-container-core-columns-is-layout-47c06fe3 wp-block-columns-is-layout-flex\"><\/div>\n<\/div>\n","protected":false},"excerpt":{"rendered":"<p>Blanchisserie hors ICPE Pour tout \u00e9tablissement de blanchisserie hors ICPE, s&rsquo;adressant \u00e0 un public sensible (h\u00f4pitaux, EHPAD, laboratoires) ou tout public (h\u00f4tels, restaurants, particuliers, entreprises), la r\u00e9glementation est la m\u00eame en fonction du type d&rsquo;eau utilis\u00e9.<\/p>\n","protected":false},"author":2,"featured_media":0,"parent":0,"menu_order":0,"comment_status":"closed","ping_status":"closed","template":"","meta":{"footnotes":""},"class_list":["post-376","page","type-page","status-publish","hentry"],"yoast_head":"<!-- This site is optimized with the Yoast SEO plugin v25.8 - https:\/\/yoast.com\/wordpress\/plugins\/seo\/ -->\n<title>Blanchisserie (hors ICPE) : diff\u00e9rents usages de l&#039;eau -<\/title>\n<meta name=\"robots\" content=\"index, follow, max-snippet:-1, max-image-preview:large, max-video-preview:-1\" \/>\n<link rel=\"canonical\" href=\"https:\/\/transitions.bzh\/ecodopro\/blanchisserie-hors-icpe-differents-usages-de-leau\/\" \/>\n<meta property=\"og:locale\" content=\"fr_FR\" \/>\n<meta property=\"og:type\" content=\"article\" \/>\n<meta property=\"og:title\" content=\"Blanchisserie (hors ICPE) : diff\u00e9rents usages de l&#039;eau -\" \/>\n<meta property=\"og:description\" content=\"Blanchisserie hors ICPE Pour tout \u00e9tablissement de blanchisserie hors ICPE, s&rsquo;adressant \u00e0 un public sensible (h\u00f4pitaux, EHPAD, laboratoires) ou tout public (h\u00f4tels, restaurants, particuliers, entreprises), la r\u00e9glementation est la m\u00eame en fonction du type d&rsquo;eau utilis\u00e9.\" \/>\n<meta property=\"og:url\" content=\"https:\/\/transitions.bzh\/ecodopro\/blanchisserie-hors-icpe-differents-usages-de-leau\/\" \/>\n<meta property=\"article:modified_time\" content=\"2025-10-30T14:21:52+00:00\" \/>\n<meta property=\"og:image\" content=\"https:\/\/transitions.bzh\/ecodopro\/wp-content\/uploads\/Design-sans-titre-25-scaled.png\" \/>\n\t<meta property=\"og:image:width\" content=\"2560\" \/>\n\t<meta property=\"og:image:height\" content=\"1280\" \/>\n\t<meta property=\"og:image:type\" content=\"image\/png\" \/>\n<meta name=\"twitter:card\" content=\"summary_large_image\" \/>\n<meta name=\"twitter:label1\" content=\"Dur\u00e9e de lecture estim\u00e9e\" \/>\n\t<meta name=\"twitter:data1\" content=\"1 minute\" \/>\n<script type=\"application\/ld+json\" class=\"yoast-schema-graph\">{\"@context\":\"https:\/\/schema.org\",\"@graph\":[{\"@type\":\"WebPage\",\"@id\":\"https:\/\/transitions.bzh\/ecodopro\/blanchisserie-hors-icpe-differents-usages-de-leau\/\",\"url\":\"https:\/\/transitions.bzh\/ecodopro\/blanchisserie-hors-icpe-differents-usages-de-leau\/\",\"name\":\"Blanchisserie (hors ICPE) : diff\u00e9rents usages de l'eau -\",\"isPartOf\":{\"@id\":\"https:\/\/transitions.bzh\/ecodopro\/#website\"},\"primaryImageOfPage\":{\"@id\":\"https:\/\/transitions.bzh\/ecodopro\/blanchisserie-hors-icpe-differents-usages-de-leau\/#primaryimage\"},\"image\":{\"@id\":\"https:\/\/transitions.bzh\/ecodopro\/blanchisserie-hors-icpe-differents-usages-de-leau\/#primaryimage\"},\"thumbnailUrl\":\"https:\/\/transitions.bzh\/ecodopro\/wp-content\/uploads\/Design-sans-titre-25-scaled.png\",\"datePublished\":\"2025-10-30T13:48:36+00:00\",\"dateModified\":\"2025-10-30T14:21:52+00:00\",\"breadcrumb\":{\"@id\":\"https:\/\/transitions.bzh\/ecodopro\/blanchisserie-hors-icpe-differents-usages-de-leau\/#breadcrumb\"},\"inLanguage\":\"fr-FR\",\"potentialAction\":[{\"@type\":\"ReadAction\",\"target\":[\"https:\/\/transitions.bzh\/ecodopro\/blanchisserie-hors-icpe-differents-usages-de-leau\/\"]}]},{\"@type\":\"ImageObject\",\"inLanguage\":\"fr-FR\",\"@id\":\"https:\/\/transitions.bzh\/ecodopro\/blanchisserie-hors-icpe-differents-usages-de-leau\/#primaryimage\",\"url\":\"https:\/\/transitions.bzh\/ecodopro\/wp-content\/uploads\/Design-sans-titre-25-scaled.png\",\"contentUrl\":\"https:\/\/transitions.bzh\/ecodopro\/wp-content\/uploads\/Design-sans-titre-25-scaled.png\",\"width\":2560,\"height\":1280},{\"@type\":\"BreadcrumbList\",\"@id\":\"https:\/\/transitions.bzh\/ecodopro\/blanchisserie-hors-icpe-differents-usages-de-leau\/#breadcrumb\",\"itemListElement\":[{\"@type\":\"ListItem\",\"position\":1,\"name\":\"Accueil\",\"item\":\"https:\/\/transitions.bzh\/ecodopro\/\"},{\"@type\":\"ListItem\",\"position\":2,\"name\":\"Blanchisserie (hors ICPE) : diff\u00e9rents usages de l&rsquo;eau\"}]},{\"@type\":\"WebSite\",\"@id\":\"https:\/\/transitions.bzh\/ecodopro\/#website\",\"url\":\"https:\/\/transitions.bzh\/ecodopro\/\",\"name\":\"\",\"description\":\"\",\"potentialAction\":[{\"@type\":\"SearchAction\",\"target\":{\"@type\":\"EntryPoint\",\"urlTemplate\":\"https:\/\/transitions.bzh\/ecodopro\/?s={search_term_string}\"},\"query-input\":{\"@type\":\"PropertyValueSpecification\",\"valueRequired\":true,\"valueName\":\"search_term_string\"}}],\"inLanguage\":\"fr-FR\"}]}<\/script>\n<!-- \/ Yoast SEO plugin. -->","yoast_head_json":{"title":"Blanchisserie (hors ICPE) : diff\u00e9rents usages de l'eau -","robots":{"index":"index","follow":"follow","max-snippet":"max-snippet:-1","max-image-preview":"max-image-preview:large","max-video-preview":"max-video-preview:-1"},"canonical":"https:\/\/transitions.bzh\/ecodopro\/blanchisserie-hors-icpe-differents-usages-de-leau\/","og_locale":"fr_FR","og_type":"article","og_title":"Blanchisserie (hors ICPE) : diff\u00e9rents usages de l'eau -","og_description":"Blanchisserie hors ICPE Pour tout \u00e9tablissement de blanchisserie hors ICPE, s&rsquo;adressant \u00e0 un public sensible (h\u00f4pitaux, EHPAD, laboratoires) ou tout public (h\u00f4tels, restaurants, particuliers, entreprises), la r\u00e9glementation est la m\u00eame en fonction du type d&rsquo;eau utilis\u00e9.","og_url":"https:\/\/transitions.bzh\/ecodopro\/blanchisserie-hors-icpe-differents-usages-de-leau\/","article_modified_time":"2025-10-30T14:21:52+00:00","og_image":[{"width":2560,"height":1280,"url":"https:\/\/transitions.bzh\/ecodopro\/wp-content\/uploads\/Design-sans-titre-25-scaled.png","type":"image\/png"}],"twitter_card":"summary_large_image","twitter_misc":{"Dur\u00e9e de lecture estim\u00e9e":"1 minute"},"schema":{"@context":"https:\/\/schema.org","@graph":[{"@type":"WebPage","@id":"https:\/\/transitions.bzh\/ecodopro\/blanchisserie-hors-icpe-differents-usages-de-leau\/","url":"https:\/\/transitions.bzh\/ecodopro\/blanchisserie-hors-icpe-differents-usages-de-leau\/","name":"Blanchisserie (hors ICPE) : diff\u00e9rents usages de l'eau -","isPartOf":{"@id":"https:\/\/transitions.bzh\/ecodopro\/#website"},"primaryImageOfPage":{"@id":"https:\/\/transitions.bzh\/ecodopro\/blanchisserie-hors-icpe-differents-usages-de-leau\/#primaryimage"},"image":{"@id":"https:\/\/transitions.bzh\/ecodopro\/blanchisserie-hors-icpe-differents-usages-de-leau\/#primaryimage"},"thumbnailUrl":"https:\/\/transitions.bzh\/ecodopro\/wp-content\/uploads\/Design-sans-titre-25-scaled.png","datePublished":"2025-10-30T13:48:36+00:00","dateModified":"2025-10-30T14:21:52+00:00","breadcrumb":{"@id":"https:\/\/transitions.bzh\/ecodopro\/blanchisserie-hors-icpe-differents-usages-de-leau\/#breadcrumb"},"inLanguage":"fr-FR","potentialAction":[{"@type":"ReadAction","target":["https:\/\/transitions.bzh\/ecodopro\/blanchisserie-hors-icpe-differents-usages-de-leau\/"]}]},{"@type":"ImageObject","inLanguage":"fr-FR","@id":"https:\/\/transitions.bzh\/ecodopro\/blanchisserie-hors-icpe-differents-usages-de-leau\/#primaryimage","url":"https:\/\/transitions.bzh\/ecodopro\/wp-content\/uploads\/Design-sans-titre-25-scaled.png","contentUrl":"https:\/\/transitions.bzh\/ecodopro\/wp-content\/uploads\/Design-sans-titre-25-scaled.png","width":2560,"height":1280},{"@type":"BreadcrumbList","@id":"https:\/\/transitions.bzh\/ecodopro\/blanchisserie-hors-icpe-differents-usages-de-leau\/#breadcrumb","itemListElement":[{"@type":"ListItem","position":1,"name":"Accueil","item":"https:\/\/transitions.bzh\/ecodopro\/"},{"@type":"ListItem","position":2,"name":"Blanchisserie (hors ICPE) : diff\u00e9rents usages de l&rsquo;eau"}]},{"@type":"WebSite","@id":"https:\/\/transitions.bzh\/ecodopro\/#website","url":"https:\/\/transitions.bzh\/ecodopro\/","name":"","description":"","potentialAction":[{"@type":"SearchAction","target":{"@type":"EntryPoint","urlTemplate":"https:\/\/transitions.bzh\/ecodopro\/?s={search_term_string}"},"query-input":{"@type":"PropertyValueSpecification","valueRequired":true,"valueName":"search_term_string"}}],"inLanguage":"fr-FR"}]}},"_links":{"self":[{"href":"https:\/\/transitions.bzh\/ecodopro\/wp-json\/wp\/v2\/pages\/376","targetHints":{"allow":["GET"]}}],"collection":[{"href":"https:\/\/transitions.bzh\/ecodopro\/wp-json\/wp\/v2\/pages"}],"about":[{"href":"https:\/\/transitions.bzh\/ecodopro\/wp-json\/wp\/v2\/types\/page"}],"author":[{"embeddable":true,"href":"https:\/\/transitions.bzh\/ecodopro\/wp-json\/wp\/v2\/users\/2"}],"replies":[{"embeddable":true,"href":"https:\/\/transitions.bzh\/ecodopro\/wp-json\/wp\/v2\/comments?post=376"}],"version-history":[{"count":4,"href":"https:\/\/transitions.bzh\/ecodopro\/wp-json\/wp\/v2\/pages\/376\/revisions"}],"predecessor-version":[{"id":390,"href":"https:\/\/transitions.bzh\/ecodopro\/wp-json\/wp\/v2\/pages\/376\/revisions\/390"}],"wp:attachment":[{"href":"https:\/\/transitions.bzh\/ecodopro\/wp-json\/wp\/v2\/media?parent=376"}],"curies":[{"name":"wp","href":"https:\/\/api.w.org\/{rel}","templated":true}]}}