{"id":360,"date":"2025-10-30T11:47:09","date_gmt":"2025-10-30T10:47:09","guid":{"rendered":"https:\/\/transitions.bzh\/ecodopro\/?page_id=360"},"modified":"2026-01-21T16:04:11","modified_gmt":"2026-01-21T15:04:11","slug":"blanchisserie-pour-tout-public-par-type-deau","status":"publish","type":"page","link":"https:\/\/transitions.bzh\/ecodopro\/blanchisserie-pour-tout-public-par-type-deau\/","title":{"rendered":"Blanchisserie pour tout public par type d&rsquo;eau"},"content":{"rendered":"\n<p>D\u00e9couvrez en bref la r\u00e9glementation sp\u00e9cifique li\u00e9 \u00e0 chaque type d&rsquo;eau, \u00e0 savoir :<\/p>\n\n\n\n<details class=\"wp-block-details\"><summary><mark style=\"background-color:#111111;color:#FFFFFF\" class=\"has-inline-color is-layout-flow wp-block-details-is-layout-flow\"> <strong>Les eaux de puits, eaux douces et de forage<\/strong> <\/mark><\/summary>\n<div class=\"wp-block-group is-vertical is-layout-flex wp-container-core-group-is-layout-fe9cc265 wp-block-group-is-layout-flex\">\n<div class=\"wp-block-media-text is-stacked-on-mobile\" style=\"grid-template-columns:15% auto\"><figure class=\"wp-block-media-text__media\"><img loading=\"lazy\" decoding=\"async\" width=\"400\" height=\"400\" src=\"https:\/\/transitions.bzh\/ecodopro\/wp-content\/uploads\/Ecodopro-icono-type-Eaux-de-puits-et-de-forage.png\" alt=\"\" class=\"wp-image-302 size-full\" srcset=\"https:\/\/transitions.bzh\/ecodopro\/wp-content\/uploads\/Ecodopro-icono-type-Eaux-de-puits-et-de-forage.png 400w, https:\/\/transitions.bzh\/ecodopro\/wp-content\/uploads\/Ecodopro-icono-type-Eaux-de-puits-et-de-forage-300x300.png 300w, https:\/\/transitions.bzh\/ecodopro\/wp-content\/uploads\/Ecodopro-icono-type-Eaux-de-puits-et-de-forage-150x150.png 150w\" sizes=\"auto, (max-width: 400px) 100vw, 400px\" \/><\/figure><div class=\"wp-block-media-text__content\">\n<p>Les eaux de puits d\u00e9signent les eaux extraites d\u2019une nappe souterraine peu profonde, les eaux douces se trouvent dans les rivi\u00e8res, lacs et eaux de pluie, elles sont faiblement min\u00e9ralis\u00e9es. Les eaux de forage sont pr\u00e9lev\u00e9es plus en profondeur que dans un puits.<\/p>\n\n\n\n<p><strong>L\u2019usage des eaux de puits et de forage est autoris\u00e9 sous certaines conditions.<\/strong><\/p>\n<\/div><\/div>\n\n\n\n<div class=\"wp-block-media-text has-media-on-the-right is-stacked-on-mobile has-base-color has-custom-bleu-background-color has-text-color has-background has-link-color wp-elements-0fcce84e171ab2a53765aec7157565d8\" style=\"grid-template-columns:auto 15%\"><div class=\"wp-block-media-text__content\">\n<p>Si vous souhaitez cr\u00e9er ou modifier un ou plusieurs forages\/pr\u00e9l\u00e8vements, il est n\u00e9cessaire de porter \u00e0 connaissance, aupr\u00e8s de votre pr\u00e9fecture. Cette d\u00e9marche est essentielle afin d\u2019\u00e9tudier les \u00e9ventuels impacts de votre projet sur la ressource.<\/p>\n<\/div><figure class=\"wp-block-media-text__media\"><img loading=\"lazy\" decoding=\"async\" width=\"400\" height=\"400\" src=\"https:\/\/transitions.bzh\/ecodopro\/wp-content\/uploads\/ECODO-icono-attention.png\" alt=\"\" class=\"wp-image-298 size-full\" srcset=\"https:\/\/transitions.bzh\/ecodopro\/wp-content\/uploads\/ECODO-icono-attention.png 400w, https:\/\/transitions.bzh\/ecodopro\/wp-content\/uploads\/ECODO-icono-attention-300x300.png 300w, https:\/\/transitions.bzh\/ecodopro\/wp-content\/uploads\/ECODO-icono-attention-150x150.png 150w\" sizes=\"auto, (max-width: 400px) 100vw, 400px\" \/><\/figure><\/div>\n\n\n\n<div class=\"wp-block-media-text has-media-on-the-right is-stacked-on-mobile has-base-color has-custom-bleu-background-color has-text-color has-background has-link-color wp-elements-7b3e46983d895a0f2cfd261686c66283\" style=\"grid-template-columns:auto 15%\"><div class=\"wp-block-media-text__content\">\n<p>Si vous souhaitez utiliser l\u2019eau de vos puits et de vos forages dans le cadre d\u2019une activit\u00e9 de lavage du linge, il est n\u00e9cessaire qu\u2019elle obtienne le crit\u00e8re Qualit\u00e9 A+.<\/p>\n<\/div><figure class=\"wp-block-media-text__media\"><img loading=\"lazy\" decoding=\"async\" width=\"400\" height=\"400\" src=\"https:\/\/transitions.bzh\/ecodopro\/wp-content\/uploads\/ECODO-icono-attention.png\" alt=\"\" class=\"wp-image-298 size-full\" srcset=\"https:\/\/transitions.bzh\/ecodopro\/wp-content\/uploads\/ECODO-icono-attention.png 400w, https:\/\/transitions.bzh\/ecodopro\/wp-content\/uploads\/ECODO-icono-attention-300x300.png 300w, https:\/\/transitions.bzh\/ecodopro\/wp-content\/uploads\/ECODO-icono-attention-150x150.png 150w\" sizes=\"auto, (max-width: 400px) 100vw, 400px\" \/><\/figure><\/div>\n<\/div>\n<\/details>\n\n\n\n<details class=\"wp-block-details\"><summary><mark style=\"background-color:#111111;color:#FFFFFF\" class=\"has-inline-color is-layout-flow wp-block-details-is-layout-flow\"><strong>Les eaux grises et de piscine <\/strong><\/mark><\/summary>\n<div class=\"wp-block-media-text is-stacked-on-mobile\" style=\"grid-template-columns:15% auto\"><figure class=\"wp-block-media-text__media\"><img loading=\"lazy\" decoding=\"async\" width=\"400\" height=\"400\" src=\"https:\/\/transitions.bzh\/ecodopro\/wp-content\/uploads\/Ecodopro-icono-type-eaux-grises-piscine.png\" alt=\"\" class=\"wp-image-225 size-full\" srcset=\"https:\/\/transitions.bzh\/ecodopro\/wp-content\/uploads\/Ecodopro-icono-type-eaux-grises-piscine.png 400w, https:\/\/transitions.bzh\/ecodopro\/wp-content\/uploads\/Ecodopro-icono-type-eaux-grises-piscine-300x300.png 300w, https:\/\/transitions.bzh\/ecodopro\/wp-content\/uploads\/Ecodopro-icono-type-eaux-grises-piscine-150x150.png 150w\" sizes=\"auto, (max-width: 400px) 100vw, 400px\" \/><\/figure><div class=\"wp-block-media-text__content\">\n<p>Les eaux grises et eaux de piscine d\u00e9signent les eaux provenant des op\u00e9rations de vidanges des bassins, des p\u00e9diluves, des rampes d&rsquo;aspersions pour pieds et des filtres.<\/p>\n\n\n\n<p><strong>L\u2019usage des eaux de piscine est autoris\u00e9 sous certaines conditions :<\/strong><\/p>\n<\/div><\/div>\n\n\n\n<div class=\"wp-block-media-text has-media-on-the-right is-stacked-on-mobile has-base-color has-custom-bleu-background-color has-text-color has-background has-link-color wp-elements-f13f1b5bcf091448fb3dc51d021b78af\" style=\"grid-template-columns:auto 23%\"><div class=\"wp-block-media-text__content\">\n<p>Pour le lavage du linge (h\u00f4tels restaurants, entreprises et particuliers), il est n\u00e9cessaire d\u2019effectuer une demande d\u2019autorisation aupr\u00e8s de la pr\u00e9fecture. Vous devez d\u00e9poser un dossier en amont suivie d\u2019une autorisation pr\u00e9fectoral comportant, entre autres, les crit\u00e8res de qualit\u00e9 \u00e0 d\u00e9terminer par l&rsquo;exploitant. Pour en savoir plus, contactez <a href=\"https:\/\/www.bretagne.developpement-durable.gouv.fr\/\" target=\"_blank\" rel=\"noreferrer noopener\">la DREAL dans votre d\u00e9partement<\/a>.<\/p>\n<\/div><figure class=\"wp-block-media-text__media\"><img loading=\"lazy\" decoding=\"async\" width=\"400\" height=\"400\" src=\"https:\/\/transitions.bzh\/ecodopro\/wp-content\/uploads\/Blanchisserie-Hotel-particuliers-entreprises-1.png\" alt=\"\" class=\"wp-image-361 size-full\" srcset=\"https:\/\/transitions.bzh\/ecodopro\/wp-content\/uploads\/Blanchisserie-Hotel-particuliers-entreprises-1.png 400w, https:\/\/transitions.bzh\/ecodopro\/wp-content\/uploads\/Blanchisserie-Hotel-particuliers-entreprises-1-300x300.png 300w, https:\/\/transitions.bzh\/ecodopro\/wp-content\/uploads\/Blanchisserie-Hotel-particuliers-entreprises-1-150x150.png 150w\" sizes=\"auto, (max-width: 400px) 100vw, 400px\" \/><\/figure><\/div>\n<\/details>\n\n\n\n<details class=\"wp-block-details\"><summary><mark style=\"background-color:#111111;color:#FFFFFF\" class=\"has-inline-color is-layout-flow wp-block-details-is-layout-flow\"> <strong>Les eaux <\/strong>noires ou \u00ab\u00a0eaux vannes\u00a0\u00bb<\/mark><\/summary>\n<div class=\"wp-block-group is-vertical is-layout-flex wp-container-core-group-is-layout-fe9cc265 wp-block-group-is-layout-flex\">\n<div class=\"wp-block-media-text is-stacked-on-mobile\" style=\"grid-template-columns:15% auto\"><figure class=\"wp-block-media-text__media\"><img loading=\"lazy\" decoding=\"async\" width=\"400\" height=\"400\" src=\"https:\/\/transitions.bzh\/ecodopro\/wp-content\/uploads\/Ecodopro-icono-type-Eaux-usees-traitees.png\" alt=\"\" class=\"wp-image-297 size-full\" srcset=\"https:\/\/transitions.bzh\/ecodopro\/wp-content\/uploads\/Ecodopro-icono-type-Eaux-usees-traitees.png 400w, https:\/\/transitions.bzh\/ecodopro\/wp-content\/uploads\/Ecodopro-icono-type-Eaux-usees-traitees-300x300.png 300w, https:\/\/transitions.bzh\/ecodopro\/wp-content\/uploads\/Ecodopro-icono-type-Eaux-usees-traitees-150x150.png 150w\" sizes=\"auto, (max-width: 400px) 100vw, 400px\" \/><\/figure><div class=\"wp-block-media-text__content\">\n<p>Les eaux Les <strong>eaux noires<\/strong> ou \u00ab\u00a0<strong>eaux vannes<\/strong>\u00a0\u00bb sont les eaux us\u00e9es provenant du <strong>du r\u00e9seau d&rsquo;\u00e9vacuation<\/strong>.<br>Elles contiennent des mati\u00e8res organiques et des micro-organismes pathog\u00e8nes, n\u00e9cessitant un <strong>traitement sp\u00e9cifique<\/strong> avant tout rejet ou recyclage.<\/p>\n\n\n\n<p><strong>L\u2019usage des eaux us\u00e9es noires est autoris\u00e9 sous certaines conditions<\/strong> :<\/p>\n<\/div><\/div>\n\n\n\n<div class=\"wp-block-media-text has-media-on-the-right is-stacked-on-mobile has-custom-bleu-background-color has-background\" style=\"grid-template-columns:auto 15%\"><div class=\"wp-block-media-text__content\">\n<p class=\"has-base-color has-text-color has-link-color wp-elements-3dcf5196ddaa7bf583241574aa2873ef\">Pour le lavage du linge (h\u00f4tels restaurants, entreprises et particuliers), il est n\u00e9cessaire d\u2019effectuer une demande d\u2019autorisation aupr\u00e8s de la pr\u00e9fecture. Les crit\u00e8res de qualit\u00e9 de l&rsquo;eau sont \u00e0 d\u00e9finir par vous, l&rsquo;exploitant. Pour en savoir plus, contactez <a href=\"https:\/\/www.bretagne.developpement-durable.gouv.fr\/\" target=\"_blank\" rel=\"noreferrer noopener\">la DREAL dans votre d\u00e9partement<\/a>.<\/p>\n<\/div><figure class=\"wp-block-media-text__media\"><img loading=\"lazy\" decoding=\"async\" width=\"400\" height=\"400\" src=\"https:\/\/transitions.bzh\/ecodopro\/wp-content\/uploads\/ECODO-icono-attention.png\" alt=\"\" class=\"wp-image-298 size-full\" srcset=\"https:\/\/transitions.bzh\/ecodopro\/wp-content\/uploads\/ECODO-icono-attention.png 400w, https:\/\/transitions.bzh\/ecodopro\/wp-content\/uploads\/ECODO-icono-attention-300x300.png 300w, https:\/\/transitions.bzh\/ecodopro\/wp-content\/uploads\/ECODO-icono-attention-150x150.png 150w\" sizes=\"auto, (max-width: 400px) 100vw, 400px\" \/><\/figure><\/div>\n<\/div>\n<\/details>\n\n\n\n<details class=\"wp-block-details\"><summary><mark style=\"background-color:#111111;color:#FFFFFF\" class=\"has-inline-color is-layout-flow wp-block-details-is-layout-flow\"> <strong>Les eaux us\u00e9es trait\u00e9es (EUT)<\/strong> <\/mark><\/summary>\n<div class=\"wp-block-group is-vertical is-layout-flex wp-container-core-group-is-layout-fe9cc265 wp-block-group-is-layout-flex\">\n<div class=\"wp-block-media-text is-stacked-on-mobile\" style=\"grid-template-columns:15% auto\"><figure class=\"wp-block-media-text__media\"><img loading=\"lazy\" decoding=\"async\" width=\"400\" height=\"400\" src=\"https:\/\/transitions.bzh\/ecodopro\/wp-content\/uploads\/Ecodopro-icono-type-Eaux-REUT.png\" alt=\"\" class=\"wp-image-362 size-full\" srcset=\"https:\/\/transitions.bzh\/ecodopro\/wp-content\/uploads\/Ecodopro-icono-type-Eaux-REUT.png 400w, https:\/\/transitions.bzh\/ecodopro\/wp-content\/uploads\/Ecodopro-icono-type-Eaux-REUT-300x300.png 300w, https:\/\/transitions.bzh\/ecodopro\/wp-content\/uploads\/Ecodopro-icono-type-Eaux-REUT-150x150.png 150w\" sizes=\"auto, (max-width: 400px) 100vw, 400px\" \/><\/figure><div class=\"wp-block-media-text__content\">\n<p>Les eaux us\u00e9es trait\u00e9es d\u00e9signent les eaux directement sorties de station d&rsquo;\u00e9puration des eaux us\u00e9es (STEP).<\/p>\n\n\n\n<p><strong>L\u2019usage des eaux us\u00e9es trait\u00e9es (REUT) est autoris\u00e9 sous certaines conditions.<\/strong><\/p>\n<\/div><\/div>\n\n\n\n<div class=\"wp-block-media-text has-media-on-the-right is-stacked-on-mobile has-custom-bleu-background-color has-background\" style=\"grid-template-columns:auto 15%\"><div class=\"wp-block-media-text__content\">\n<p class=\"has-base-color has-text-color has-link-color wp-elements-c3625843befd2838c1f9d10e7340bbe7\">Si vous souhaitez utiliser des eaux us\u00e9es trait\u00e9es dans le cadre de votre activit\u00e9, il est n\u00e9cessaire d\u2019effectuer une demande d\u2019autorisation aupr\u00e8s de la pr\u00e9fecture. Pour en savoir plus, contactez&nbsp;<a href=\"https:\/\/www.bretagne.developpement-durable.gouv.fr\/\" target=\"_blank\" rel=\"noreferrer noopener\">la DREAL dans votre d\u00e9partement<\/a>.<\/p>\n<\/div><figure class=\"wp-block-media-text__media\"><img loading=\"lazy\" decoding=\"async\" width=\"400\" height=\"400\" src=\"https:\/\/transitions.bzh\/ecodopro\/wp-content\/uploads\/ECODO-icono-attention.png\" alt=\"\" class=\"wp-image-298 size-full\" srcset=\"https:\/\/transitions.bzh\/ecodopro\/wp-content\/uploads\/ECODO-icono-attention.png 400w, https:\/\/transitions.bzh\/ecodopro\/wp-content\/uploads\/ECODO-icono-attention-300x300.png 300w, https:\/\/transitions.bzh\/ecodopro\/wp-content\/uploads\/ECODO-icono-attention-150x150.png 150w\" sizes=\"auto, (max-width: 400px) 100vw, 400px\" \/><\/figure><\/div>\n\n\n\n<div class=\"wp-block-media-text has-media-on-the-right is-stacked-on-mobile has-custom-bleu-background-color has-background\" style=\"grid-template-columns:auto 15%\"><div class=\"wp-block-media-text__content\">\n<p class=\"has-base-color has-text-color has-link-color wp-elements-aac7e84c2f41413993f59dc7d2603605\">En cas d\u2019utilisation d\u2019eaux us\u00e9es, pensez \u00e0 \u00e9tudier l&rsquo;impact de votre activit\u00e9 sur le milieu naturel. Diminution du rejet : quantitatif et qualitatif.<\/p>\n<\/div><figure class=\"wp-block-media-text__media\"><img loading=\"lazy\" decoding=\"async\" width=\"400\" height=\"400\" src=\"https:\/\/transitions.bzh\/ecodopro\/wp-content\/uploads\/ECODO-icono-attention.png\" alt=\"\" class=\"wp-image-298 size-full\" srcset=\"https:\/\/transitions.bzh\/ecodopro\/wp-content\/uploads\/ECODO-icono-attention.png 400w, https:\/\/transitions.bzh\/ecodopro\/wp-content\/uploads\/ECODO-icono-attention-300x300.png 300w, https:\/\/transitions.bzh\/ecodopro\/wp-content\/uploads\/ECODO-icono-attention-150x150.png 150w\" sizes=\"auto, (max-width: 400px) 100vw, 400px\" \/><\/figure><\/div>\n<\/div>\n<\/details>\n\n\n\n<div class=\"wp-block-media-text is-stacked-on-mobile has-base-color has-custom-noir-background-color has-text-color has-background has-link-color wp-elements-718befa766d10a2de32835d57503fbf6\" style=\"grid-template-columns:20% auto\"><figure class=\"wp-block-media-text__media\"><img loading=\"lazy\" decoding=\"async\" width=\"1024\" height=\"754\" src=\"https:\/\/transitions.bzh\/ecodopro\/wp-content\/uploads\/ECODOPRO-icono-point-legisltaif-1024x754.png\" alt=\"\" class=\"wp-image-89 size-full\" srcset=\"https:\/\/transitions.bzh\/ecodopro\/wp-content\/uploads\/ECODOPRO-icono-point-legisltaif-1024x754.png 1024w, https:\/\/transitions.bzh\/ecodopro\/wp-content\/uploads\/ECODOPRO-icono-point-legisltaif-300x221.png 300w, https:\/\/transitions.bzh\/ecodopro\/wp-content\/uploads\/ECODOPRO-icono-point-legisltaif-768x566.png 768w, https:\/\/transitions.bzh\/ecodopro\/wp-content\/uploads\/ECODOPRO-icono-point-legisltaif.png 1078w\" sizes=\"auto, (max-width: 1024px) 100vw, 1024px\" \/><\/figure><div class=\"wp-block-media-text__content\">\n<p>L\u2019utilisation d\u2019eaux impropres \u00e0 la consommation humaine (EICH) au sein d\u2019ICPE d\u00e9pend de l\u2019<a href=\"https:\/\/www.legifrance.gouv.fr\/codes\/article_lc\/LEGIARTI000051331597\" target=\"_blank\" rel=\"noreferrer noopener\">article R. 512-100 du code de l\u2019environnement<\/a>&nbsp;ainsi que de l\u2019<a href=\"https:\/\/www.legifrance.gouv.fr\/jorf\/id\/JORFTEXT000051329413\" target=\"_blank\" rel=\"noreferrer noopener\">arr\u00eat\u00e9 minist\u00e9riel du 14 mars 2025 dans le cas d\u2019usages domestiques<\/a> au sein d&rsquo;ICPE.<\/p>\n<\/div><\/div>\n","protected":false},"excerpt":{"rendered":"<p>D\u00e9couvrez en bref la r\u00e9glementation sp\u00e9cifique li\u00e9 \u00e0 chaque type d&rsquo;eau, \u00e0 savoir : L\u2019utilisation d\u2019eaux impropres \u00e0 la consommation humaine (EICH) au sein d\u2019ICPE d\u00e9pend de l\u2019article R. 512-100 du code de l\u2019environnement&nbsp;ainsi que de l\u2019arr\u00eat\u00e9 minist\u00e9riel du 14 mars 2025 dans le cas d\u2019usages domestiques au sein d&rsquo;ICPE.<\/p>\n","protected":false},"author":2,"featured_media":0,"parent":0,"menu_order":0,"comment_status":"closed","ping_status":"closed","template":"","meta":{"footnotes":""},"class_list":["post-360","page","type-page","status-publish","hentry"],"yoast_head":"<!-- This site is optimized with the Yoast SEO plugin v25.8 - https:\/\/yoast.com\/wordpress\/plugins\/seo\/ -->\n<title>Blanchisserie pour tout public par type d&#039;eau -<\/title>\n<meta name=\"robots\" content=\"index, follow, max-snippet:-1, max-image-preview:large, max-video-preview:-1\" \/>\n<link rel=\"canonical\" href=\"https:\/\/transitions.bzh\/ecodopro\/blanchisserie-pour-tout-public-par-type-deau\/\" \/>\n<meta property=\"og:locale\" content=\"fr_FR\" \/>\n<meta property=\"og:type\" content=\"article\" \/>\n<meta property=\"og:title\" content=\"Blanchisserie pour tout public par type d&#039;eau -\" \/>\n<meta property=\"og:description\" content=\"D\u00e9couvrez en bref la r\u00e9glementation sp\u00e9cifique li\u00e9 \u00e0 chaque type d&rsquo;eau, \u00e0 savoir : L\u2019utilisation d\u2019eaux impropres \u00e0 la consommation humaine (EICH) au sein d\u2019ICPE d\u00e9pend de l\u2019article R. 512-100 du code de l\u2019environnement&nbsp;ainsi que de l\u2019arr\u00eat\u00e9 minist\u00e9riel du 14 mars 2025 dans le cas d\u2019usages domestiques au sein d&rsquo;ICPE.\" \/>\n<meta property=\"og:url\" content=\"https:\/\/transitions.bzh\/ecodopro\/blanchisserie-pour-tout-public-par-type-deau\/\" \/>\n<meta property=\"article:modified_time\" content=\"2026-01-21T15:04:11+00:00\" \/>\n<meta property=\"og:image\" content=\"https:\/\/transitions.bzh\/ecodopro\/wp-content\/uploads\/Ecodopro-icono-type-Eaux-de-puits-et-de-forage.png\" \/>\n\t<meta property=\"og:image:width\" content=\"400\" \/>\n\t<meta property=\"og:image:height\" content=\"400\" \/>\n\t<meta property=\"og:image:type\" content=\"image\/png\" \/>\n<meta name=\"twitter:card\" content=\"summary_large_image\" \/>\n<meta name=\"twitter:label1\" content=\"Dur\u00e9e de lecture estim\u00e9e\" \/>\n\t<meta name=\"twitter:data1\" content=\"5 minutes\" \/>\n<script type=\"application\/ld+json\" class=\"yoast-schema-graph\">{\"@context\":\"https:\/\/schema.org\",\"@graph\":[{\"@type\":\"WebPage\",\"@id\":\"https:\/\/transitions.bzh\/ecodopro\/blanchisserie-pour-tout-public-par-type-deau\/\",\"url\":\"https:\/\/transitions.bzh\/ecodopro\/blanchisserie-pour-tout-public-par-type-deau\/\",\"name\":\"Blanchisserie pour tout public par type d'eau -\",\"isPartOf\":{\"@id\":\"https:\/\/transitions.bzh\/ecodopro\/#website\"},\"primaryImageOfPage\":{\"@id\":\"https:\/\/transitions.bzh\/ecodopro\/blanchisserie-pour-tout-public-par-type-deau\/#primaryimage\"},\"image\":{\"@id\":\"https:\/\/transitions.bzh\/ecodopro\/blanchisserie-pour-tout-public-par-type-deau\/#primaryimage\"},\"thumbnailUrl\":\"https:\/\/transitions.bzh\/ecodopro\/wp-content\/uploads\/Ecodopro-icono-type-Eaux-de-puits-et-de-forage.png\",\"datePublished\":\"2025-10-30T10:47:09+00:00\",\"dateModified\":\"2026-01-21T15:04:11+00:00\",\"breadcrumb\":{\"@id\":\"https:\/\/transitions.bzh\/ecodopro\/blanchisserie-pour-tout-public-par-type-deau\/#breadcrumb\"},\"inLanguage\":\"fr-FR\",\"potentialAction\":[{\"@type\":\"ReadAction\",\"target\":[\"https:\/\/transitions.bzh\/ecodopro\/blanchisserie-pour-tout-public-par-type-deau\/\"]}]},{\"@type\":\"ImageObject\",\"inLanguage\":\"fr-FR\",\"@id\":\"https:\/\/transitions.bzh\/ecodopro\/blanchisserie-pour-tout-public-par-type-deau\/#primaryimage\",\"url\":\"https:\/\/transitions.bzh\/ecodopro\/wp-content\/uploads\/Ecodopro-icono-type-Eaux-de-puits-et-de-forage.png\",\"contentUrl\":\"https:\/\/transitions.bzh\/ecodopro\/wp-content\/uploads\/Ecodopro-icono-type-Eaux-de-puits-et-de-forage.png\",\"width\":400,\"height\":400},{\"@type\":\"BreadcrumbList\",\"@id\":\"https:\/\/transitions.bzh\/ecodopro\/blanchisserie-pour-tout-public-par-type-deau\/#breadcrumb\",\"itemListElement\":[{\"@type\":\"ListItem\",\"position\":1,\"name\":\"Accueil\",\"item\":\"https:\/\/transitions.bzh\/ecodopro\/\"},{\"@type\":\"ListItem\",\"position\":2,\"name\":\"Blanchisserie pour tout public par type d&rsquo;eau\"}]},{\"@type\":\"WebSite\",\"@id\":\"https:\/\/transitions.bzh\/ecodopro\/#website\",\"url\":\"https:\/\/transitions.bzh\/ecodopro\/\",\"name\":\"\",\"description\":\"\",\"potentialAction\":[{\"@type\":\"SearchAction\",\"target\":{\"@type\":\"EntryPoint\",\"urlTemplate\":\"https:\/\/transitions.bzh\/ecodopro\/?s={search_term_string}\"},\"query-input\":{\"@type\":\"PropertyValueSpecification\",\"valueRequired\":true,\"valueName\":\"search_term_string\"}}],\"inLanguage\":\"fr-FR\"}]}<\/script>\n<!-- \/ Yoast SEO plugin. -->","yoast_head_json":{"title":"Blanchisserie pour tout public par type d'eau -","robots":{"index":"index","follow":"follow","max-snippet":"max-snippet:-1","max-image-preview":"max-image-preview:large","max-video-preview":"max-video-preview:-1"},"canonical":"https:\/\/transitions.bzh\/ecodopro\/blanchisserie-pour-tout-public-par-type-deau\/","og_locale":"fr_FR","og_type":"article","og_title":"Blanchisserie pour tout public par type d'eau -","og_description":"D\u00e9couvrez en bref la r\u00e9glementation sp\u00e9cifique li\u00e9 \u00e0 chaque type d&rsquo;eau, \u00e0 savoir : L\u2019utilisation d\u2019eaux impropres \u00e0 la consommation humaine (EICH) au sein d\u2019ICPE d\u00e9pend de l\u2019article R. 512-100 du code de l\u2019environnement&nbsp;ainsi que de l\u2019arr\u00eat\u00e9 minist\u00e9riel du 14 mars 2025 dans le cas d\u2019usages domestiques au sein d&rsquo;ICPE.","og_url":"https:\/\/transitions.bzh\/ecodopro\/blanchisserie-pour-tout-public-par-type-deau\/","article_modified_time":"2026-01-21T15:04:11+00:00","og_image":[{"width":400,"height":400,"url":"https:\/\/transitions.bzh\/ecodopro\/wp-content\/uploads\/Ecodopro-icono-type-Eaux-de-puits-et-de-forage.png","type":"image\/png"}],"twitter_card":"summary_large_image","twitter_misc":{"Dur\u00e9e de lecture estim\u00e9e":"5 minutes"},"schema":{"@context":"https:\/\/schema.org","@graph":[{"@type":"WebPage","@id":"https:\/\/transitions.bzh\/ecodopro\/blanchisserie-pour-tout-public-par-type-deau\/","url":"https:\/\/transitions.bzh\/ecodopro\/blanchisserie-pour-tout-public-par-type-deau\/","name":"Blanchisserie pour tout public par type d'eau -","isPartOf":{"@id":"https:\/\/transitions.bzh\/ecodopro\/#website"},"primaryImageOfPage":{"@id":"https:\/\/transitions.bzh\/ecodopro\/blanchisserie-pour-tout-public-par-type-deau\/#primaryimage"},"image":{"@id":"https:\/\/transitions.bzh\/ecodopro\/blanchisserie-pour-tout-public-par-type-deau\/#primaryimage"},"thumbnailUrl":"https:\/\/transitions.bzh\/ecodopro\/wp-content\/uploads\/Ecodopro-icono-type-Eaux-de-puits-et-de-forage.png","datePublished":"2025-10-30T10:47:09+00:00","dateModified":"2026-01-21T15:04:11+00:00","breadcrumb":{"@id":"https:\/\/transitions.bzh\/ecodopro\/blanchisserie-pour-tout-public-par-type-deau\/#breadcrumb"},"inLanguage":"fr-FR","potentialAction":[{"@type":"ReadAction","target":["https:\/\/transitions.bzh\/ecodopro\/blanchisserie-pour-tout-public-par-type-deau\/"]}]},{"@type":"ImageObject","inLanguage":"fr-FR","@id":"https:\/\/transitions.bzh\/ecodopro\/blanchisserie-pour-tout-public-par-type-deau\/#primaryimage","url":"https:\/\/transitions.bzh\/ecodopro\/wp-content\/uploads\/Ecodopro-icono-type-Eaux-de-puits-et-de-forage.png","contentUrl":"https:\/\/transitions.bzh\/ecodopro\/wp-content\/uploads\/Ecodopro-icono-type-Eaux-de-puits-et-de-forage.png","width":400,"height":400},{"@type":"BreadcrumbList","@id":"https:\/\/transitions.bzh\/ecodopro\/blanchisserie-pour-tout-public-par-type-deau\/#breadcrumb","itemListElement":[{"@type":"ListItem","position":1,"name":"Accueil","item":"https:\/\/transitions.bzh\/ecodopro\/"},{"@type":"ListItem","position":2,"name":"Blanchisserie pour tout public par type d&rsquo;eau"}]},{"@type":"WebSite","@id":"https:\/\/transitions.bzh\/ecodopro\/#website","url":"https:\/\/transitions.bzh\/ecodopro\/","name":"","description":"","potentialAction":[{"@type":"SearchAction","target":{"@type":"EntryPoint","urlTemplate":"https:\/\/transitions.bzh\/ecodopro\/?s={search_term_string}"},"query-input":{"@type":"PropertyValueSpecification","valueRequired":true,"valueName":"search_term_string"}}],"inLanguage":"fr-FR"}]}},"_links":{"self":[{"href":"https:\/\/transitions.bzh\/ecodopro\/wp-json\/wp\/v2\/pages\/360","targetHints":{"allow":["GET"]}}],"collection":[{"href":"https:\/\/transitions.bzh\/ecodopro\/wp-json\/wp\/v2\/pages"}],"about":[{"href":"https:\/\/transitions.bzh\/ecodopro\/wp-json\/wp\/v2\/types\/page"}],"author":[{"embeddable":true,"href":"https:\/\/transitions.bzh\/ecodopro\/wp-json\/wp\/v2\/users\/2"}],"replies":[{"embeddable":true,"href":"https:\/\/transitions.bzh\/ecodopro\/wp-json\/wp\/v2\/comments?post=360"}],"version-history":[{"count":4,"href":"https:\/\/transitions.bzh\/ecodopro\/wp-json\/wp\/v2\/pages\/360\/revisions"}],"predecessor-version":[{"id":483,"href":"https:\/\/transitions.bzh\/ecodopro\/wp-json\/wp\/v2\/pages\/360\/revisions\/483"}],"wp:attachment":[{"href":"https:\/\/transitions.bzh\/ecodopro\/wp-json\/wp\/v2\/media?parent=360"}],"curies":[{"name":"wp","href":"https:\/\/api.w.org\/{rel}","templated":true}]}}