{"id":354,"date":"2025-10-30T11:06:48","date_gmt":"2025-10-30T10:06:48","guid":{"rendered":"https:\/\/transitions.bzh\/ecodopro\/?page_id=354"},"modified":"2025-10-30T14:50:52","modified_gmt":"2025-10-30T13:50:52","slug":"blanchisserie-differents-usages-de-leau","status":"publish","type":"page","link":"https:\/\/transitions.bzh\/ecodopro\/blanchisserie-differents-usages-de-leau\/","title":{"rendered":"Blanchisserie : diff\u00e9rents usages de l&rsquo;eau"},"content":{"rendered":"\n<div class=\"wp-block-group alignfull has-global-padding is-layout-constrained wp-block-group-is-layout-constrained\" style=\"margin-top:0;margin-bottom:0;padding-top:var(--wp--preset--spacing--50);padding-bottom:var(--wp--preset--spacing--50)\">\n<div class=\"wp-block-columns alignwide is-layout-flex wp-container-core-columns-is-layout-47c06fe3 wp-block-columns-is-layout-flex\">\n<div class=\"wp-block-column is-layout-flow wp-block-column-is-layout-flow\" style=\"flex-basis:56%\">\n<figure class=\"wp-block-image alignright size-full is-resized\"><img loading=\"lazy\" decoding=\"async\" width=\"400\" height=\"400\" src=\"https:\/\/transitions.bzh\/ecodopro\/wp-content\/uploads\/Blanchisserie-Hotel-particuliers-entreprises.png\" alt=\"\" class=\"wp-image-357\" style=\"aspect-ratio:1;object-fit:cover;width:434px;height:auto\" srcset=\"https:\/\/transitions.bzh\/ecodopro\/wp-content\/uploads\/Blanchisserie-Hotel-particuliers-entreprises.png 400w, https:\/\/transitions.bzh\/ecodopro\/wp-content\/uploads\/Blanchisserie-Hotel-particuliers-entreprises-300x300.png 300w, https:\/\/transitions.bzh\/ecodopro\/wp-content\/uploads\/Blanchisserie-Hotel-particuliers-entreprises-150x150.png 150w\" sizes=\"auto, (max-width: 400px) 100vw, 400px\" \/><\/figure>\n<\/div>\n\n\n\n<div class=\"wp-block-column is-vertically-aligned-center is-layout-flow wp-container-core-column-is-layout-119bc444 wp-block-column-is-layout-flow\">\n<h2 class=\"wp-block-heading\"><strong>Blanchisserie tout public<\/strong> <\/h2>\n\n\n\n<p>Le \u00ab\u00a0<strong>lavage du linge pour tout public\u00a0\u00bb<\/strong> concerne le linge courant (h\u00f4tels, restaurants, particuliers, entreprises).<\/p>\n\n\n\n<div class=\"wp-block-buttons is-layout-flex wp-block-buttons-is-layout-flex\">\n<div class=\"wp-block-button\"><a class=\"wp-block-button__link wp-element-button\" href=\"https:\/\/transitions.bzh\/ecodopro\/blanchisserie-pour-tout-public-par-type-deau\/\">Consulter la r\u00e9glementation<\/a><\/div>\n<\/div>\n<\/div>\n<\/div>\n\n\n\n<div class=\"wp-block-columns alignwide is-layout-flex wp-container-core-columns-is-layout-47c06fe3 wp-block-columns-is-layout-flex\">\n<div class=\"wp-block-column is-layout-flow wp-block-column-is-layout-flow\" style=\"flex-basis:56%\">\n<figure class=\"wp-block-image alignright size-full is-resized\"><img loading=\"lazy\" decoding=\"async\" width=\"400\" height=\"400\" src=\"https:\/\/transitions.bzh\/ecodopro\/wp-content\/uploads\/Blanchisserie-Hotel-particuliers-entreprises-2-1.png\" alt=\"\" class=\"wp-image-358\" style=\"aspect-ratio:1;object-fit:cover;width:434px;height:auto\" srcset=\"https:\/\/transitions.bzh\/ecodopro\/wp-content\/uploads\/Blanchisserie-Hotel-particuliers-entreprises-2-1.png 400w, https:\/\/transitions.bzh\/ecodopro\/wp-content\/uploads\/Blanchisserie-Hotel-particuliers-entreprises-2-1-300x300.png 300w, https:\/\/transitions.bzh\/ecodopro\/wp-content\/uploads\/Blanchisserie-Hotel-particuliers-entreprises-2-1-150x150.png 150w\" sizes=\"auto, (max-width: 400px) 100vw, 400px\" \/><\/figure>\n<\/div>\n\n\n\n<div class=\"wp-block-column is-vertically-aligned-center is-layout-flow wp-container-core-column-is-layout-119bc444 wp-block-column-is-layout-flow\">\n<h2 class=\"wp-block-heading\"><strong>Blanchisserie public SENSIBLE <\/strong>  <\/h2>\n\n\n\n<p>Le <strong>\u00ab\u00a0lavage linge public sensible\u00a0\u00bb<\/strong> s\u2019applique au linge soumis \u00e0 des r\u00e8gles d\u2019hygi\u00e8ne strictes (h\u00f4pitaux, EHPAD, laboratoires) : protocoles sanitaires renforc\u00e9s, tra\u00e7abilit\u00e9, s\u00e9paration du propre et du sale, d\u00e9sinfection certifi\u00e9e.<\/p>\n\n\n\n<div class=\"wp-block-buttons is-layout-flex wp-block-buttons-is-layout-flex\">\n<div class=\"wp-block-button\"><a class=\"wp-block-button__link wp-element-button\" href=\"https:\/\/transitions.bzh\/ecodopro\/blanchisserie-public-sensible-par-type-deau\/\">Consulter la r\u00e9glementation<\/a><\/div>\n<\/div>\n<\/div>\n<\/div>\n<\/div>\n","protected":false},"excerpt":{"rendered":"<p>Blanchisserie tout public Le \u00ab\u00a0lavage du linge pour tout public\u00a0\u00bb concerne le linge courant (h\u00f4tels, restaurants, particuliers, entreprises). Blanchisserie public SENSIBLE Le \u00ab\u00a0lavage linge public sensible\u00a0\u00bb s\u2019applique au linge soumis \u00e0 des r\u00e8gles d\u2019hygi\u00e8ne strictes (h\u00f4pitaux, EHPAD, laboratoires) : protocoles sanitaires renforc\u00e9s, tra\u00e7abilit\u00e9, s\u00e9paration du propre et du sale, d\u00e9sinfection certifi\u00e9e.<\/p>\n","protected":false},"author":2,"featured_media":0,"parent":0,"menu_order":0,"comment_status":"closed","ping_status":"closed","template":"","meta":{"footnotes":""},"class_list":["post-354","page","type-page","status-publish","hentry"],"yoast_head":"<!-- This site is optimized with the Yoast SEO plugin v25.8 - https:\/\/yoast.com\/wordpress\/plugins\/seo\/ -->\n<title>Blanchisserie : diff\u00e9rents usages de l&#039;eau -<\/title>\n<meta name=\"robots\" content=\"index, follow, max-snippet:-1, max-image-preview:large, max-video-preview:-1\" \/>\n<link rel=\"canonical\" href=\"https:\/\/transitions.bzh\/ecodopro\/blanchisserie-differents-usages-de-leau\/\" \/>\n<meta property=\"og:locale\" content=\"fr_FR\" \/>\n<meta property=\"og:type\" content=\"article\" \/>\n<meta property=\"og:title\" content=\"Blanchisserie : diff\u00e9rents usages de l&#039;eau -\" \/>\n<meta property=\"og:description\" content=\"Blanchisserie tout public Le \u00ab\u00a0lavage du linge pour tout public\u00a0\u00bb concerne le linge courant (h\u00f4tels, restaurants, particuliers, entreprises). Blanchisserie public SENSIBLE Le \u00ab\u00a0lavage linge public sensible\u00a0\u00bb s\u2019applique au linge soumis \u00e0 des r\u00e8gles d\u2019hygi\u00e8ne strictes (h\u00f4pitaux, EHPAD, laboratoires) : protocoles sanitaires renforc\u00e9s, tra\u00e7abilit\u00e9, s\u00e9paration du propre et du sale, d\u00e9sinfection certifi\u00e9e.\" \/>\n<meta property=\"og:url\" content=\"https:\/\/transitions.bzh\/ecodopro\/blanchisserie-differents-usages-de-leau\/\" \/>\n<meta property=\"article:modified_time\" content=\"2025-10-30T13:50:52+00:00\" \/>\n<meta property=\"og:image\" content=\"https:\/\/transitions.bzh\/ecodopro\/wp-content\/uploads\/Blanchisserie-Hotel-particuliers-entreprises.png\" \/>\n\t<meta property=\"og:image:width\" content=\"400\" \/>\n\t<meta property=\"og:image:height\" content=\"400\" \/>\n\t<meta property=\"og:image:type\" content=\"image\/png\" \/>\n<meta name=\"twitter:card\" content=\"summary_large_image\" \/>\n<meta name=\"twitter:label1\" content=\"Dur\u00e9e de lecture estim\u00e9e\" \/>\n\t<meta name=\"twitter:data1\" content=\"1 minute\" \/>\n<script type=\"application\/ld+json\" class=\"yoast-schema-graph\">{\"@context\":\"https:\/\/schema.org\",\"@graph\":[{\"@type\":\"WebPage\",\"@id\":\"https:\/\/transitions.bzh\/ecodopro\/blanchisserie-differents-usages-de-leau\/\",\"url\":\"https:\/\/transitions.bzh\/ecodopro\/blanchisserie-differents-usages-de-leau\/\",\"name\":\"Blanchisserie : diff\u00e9rents usages de l'eau -\",\"isPartOf\":{\"@id\":\"https:\/\/transitions.bzh\/ecodopro\/#website\"},\"primaryImageOfPage\":{\"@id\":\"https:\/\/transitions.bzh\/ecodopro\/blanchisserie-differents-usages-de-leau\/#primaryimage\"},\"image\":{\"@id\":\"https:\/\/transitions.bzh\/ecodopro\/blanchisserie-differents-usages-de-leau\/#primaryimage\"},\"thumbnailUrl\":\"https:\/\/transitions.bzh\/ecodopro\/wp-content\/uploads\/Blanchisserie-Hotel-particuliers-entreprises.png\",\"datePublished\":\"2025-10-30T10:06:48+00:00\",\"dateModified\":\"2025-10-30T13:50:52+00:00\",\"breadcrumb\":{\"@id\":\"https:\/\/transitions.bzh\/ecodopro\/blanchisserie-differents-usages-de-leau\/#breadcrumb\"},\"inLanguage\":\"fr-FR\",\"potentialAction\":[{\"@type\":\"ReadAction\",\"target\":[\"https:\/\/transitions.bzh\/ecodopro\/blanchisserie-differents-usages-de-leau\/\"]}]},{\"@type\":\"ImageObject\",\"inLanguage\":\"fr-FR\",\"@id\":\"https:\/\/transitions.bzh\/ecodopro\/blanchisserie-differents-usages-de-leau\/#primaryimage\",\"url\":\"https:\/\/transitions.bzh\/ecodopro\/wp-content\/uploads\/Blanchisserie-Hotel-particuliers-entreprises.png\",\"contentUrl\":\"https:\/\/transitions.bzh\/ecodopro\/wp-content\/uploads\/Blanchisserie-Hotel-particuliers-entreprises.png\",\"width\":400,\"height\":400},{\"@type\":\"BreadcrumbList\",\"@id\":\"https:\/\/transitions.bzh\/ecodopro\/blanchisserie-differents-usages-de-leau\/#breadcrumb\",\"itemListElement\":[{\"@type\":\"ListItem\",\"position\":1,\"name\":\"Accueil\",\"item\":\"https:\/\/transitions.bzh\/ecodopro\/\"},{\"@type\":\"ListItem\",\"position\":2,\"name\":\"Blanchisserie : diff\u00e9rents usages de l&rsquo;eau\"}]},{\"@type\":\"WebSite\",\"@id\":\"https:\/\/transitions.bzh\/ecodopro\/#website\",\"url\":\"https:\/\/transitions.bzh\/ecodopro\/\",\"name\":\"\",\"description\":\"\",\"potentialAction\":[{\"@type\":\"SearchAction\",\"target\":{\"@type\":\"EntryPoint\",\"urlTemplate\":\"https:\/\/transitions.bzh\/ecodopro\/?s={search_term_string}\"},\"query-input\":{\"@type\":\"PropertyValueSpecification\",\"valueRequired\":true,\"valueName\":\"search_term_string\"}}],\"inLanguage\":\"fr-FR\"}]}<\/script>\n<!-- \/ Yoast SEO plugin. -->","yoast_head_json":{"title":"Blanchisserie : diff\u00e9rents usages de l'eau -","robots":{"index":"index","follow":"follow","max-snippet":"max-snippet:-1","max-image-preview":"max-image-preview:large","max-video-preview":"max-video-preview:-1"},"canonical":"https:\/\/transitions.bzh\/ecodopro\/blanchisserie-differents-usages-de-leau\/","og_locale":"fr_FR","og_type":"article","og_title":"Blanchisserie : diff\u00e9rents usages de l'eau -","og_description":"Blanchisserie tout public Le \u00ab\u00a0lavage du linge pour tout public\u00a0\u00bb concerne le linge courant (h\u00f4tels, restaurants, particuliers, entreprises). Blanchisserie public SENSIBLE Le \u00ab\u00a0lavage linge public sensible\u00a0\u00bb s\u2019applique au linge soumis \u00e0 des r\u00e8gles d\u2019hygi\u00e8ne strictes (h\u00f4pitaux, EHPAD, laboratoires) : protocoles sanitaires renforc\u00e9s, tra\u00e7abilit\u00e9, s\u00e9paration du propre et du sale, d\u00e9sinfection certifi\u00e9e.","og_url":"https:\/\/transitions.bzh\/ecodopro\/blanchisserie-differents-usages-de-leau\/","article_modified_time":"2025-10-30T13:50:52+00:00","og_image":[{"width":400,"height":400,"url":"https:\/\/transitions.bzh\/ecodopro\/wp-content\/uploads\/Blanchisserie-Hotel-particuliers-entreprises.png","type":"image\/png"}],"twitter_card":"summary_large_image","twitter_misc":{"Dur\u00e9e de lecture estim\u00e9e":"1 minute"},"schema":{"@context":"https:\/\/schema.org","@graph":[{"@type":"WebPage","@id":"https:\/\/transitions.bzh\/ecodopro\/blanchisserie-differents-usages-de-leau\/","url":"https:\/\/transitions.bzh\/ecodopro\/blanchisserie-differents-usages-de-leau\/","name":"Blanchisserie : diff\u00e9rents usages de l'eau -","isPartOf":{"@id":"https:\/\/transitions.bzh\/ecodopro\/#website"},"primaryImageOfPage":{"@id":"https:\/\/transitions.bzh\/ecodopro\/blanchisserie-differents-usages-de-leau\/#primaryimage"},"image":{"@id":"https:\/\/transitions.bzh\/ecodopro\/blanchisserie-differents-usages-de-leau\/#primaryimage"},"thumbnailUrl":"https:\/\/transitions.bzh\/ecodopro\/wp-content\/uploads\/Blanchisserie-Hotel-particuliers-entreprises.png","datePublished":"2025-10-30T10:06:48+00:00","dateModified":"2025-10-30T13:50:52+00:00","breadcrumb":{"@id":"https:\/\/transitions.bzh\/ecodopro\/blanchisserie-differents-usages-de-leau\/#breadcrumb"},"inLanguage":"fr-FR","potentialAction":[{"@type":"ReadAction","target":["https:\/\/transitions.bzh\/ecodopro\/blanchisserie-differents-usages-de-leau\/"]}]},{"@type":"ImageObject","inLanguage":"fr-FR","@id":"https:\/\/transitions.bzh\/ecodopro\/blanchisserie-differents-usages-de-leau\/#primaryimage","url":"https:\/\/transitions.bzh\/ecodopro\/wp-content\/uploads\/Blanchisserie-Hotel-particuliers-entreprises.png","contentUrl":"https:\/\/transitions.bzh\/ecodopro\/wp-content\/uploads\/Blanchisserie-Hotel-particuliers-entreprises.png","width":400,"height":400},{"@type":"BreadcrumbList","@id":"https:\/\/transitions.bzh\/ecodopro\/blanchisserie-differents-usages-de-leau\/#breadcrumb","itemListElement":[{"@type":"ListItem","position":1,"name":"Accueil","item":"https:\/\/transitions.bzh\/ecodopro\/"},{"@type":"ListItem","position":2,"name":"Blanchisserie : diff\u00e9rents usages de l&rsquo;eau"}]},{"@type":"WebSite","@id":"https:\/\/transitions.bzh\/ecodopro\/#website","url":"https:\/\/transitions.bzh\/ecodopro\/","name":"","description":"","potentialAction":[{"@type":"SearchAction","target":{"@type":"EntryPoint","urlTemplate":"https:\/\/transitions.bzh\/ecodopro\/?s={search_term_string}"},"query-input":{"@type":"PropertyValueSpecification","valueRequired":true,"valueName":"search_term_string"}}],"inLanguage":"fr-FR"}]}},"_links":{"self":[{"href":"https:\/\/transitions.bzh\/ecodopro\/wp-json\/wp\/v2\/pages\/354","targetHints":{"allow":["GET"]}}],"collection":[{"href":"https:\/\/transitions.bzh\/ecodopro\/wp-json\/wp\/v2\/pages"}],"about":[{"href":"https:\/\/transitions.bzh\/ecodopro\/wp-json\/wp\/v2\/types\/page"}],"author":[{"embeddable":true,"href":"https:\/\/transitions.bzh\/ecodopro\/wp-json\/wp\/v2\/users\/2"}],"replies":[{"embeddable":true,"href":"https:\/\/transitions.bzh\/ecodopro\/wp-json\/wp\/v2\/comments?post=354"}],"version-history":[{"count":3,"href":"https:\/\/transitions.bzh\/ecodopro\/wp-json\/wp\/v2\/pages\/354\/revisions"}],"predecessor-version":[{"id":372,"href":"https:\/\/transitions.bzh\/ecodopro\/wp-json\/wp\/v2\/pages\/354\/revisions\/372"}],"wp:attachment":[{"href":"https:\/\/transitions.bzh\/ecodopro\/wp-json\/wp\/v2\/media?parent=354"}],"curies":[{"name":"wp","href":"https:\/\/api.w.org\/{rel}","templated":true}]}}