{"id":31,"date":"2025-07-21T17:37:49","date_gmt":"2025-07-21T15:37:49","guid":{"rendered":"https:\/\/transitions.bzh\/ecodopro\/?page_id=31"},"modified":"2026-01-21T16:44:09","modified_gmt":"2026-01-21T15:44:09","slug":"autres-activites","status":"publish","type":"page","link":"https:\/\/transitions.bzh\/ecodopro\/autres-activites\/","title":{"rendered":"Autres activit\u00e9s"},"content":{"rendered":"\n<div class=\"wp-block-group alignfull has-global-padding is-layout-constrained wp-container-core-group-is-layout-ebee8dc1 wp-block-group-is-layout-constrained\" style=\"margin-top:0;margin-bottom:0;padding-top:var(--wp--preset--spacing--50);padding-bottom:var(--wp--preset--spacing--50)\">\n<p style=\"padding-right:var(--wp--preset--spacing--50);padding-left:var(--wp--preset--spacing--50)\">Si l&rsquo;activit\u00e9 de votre entreprise n&rsquo;est ni li\u00e9e au secteur agro-alimentaire, de la blanchisserie, du tourisme et des loisirs, vous \u00eates \u00e0 bon port. Vous retrouverez ici l&rsquo;essentiel sur la gestion des eaux conventionnelles selon le type de site (ICPE ou non), les types d&rsquo;eau et leurs usages.<\/p>\n\n\n\n<div class=\"wp-block-columns alignwide is-layout-flex wp-container-core-columns-is-layout-0111f410 wp-block-columns-is-layout-flex\" style=\"padding-right:var(--wp--preset--spacing--50);padding-left:var(--wp--preset--spacing--50)\">\n<div class=\"wp-block-column is-layout-flow wp-block-column-is-layout-flow\">\n<figure class=\"wp-block-image size-full\" style=\"margin-bottom:24px\"><img loading=\"lazy\" decoding=\"async\" width=\"1000\" height=\"1000\" src=\"https:\/\/transitions.bzh\/ecodopro\/wp-content\/uploads\/ECODO-icono-autres-ICPE-1.png\" alt=\"\" class=\"wp-image-176\" style=\"aspect-ratio:4\/3;object-fit:cover\" srcset=\"https:\/\/transitions.bzh\/ecodopro\/wp-content\/uploads\/ECODO-icono-autres-ICPE-1.png 1000w, https:\/\/transitions.bzh\/ecodopro\/wp-content\/uploads\/ECODO-icono-autres-ICPE-1-300x300.png 300w, https:\/\/transitions.bzh\/ecodopro\/wp-content\/uploads\/ECODO-icono-autres-ICPE-1-150x150.png 150w, https:\/\/transitions.bzh\/ecodopro\/wp-content\/uploads\/ECODO-icono-autres-ICPE-1-768x768.png 768w\" sizes=\"auto, (max-width: 1000px) 100vw, 1000px\" \/><\/figure>\n\n\n\n<h3 class=\"wp-block-heading\"><\/h3>\n\n\n\n<div class=\"wp-block-buttons is-content-justification-center is-layout-flex wp-container-core-buttons-is-layout-a89b3969 wp-block-buttons-is-layout-flex\">\n<div class=\"wp-block-button is-style-fill\"><a class=\"wp-block-button__link wp-element-button\" href=\"https:\/\/transitions.bzh\/ecodopro\/autres-activites\/autres-activites-sites-icpe\/\">Consulter la r\u00e9glementation<\/a><\/div>\n<\/div>\n<\/div>\n\n\n\n<div class=\"wp-block-column is-layout-flow wp-block-column-is-layout-flow\">\n<figure class=\"wp-block-image size-full\" style=\"margin-bottom:24px\"><img loading=\"lazy\" decoding=\"async\" width=\"400\" height=\"400\" src=\"https:\/\/transitions.bzh\/ecodopro\/wp-content\/uploads\/ECODO-icono-autres-hors-ICPE-1.png\" alt=\"\" class=\"wp-image-294\" style=\"aspect-ratio:4\/3;object-fit:cover\" srcset=\"https:\/\/transitions.bzh\/ecodopro\/wp-content\/uploads\/ECODO-icono-autres-hors-ICPE-1.png 400w, https:\/\/transitions.bzh\/ecodopro\/wp-content\/uploads\/ECODO-icono-autres-hors-ICPE-1-300x300.png 300w, https:\/\/transitions.bzh\/ecodopro\/wp-content\/uploads\/ECODO-icono-autres-hors-ICPE-1-150x150.png 150w\" sizes=\"auto, (max-width: 400px) 100vw, 400px\" \/><\/figure>\n\n\n\n<h3 class=\"wp-block-heading\"><\/h3>\n\n\n\n<div class=\"wp-block-buttons is-content-justification-center is-layout-flex wp-container-core-buttons-is-layout-a89b3969 wp-block-buttons-is-layout-flex\">\n<div class=\"wp-block-button\"><a class=\"wp-block-button__link wp-element-button\">Consulter la r\u00e9glementation<\/a><\/div>\n<\/div>\n<\/div>\n\n\n\n<div class=\"wp-block-column is-layout-flow wp-block-column-is-layout-flow\">\n<h3 class=\"wp-block-heading has-medium-font-size\">Qu&rsquo;est ce qu&rsquo;un site ICPE ?<\/h3>\n\n\n\n<p class=\"has-small-font-size\">L&rsquo;acronyme <a href=\"https:\/\/entreprendre.service-public.fr\/vosdroits\/F33414\" target=\"_blank\" rel=\"noreferrer noopener\">ICPE<\/a> d\u00e9signe toute installation class\u00e9e pour la protection de l&rsquo;environnement. <br><br>Le code de l&rsquo;environnement caract\u00e9rise ces sites ICPE par : \u00ab\u00a0<em>les usines, ateliers, d\u00e9p\u00f4ts, chantiers et, d&rsquo;une mani\u00e8re g\u00e9n\u00e9rale, les installations exploit\u00e9es ou d\u00e9tenues par toute personne physique ou morale, publique ou priv\u00e9e, qui peuvent pr\u00e9senter des dangers ou des inconv\u00e9nients soit pour la commodit\u00e9 du voisinage, soit pour la sant\u00e9, la s\u00e9curit\u00e9, la salubrit\u00e9 publiques, soit pour l&rsquo;agriculture, soit pour la protection de la nature, de l&rsquo;environnement et des paysages, soit pour l&rsquo;utilisation rationnelle de l&rsquo;\u00e9nergie, soit pour la conservation des sites et des monuments ainsi que des \u00e9l\u00e9ments du patrimoine arch\u00e9ologique<\/em> \u00ab\u00a0.<\/p>\n<\/div>\n<\/div>\n<\/div>\n\n\n\n<figure class=\"wp-block-image size-large\"><img loading=\"lazy\" decoding=\"async\" width=\"1024\" height=\"945\" src=\"https:\/\/transitions.bzh\/ecodopro\/wp-content\/uploads\/Capture-decran_21-8-2025_10479_www.legifrance.gouv_.fr-002-1024x945.jpeg\" alt=\"\" class=\"wp-image-492\" srcset=\"https:\/\/transitions.bzh\/ecodopro\/wp-content\/uploads\/Capture-decran_21-8-2025_10479_www.legifrance.gouv_.fr-002-1024x945.jpeg 1024w, https:\/\/transitions.bzh\/ecodopro\/wp-content\/uploads\/Capture-decran_21-8-2025_10479_www.legifrance.gouv_.fr-002-300x277.jpeg 300w, https:\/\/transitions.bzh\/ecodopro\/wp-content\/uploads\/Capture-decran_21-8-2025_10479_www.legifrance.gouv_.fr-002-768x709.jpeg 768w, https:\/\/transitions.bzh\/ecodopro\/wp-content\/uploads\/Capture-decran_21-8-2025_10479_www.legifrance.gouv_.fr-002.jpeg 1261w\" sizes=\"auto, (max-width: 1024px) 100vw, 1024px\" \/><\/figure>\n","protected":false},"excerpt":{"rendered":"<p>Si l&rsquo;activit\u00e9 de votre entreprise n&rsquo;est ni li\u00e9e au secteur agro-alimentaire, de la blanchisserie, du tourisme et des loisirs, vous \u00eates \u00e0 bon port. Vous retrouverez ici l&rsquo;essentiel sur la gestion des eaux conventionnelles selon le type de site (ICPE ou non), les types d&rsquo;eau et leurs usages. Qu&rsquo;est ce qu&rsquo;un site ICPE ? L&rsquo;acronyme [&hellip;]<\/p>\n","protected":false},"author":3,"featured_media":0,"parent":0,"menu_order":0,"comment_status":"closed","ping_status":"closed","template":"","meta":{"footnotes":""},"class_list":["post-31","page","type-page","status-publish","hentry"],"yoast_head":"<!-- This site is optimized with the Yoast SEO plugin v25.8 - https:\/\/yoast.com\/wordpress\/plugins\/seo\/ -->\n<title>Autres activit\u00e9s -<\/title>\n<meta name=\"robots\" content=\"index, follow, max-snippet:-1, max-image-preview:large, max-video-preview:-1\" \/>\n<link rel=\"canonical\" href=\"https:\/\/transitions.bzh\/ecodopro\/autres-activites\/\" \/>\n<meta property=\"og:locale\" content=\"fr_FR\" \/>\n<meta property=\"og:type\" content=\"article\" \/>\n<meta property=\"og:title\" content=\"Autres activit\u00e9s -\" \/>\n<meta property=\"og:description\" content=\"Si l&rsquo;activit\u00e9 de votre entreprise n&rsquo;est ni li\u00e9e au secteur agro-alimentaire, de la blanchisserie, du tourisme et des loisirs, vous \u00eates \u00e0 bon port. Vous retrouverez ici l&rsquo;essentiel sur la gestion des eaux conventionnelles selon le type de site (ICPE ou non), les types d&rsquo;eau et leurs usages. Qu&rsquo;est ce qu&rsquo;un site ICPE ? L&rsquo;acronyme [&hellip;]\" \/>\n<meta property=\"og:url\" content=\"https:\/\/transitions.bzh\/ecodopro\/autres-activites\/\" \/>\n<meta property=\"article:modified_time\" content=\"2026-01-21T15:44:09+00:00\" \/>\n<meta property=\"og:image\" content=\"https:\/\/transitions.bzh\/ecodopro\/wp-content\/uploads\/ECODO-icono-autres-ICPE-1.png\" \/>\n\t<meta property=\"og:image:width\" content=\"1000\" \/>\n\t<meta property=\"og:image:height\" content=\"1000\" \/>\n\t<meta property=\"og:image:type\" content=\"image\/png\" \/>\n<meta name=\"twitter:card\" content=\"summary_large_image\" \/>\n<meta name=\"twitter:label1\" content=\"Dur\u00e9e de lecture estim\u00e9e\" \/>\n\t<meta name=\"twitter:data1\" content=\"2 minutes\" \/>\n<script type=\"application\/ld+json\" class=\"yoast-schema-graph\">{\"@context\":\"https:\/\/schema.org\",\"@graph\":[{\"@type\":\"WebPage\",\"@id\":\"https:\/\/transitions.bzh\/ecodopro\/autres-activites\/\",\"url\":\"https:\/\/transitions.bzh\/ecodopro\/autres-activites\/\",\"name\":\"Autres activit\u00e9s -\",\"isPartOf\":{\"@id\":\"https:\/\/transitions.bzh\/ecodopro\/#website\"},\"primaryImageOfPage\":{\"@id\":\"https:\/\/transitions.bzh\/ecodopro\/autres-activites\/#primaryimage\"},\"image\":{\"@id\":\"https:\/\/transitions.bzh\/ecodopro\/autres-activites\/#primaryimage\"},\"thumbnailUrl\":\"https:\/\/transitions.bzh\/ecodopro\/wp-content\/uploads\/ECODO-icono-autres-ICPE-1.png\",\"datePublished\":\"2025-07-21T15:37:49+00:00\",\"dateModified\":\"2026-01-21T15:44:09+00:00\",\"breadcrumb\":{\"@id\":\"https:\/\/transitions.bzh\/ecodopro\/autres-activites\/#breadcrumb\"},\"inLanguage\":\"fr-FR\",\"potentialAction\":[{\"@type\":\"ReadAction\",\"target\":[\"https:\/\/transitions.bzh\/ecodopro\/autres-activites\/\"]}]},{\"@type\":\"ImageObject\",\"inLanguage\":\"fr-FR\",\"@id\":\"https:\/\/transitions.bzh\/ecodopro\/autres-activites\/#primaryimage\",\"url\":\"https:\/\/transitions.bzh\/ecodopro\/wp-content\/uploads\/ECODO-icono-autres-ICPE-1.png\",\"contentUrl\":\"https:\/\/transitions.bzh\/ecodopro\/wp-content\/uploads\/ECODO-icono-autres-ICPE-1.png\",\"width\":1000,\"height\":1000},{\"@type\":\"BreadcrumbList\",\"@id\":\"https:\/\/transitions.bzh\/ecodopro\/autres-activites\/#breadcrumb\",\"itemListElement\":[{\"@type\":\"ListItem\",\"position\":1,\"name\":\"Accueil\",\"item\":\"https:\/\/transitions.bzh\/ecodopro\/\"},{\"@type\":\"ListItem\",\"position\":2,\"name\":\"Autres activit\u00e9s\"}]},{\"@type\":\"WebSite\",\"@id\":\"https:\/\/transitions.bzh\/ecodopro\/#website\",\"url\":\"https:\/\/transitions.bzh\/ecodopro\/\",\"name\":\"\",\"description\":\"\",\"potentialAction\":[{\"@type\":\"SearchAction\",\"target\":{\"@type\":\"EntryPoint\",\"urlTemplate\":\"https:\/\/transitions.bzh\/ecodopro\/?s={search_term_string}\"},\"query-input\":{\"@type\":\"PropertyValueSpecification\",\"valueRequired\":true,\"valueName\":\"search_term_string\"}}],\"inLanguage\":\"fr-FR\"}]}<\/script>\n<!-- \/ Yoast SEO plugin. -->","yoast_head_json":{"title":"Autres activit\u00e9s -","robots":{"index":"index","follow":"follow","max-snippet":"max-snippet:-1","max-image-preview":"max-image-preview:large","max-video-preview":"max-video-preview:-1"},"canonical":"https:\/\/transitions.bzh\/ecodopro\/autres-activites\/","og_locale":"fr_FR","og_type":"article","og_title":"Autres activit\u00e9s -","og_description":"Si l&rsquo;activit\u00e9 de votre entreprise n&rsquo;est ni li\u00e9e au secteur agro-alimentaire, de la blanchisserie, du tourisme et des loisirs, vous \u00eates \u00e0 bon port. Vous retrouverez ici l&rsquo;essentiel sur la gestion des eaux conventionnelles selon le type de site (ICPE ou non), les types d&rsquo;eau et leurs usages. Qu&rsquo;est ce qu&rsquo;un site ICPE ? L&rsquo;acronyme [&hellip;]","og_url":"https:\/\/transitions.bzh\/ecodopro\/autres-activites\/","article_modified_time":"2026-01-21T15:44:09+00:00","og_image":[{"width":1000,"height":1000,"url":"https:\/\/transitions.bzh\/ecodopro\/wp-content\/uploads\/ECODO-icono-autres-ICPE-1.png","type":"image\/png"}],"twitter_card":"summary_large_image","twitter_misc":{"Dur\u00e9e de lecture estim\u00e9e":"2 minutes"},"schema":{"@context":"https:\/\/schema.org","@graph":[{"@type":"WebPage","@id":"https:\/\/transitions.bzh\/ecodopro\/autres-activites\/","url":"https:\/\/transitions.bzh\/ecodopro\/autres-activites\/","name":"Autres activit\u00e9s -","isPartOf":{"@id":"https:\/\/transitions.bzh\/ecodopro\/#website"},"primaryImageOfPage":{"@id":"https:\/\/transitions.bzh\/ecodopro\/autres-activites\/#primaryimage"},"image":{"@id":"https:\/\/transitions.bzh\/ecodopro\/autres-activites\/#primaryimage"},"thumbnailUrl":"https:\/\/transitions.bzh\/ecodopro\/wp-content\/uploads\/ECODO-icono-autres-ICPE-1.png","datePublished":"2025-07-21T15:37:49+00:00","dateModified":"2026-01-21T15:44:09+00:00","breadcrumb":{"@id":"https:\/\/transitions.bzh\/ecodopro\/autres-activites\/#breadcrumb"},"inLanguage":"fr-FR","potentialAction":[{"@type":"ReadAction","target":["https:\/\/transitions.bzh\/ecodopro\/autres-activites\/"]}]},{"@type":"ImageObject","inLanguage":"fr-FR","@id":"https:\/\/transitions.bzh\/ecodopro\/autres-activites\/#primaryimage","url":"https:\/\/transitions.bzh\/ecodopro\/wp-content\/uploads\/ECODO-icono-autres-ICPE-1.png","contentUrl":"https:\/\/transitions.bzh\/ecodopro\/wp-content\/uploads\/ECODO-icono-autres-ICPE-1.png","width":1000,"height":1000},{"@type":"BreadcrumbList","@id":"https:\/\/transitions.bzh\/ecodopro\/autres-activites\/#breadcrumb","itemListElement":[{"@type":"ListItem","position":1,"name":"Accueil","item":"https:\/\/transitions.bzh\/ecodopro\/"},{"@type":"ListItem","position":2,"name":"Autres activit\u00e9s"}]},{"@type":"WebSite","@id":"https:\/\/transitions.bzh\/ecodopro\/#website","url":"https:\/\/transitions.bzh\/ecodopro\/","name":"","description":"","potentialAction":[{"@type":"SearchAction","target":{"@type":"EntryPoint","urlTemplate":"https:\/\/transitions.bzh\/ecodopro\/?s={search_term_string}"},"query-input":{"@type":"PropertyValueSpecification","valueRequired":true,"valueName":"search_term_string"}}],"inLanguage":"fr-FR"}]}},"_links":{"self":[{"href":"https:\/\/transitions.bzh\/ecodopro\/wp-json\/wp\/v2\/pages\/31","targetHints":{"allow":["GET"]}}],"collection":[{"href":"https:\/\/transitions.bzh\/ecodopro\/wp-json\/wp\/v2\/pages"}],"about":[{"href":"https:\/\/transitions.bzh\/ecodopro\/wp-json\/wp\/v2\/types\/page"}],"author":[{"embeddable":true,"href":"https:\/\/transitions.bzh\/ecodopro\/wp-json\/wp\/v2\/users\/3"}],"replies":[{"embeddable":true,"href":"https:\/\/transitions.bzh\/ecodopro\/wp-json\/wp\/v2\/comments?post=31"}],"version-history":[{"count":17,"href":"https:\/\/transitions.bzh\/ecodopro\/wp-json\/wp\/v2\/pages\/31\/revisions"}],"predecessor-version":[{"id":496,"href":"https:\/\/transitions.bzh\/ecodopro\/wp-json\/wp\/v2\/pages\/31\/revisions\/496"}],"wp:attachment":[{"href":"https:\/\/transitions.bzh\/ecodopro\/wp-json\/wp\/v2\/media?parent=31"}],"curies":[{"name":"wp","href":"https:\/\/api.w.org\/{rel}","templated":true}]}}