{"id":199,"date":"2025-08-06T12:37:14","date_gmt":"2025-08-06T10:37:14","guid":{"rendered":"https:\/\/transitions.bzh\/ecodopro\/?page_id=199"},"modified":"2025-08-22T10:27:12","modified_gmt":"2025-08-22T08:27:12","slug":"autres-activites-sites-icpe","status":"publish","type":"page","link":"https:\/\/transitions.bzh\/ecodopro\/autres-activites\/autres-activites-sites-icpe\/","title":{"rendered":"Autres activit\u00e9s &amp; sites ICPE"},"content":{"rendered":"\n<div class=\"wp-block-group alignfull has-global-padding is-layout-constrained wp-container-core-group-is-layout-ebee8dc1 wp-block-group-is-layout-constrained\" style=\"margin-top:0;margin-bottom:0;padding-top:var(--wp--preset--spacing--50);padding-bottom:var(--wp--preset--spacing--50)\">\n<p style=\"padding-right:var(--wp--preset--spacing--50);padding-left:var(--wp--preset--spacing--50)\">En tant qu\u2019entreprise class\u00e9e ICPE (Installation Class\u00e9e pour la Protection de l\u2019Environnement), vous disposez d\u2019une ressource en eau non conventionnelle et vous vous interrogez sur ses usages possibles. \u00c0 l\u2019inverse, vous avez un besoin sp\u00e9cifique et vous souhaitez savoir si vous pouvez recourir \u00e0 des ressources alternatives. Dans cette rubrique, vous trouverez l\u2019essentiel des informations \u00e0 conna\u00eetre sur la r\u00e9glementation en vigueur.<\/p>\n\n\n\n<div class=\"wp-block-columns alignwide is-layout-flex wp-container-core-columns-is-layout-0111f410 wp-block-columns-is-layout-flex\" style=\"padding-right:var(--wp--preset--spacing--50);padding-left:var(--wp--preset--spacing--50)\">\n<div class=\"wp-block-column is-layout-flow wp-block-column-is-layout-flow\">\n<figure class=\"wp-block-image size-full\" style=\"margin-bottom:24px\"><img loading=\"lazy\" decoding=\"async\" width=\"400\" height=\"400\" src=\"https:\/\/transitions.bzh\/ecodopro\/wp-content\/uploads\/ECODO-icono-tous-les-usages-2.png\" alt=\"\" class=\"wp-image-242\" style=\"aspect-ratio:4\/3;object-fit:cover\" srcset=\"https:\/\/transitions.bzh\/ecodopro\/wp-content\/uploads\/ECODO-icono-tous-les-usages-2.png 400w, https:\/\/transitions.bzh\/ecodopro\/wp-content\/uploads\/ECODO-icono-tous-les-usages-2-300x300.png 300w, https:\/\/transitions.bzh\/ecodopro\/wp-content\/uploads\/ECODO-icono-tous-les-usages-2-150x150.png 150w\" sizes=\"auto, (max-width: 400px) 100vw, 400px\" \/><\/figure>\n\n\n\n<h3 class=\"wp-block-heading\"><\/h3>\n\n\n\n<div class=\"wp-block-buttons is-content-justification-center is-layout-flex wp-container-core-buttons-is-layout-a89b3969 wp-block-buttons-is-layout-flex\">\n<div class=\"wp-block-button is-style-fill\"><a class=\"wp-block-button__link wp-element-button\" href=\"https:\/\/transitions.bzh\/ecodopro\/autres-activites\/autres-activites-sites-icpe\/autres-sites-icpe-usage-eau\/\">R\u00e9glementation par usage<\/a><\/div>\n<\/div>\n<\/div>\n\n\n\n<div class=\"wp-block-column is-layout-flow wp-block-column-is-layout-flow\">\n<figure class=\"wp-block-image size-full\" style=\"margin-bottom:24px\"><img loading=\"lazy\" decoding=\"async\" width=\"400\" height=\"400\" src=\"https:\/\/transitions.bzh\/ecodopro\/wp-content\/uploads\/ECODO-icono-tous-les-types-deaux-1-1.png\" alt=\"\" class=\"wp-image-247\" style=\"aspect-ratio:4\/3;object-fit:cover\" srcset=\"https:\/\/transitions.bzh\/ecodopro\/wp-content\/uploads\/ECODO-icono-tous-les-types-deaux-1-1.png 400w, https:\/\/transitions.bzh\/ecodopro\/wp-content\/uploads\/ECODO-icono-tous-les-types-deaux-1-1-300x300.png 300w, https:\/\/transitions.bzh\/ecodopro\/wp-content\/uploads\/ECODO-icono-tous-les-types-deaux-1-1-150x150.png 150w\" sizes=\"auto, (max-width: 400px) 100vw, 400px\" \/><\/figure>\n\n\n\n<h3 class=\"wp-block-heading\"><\/h3>\n\n\n\n<div class=\"wp-block-buttons is-content-justification-center is-layout-flex wp-container-core-buttons-is-layout-a89b3969 wp-block-buttons-is-layout-flex\">\n<div class=\"wp-block-button\"><a class=\"wp-block-button__link wp-element-button\" href=\"https:\/\/transitions.bzh\/ecodopro\/autres-sites-icpe-types-eau\/\">R\u00e9glementation par type d&rsquo;eau<\/a><\/div>\n<\/div>\n<\/div>\n\n\n\n<div class=\"wp-block-column is-layout-flow wp-block-column-is-layout-flow\">\n<h3 class=\"wp-block-heading has-small-font-size\">L&rsquo;ESSENTIEL EN UN CLIN D&rsquo;\u0152IL<\/h3>\n\n\n\n<p class=\"has-small-font-size\"><strong>Les diff\u00e9rents usages :<\/strong><\/p>\n\n\n\n<ul class=\"wp-block-list has-medium-font-size\">\n<li class=\"has-small-font-size\">Alimentation de fontaines d\u00e9coratives<\/li>\n\n\n\n<li class=\"has-small-font-size\">Lavage de surfaces ext\u00e9rieures<\/li>\n\n\n\n<li class=\"has-small-font-size\">Arrosage des espaces vers<\/li>\n\n\n\n<li class=\"has-small-font-size\">Arrosage des jardins potagers<\/li>\n\n\n\n<li class=\"has-small-font-size\">Lavage du linge<\/li>\n\n\n\n<li class=\"has-small-font-size\">Lavage des sols int\u00e9rieurs<\/li>\n\n\n\n<li class=\"has-small-font-size\">\u00c9vacuation des ex\u00e9cras<\/li>\n<\/ul>\n\n\n\n<p class=\"has-small-font-size\"><strong>Les diff\u00e9rents types d&rsquo;eaux :<\/strong><\/p>\n\n\n\n<ul class=\"wp-block-list has-medium-font-size\">\n<li class=\"has-small-font-size\">Les eaux de puits et de forage<\/li>\n\n\n\n<li class=\"has-small-font-size\">Les eaux grises et de piscine<\/li>\n\n\n\n<li class=\"has-small-font-size\">Les eaux us\u00e9es <\/li>\n\n\n\n<li class=\"has-small-font-size\">Les eaux de pluie<\/li>\n<\/ul>\n<\/div>\n<\/div>\n<\/div>\n\n\n\n<p><\/p>\n","protected":false},"excerpt":{"rendered":"<p>En tant qu\u2019entreprise class\u00e9e ICPE (Installation Class\u00e9e pour la Protection de l\u2019Environnement), vous disposez d\u2019une ressource en eau non conventionnelle et vous vous interrogez sur ses usages possibles. \u00c0 l\u2019inverse, vous avez un besoin sp\u00e9cifique et vous souhaitez savoir si vous pouvez recourir \u00e0 des ressources alternatives. Dans cette rubrique, vous trouverez l\u2019essentiel des informations [&hellip;]<\/p>\n","protected":false},"author":3,"featured_media":0,"parent":31,"menu_order":0,"comment_status":"closed","ping_status":"closed","template":"","meta":{"footnotes":""},"class_list":["post-199","page","type-page","status-publish","hentry"],"yoast_head":"<!-- This site is optimized with the Yoast SEO plugin v25.8 - https:\/\/yoast.com\/wordpress\/plugins\/seo\/ -->\n<title>Autres activit\u00e9s &amp; sites ICPE -<\/title>\n<meta name=\"robots\" content=\"index, follow, max-snippet:-1, max-image-preview:large, max-video-preview:-1\" \/>\n<link rel=\"canonical\" href=\"https:\/\/transitions.bzh\/ecodopro\/autres-activites\/autres-activites-sites-icpe\/\" \/>\n<meta property=\"og:locale\" content=\"fr_FR\" \/>\n<meta property=\"og:type\" content=\"article\" \/>\n<meta property=\"og:title\" content=\"Autres activit\u00e9s &amp; sites ICPE -\" \/>\n<meta property=\"og:description\" content=\"En tant qu\u2019entreprise class\u00e9e ICPE (Installation Class\u00e9e pour la Protection de l\u2019Environnement), vous disposez d\u2019une ressource en eau non conventionnelle et vous vous interrogez sur ses usages possibles. \u00c0 l\u2019inverse, vous avez un besoin sp\u00e9cifique et vous souhaitez savoir si vous pouvez recourir \u00e0 des ressources alternatives. Dans cette rubrique, vous trouverez l\u2019essentiel des informations [&hellip;]\" \/>\n<meta property=\"og:url\" content=\"https:\/\/transitions.bzh\/ecodopro\/autres-activites\/autres-activites-sites-icpe\/\" \/>\n<meta property=\"article:modified_time\" content=\"2025-08-22T08:27:12+00:00\" \/>\n<meta property=\"og:image\" content=\"https:\/\/transitions.bzh\/ecodopro\/wp-content\/uploads\/ECODO-icono-tous-les-usages-2.png\" \/>\n\t<meta property=\"og:image:width\" content=\"400\" \/>\n\t<meta property=\"og:image:height\" content=\"400\" \/>\n\t<meta property=\"og:image:type\" content=\"image\/png\" \/>\n<meta name=\"twitter:card\" content=\"summary_large_image\" \/>\n<meta name=\"twitter:label1\" content=\"Dur\u00e9e de lecture estim\u00e9e\" \/>\n\t<meta name=\"twitter:data1\" content=\"2 minutes\" \/>\n<script type=\"application\/ld+json\" class=\"yoast-schema-graph\">{\"@context\":\"https:\/\/schema.org\",\"@graph\":[{\"@type\":\"WebPage\",\"@id\":\"https:\/\/transitions.bzh\/ecodopro\/autres-activites\/autres-activites-sites-icpe\/\",\"url\":\"https:\/\/transitions.bzh\/ecodopro\/autres-activites\/autres-activites-sites-icpe\/\",\"name\":\"Autres activit\u00e9s &amp; sites ICPE -\",\"isPartOf\":{\"@id\":\"https:\/\/transitions.bzh\/ecodopro\/#website\"},\"primaryImageOfPage\":{\"@id\":\"https:\/\/transitions.bzh\/ecodopro\/autres-activites\/autres-activites-sites-icpe\/#primaryimage\"},\"image\":{\"@id\":\"https:\/\/transitions.bzh\/ecodopro\/autres-activites\/autres-activites-sites-icpe\/#primaryimage\"},\"thumbnailUrl\":\"https:\/\/transitions.bzh\/ecodopro\/wp-content\/uploads\/ECODO-icono-tous-les-usages-2.png\",\"datePublished\":\"2025-08-06T10:37:14+00:00\",\"dateModified\":\"2025-08-22T08:27:12+00:00\",\"breadcrumb\":{\"@id\":\"https:\/\/transitions.bzh\/ecodopro\/autres-activites\/autres-activites-sites-icpe\/#breadcrumb\"},\"inLanguage\":\"fr-FR\",\"potentialAction\":[{\"@type\":\"ReadAction\",\"target\":[\"https:\/\/transitions.bzh\/ecodopro\/autres-activites\/autres-activites-sites-icpe\/\"]}]},{\"@type\":\"ImageObject\",\"inLanguage\":\"fr-FR\",\"@id\":\"https:\/\/transitions.bzh\/ecodopro\/autres-activites\/autres-activites-sites-icpe\/#primaryimage\",\"url\":\"https:\/\/transitions.bzh\/ecodopro\/wp-content\/uploads\/ECODO-icono-tous-les-usages-2.png\",\"contentUrl\":\"https:\/\/transitions.bzh\/ecodopro\/wp-content\/uploads\/ECODO-icono-tous-les-usages-2.png\",\"width\":400,\"height\":400},{\"@type\":\"BreadcrumbList\",\"@id\":\"https:\/\/transitions.bzh\/ecodopro\/autres-activites\/autres-activites-sites-icpe\/#breadcrumb\",\"itemListElement\":[{\"@type\":\"ListItem\",\"position\":1,\"name\":\"Accueil\",\"item\":\"https:\/\/transitions.bzh\/ecodopro\/\"},{\"@type\":\"ListItem\",\"position\":2,\"name\":\"Autres activit\u00e9s\",\"item\":\"https:\/\/transitions.bzh\/ecodopro\/autres-activites\/\"},{\"@type\":\"ListItem\",\"position\":3,\"name\":\"Autres activit\u00e9s &amp; sites ICPE\"}]},{\"@type\":\"WebSite\",\"@id\":\"https:\/\/transitions.bzh\/ecodopro\/#website\",\"url\":\"https:\/\/transitions.bzh\/ecodopro\/\",\"name\":\"\",\"description\":\"\",\"potentialAction\":[{\"@type\":\"SearchAction\",\"target\":{\"@type\":\"EntryPoint\",\"urlTemplate\":\"https:\/\/transitions.bzh\/ecodopro\/?s={search_term_string}\"},\"query-input\":{\"@type\":\"PropertyValueSpecification\",\"valueRequired\":true,\"valueName\":\"search_term_string\"}}],\"inLanguage\":\"fr-FR\"}]}<\/script>\n<!-- \/ Yoast SEO plugin. -->","yoast_head_json":{"title":"Autres activit\u00e9s &amp; sites ICPE -","robots":{"index":"index","follow":"follow","max-snippet":"max-snippet:-1","max-image-preview":"max-image-preview:large","max-video-preview":"max-video-preview:-1"},"canonical":"https:\/\/transitions.bzh\/ecodopro\/autres-activites\/autres-activites-sites-icpe\/","og_locale":"fr_FR","og_type":"article","og_title":"Autres activit\u00e9s &amp; sites ICPE -","og_description":"En tant qu\u2019entreprise class\u00e9e ICPE (Installation Class\u00e9e pour la Protection de l\u2019Environnement), vous disposez d\u2019une ressource en eau non conventionnelle et vous vous interrogez sur ses usages possibles. \u00c0 l\u2019inverse, vous avez un besoin sp\u00e9cifique et vous souhaitez savoir si vous pouvez recourir \u00e0 des ressources alternatives. Dans cette rubrique, vous trouverez l\u2019essentiel des informations [&hellip;]","og_url":"https:\/\/transitions.bzh\/ecodopro\/autres-activites\/autres-activites-sites-icpe\/","article_modified_time":"2025-08-22T08:27:12+00:00","og_image":[{"width":400,"height":400,"url":"https:\/\/transitions.bzh\/ecodopro\/wp-content\/uploads\/ECODO-icono-tous-les-usages-2.png","type":"image\/png"}],"twitter_card":"summary_large_image","twitter_misc":{"Dur\u00e9e de lecture estim\u00e9e":"2 minutes"},"schema":{"@context":"https:\/\/schema.org","@graph":[{"@type":"WebPage","@id":"https:\/\/transitions.bzh\/ecodopro\/autres-activites\/autres-activites-sites-icpe\/","url":"https:\/\/transitions.bzh\/ecodopro\/autres-activites\/autres-activites-sites-icpe\/","name":"Autres activit\u00e9s &amp; sites ICPE -","isPartOf":{"@id":"https:\/\/transitions.bzh\/ecodopro\/#website"},"primaryImageOfPage":{"@id":"https:\/\/transitions.bzh\/ecodopro\/autres-activites\/autres-activites-sites-icpe\/#primaryimage"},"image":{"@id":"https:\/\/transitions.bzh\/ecodopro\/autres-activites\/autres-activites-sites-icpe\/#primaryimage"},"thumbnailUrl":"https:\/\/transitions.bzh\/ecodopro\/wp-content\/uploads\/ECODO-icono-tous-les-usages-2.png","datePublished":"2025-08-06T10:37:14+00:00","dateModified":"2025-08-22T08:27:12+00:00","breadcrumb":{"@id":"https:\/\/transitions.bzh\/ecodopro\/autres-activites\/autres-activites-sites-icpe\/#breadcrumb"},"inLanguage":"fr-FR","potentialAction":[{"@type":"ReadAction","target":["https:\/\/transitions.bzh\/ecodopro\/autres-activites\/autres-activites-sites-icpe\/"]}]},{"@type":"ImageObject","inLanguage":"fr-FR","@id":"https:\/\/transitions.bzh\/ecodopro\/autres-activites\/autres-activites-sites-icpe\/#primaryimage","url":"https:\/\/transitions.bzh\/ecodopro\/wp-content\/uploads\/ECODO-icono-tous-les-usages-2.png","contentUrl":"https:\/\/transitions.bzh\/ecodopro\/wp-content\/uploads\/ECODO-icono-tous-les-usages-2.png","width":400,"height":400},{"@type":"BreadcrumbList","@id":"https:\/\/transitions.bzh\/ecodopro\/autres-activites\/autres-activites-sites-icpe\/#breadcrumb","itemListElement":[{"@type":"ListItem","position":1,"name":"Accueil","item":"https:\/\/transitions.bzh\/ecodopro\/"},{"@type":"ListItem","position":2,"name":"Autres activit\u00e9s","item":"https:\/\/transitions.bzh\/ecodopro\/autres-activites\/"},{"@type":"ListItem","position":3,"name":"Autres activit\u00e9s &amp; sites ICPE"}]},{"@type":"WebSite","@id":"https:\/\/transitions.bzh\/ecodopro\/#website","url":"https:\/\/transitions.bzh\/ecodopro\/","name":"","description":"","potentialAction":[{"@type":"SearchAction","target":{"@type":"EntryPoint","urlTemplate":"https:\/\/transitions.bzh\/ecodopro\/?s={search_term_string}"},"query-input":{"@type":"PropertyValueSpecification","valueRequired":true,"valueName":"search_term_string"}}],"inLanguage":"fr-FR"}]}},"_links":{"self":[{"href":"https:\/\/transitions.bzh\/ecodopro\/wp-json\/wp\/v2\/pages\/199","targetHints":{"allow":["GET"]}}],"collection":[{"href":"https:\/\/transitions.bzh\/ecodopro\/wp-json\/wp\/v2\/pages"}],"about":[{"href":"https:\/\/transitions.bzh\/ecodopro\/wp-json\/wp\/v2\/types\/page"}],"author":[{"embeddable":true,"href":"https:\/\/transitions.bzh\/ecodopro\/wp-json\/wp\/v2\/users\/3"}],"replies":[{"embeddable":true,"href":"https:\/\/transitions.bzh\/ecodopro\/wp-json\/wp\/v2\/comments?post=199"}],"version-history":[{"count":16,"href":"https:\/\/transitions.bzh\/ecodopro\/wp-json\/wp\/v2\/pages\/199\/revisions"}],"predecessor-version":[{"id":296,"href":"https:\/\/transitions.bzh\/ecodopro\/wp-json\/wp\/v2\/pages\/199\/revisions\/296"}],"up":[{"embeddable":true,"href":"https:\/\/transitions.bzh\/ecodopro\/wp-json\/wp\/v2\/pages\/31"}],"wp:attachment":[{"href":"https:\/\/transitions.bzh\/ecodopro\/wp-json\/wp\/v2\/media?parent=199"}],"curies":[{"name":"wp","href":"https:\/\/api.w.org\/{rel}","templated":true}]}}