{"id":104,"date":"2025-07-22T12:31:00","date_gmt":"2025-07-22T10:31:00","guid":{"rendered":"https:\/\/transitions.bzh\/ecodopro\/?page_id=104"},"modified":"2025-08-25T12:27:02","modified_gmt":"2025-08-25T10:27:02","slug":"glossaire","status":"publish","type":"page","link":"https:\/\/transitions.bzh\/ecodopro\/glossaire\/","title":{"rendered":"Glossaire"},"content":{"rendered":"\n<div class=\"wp-block-group alignfull has-global-padding is-layout-constrained wp-container-core-group-is-layout-0c9c989a wp-block-group-is-layout-constrained\" style=\"min-height:0vh;margin-top:0;margin-bottom:0;padding-top:var(--wp--preset--spacing--70);padding-right:var(--wp--preset--spacing--40);padding-bottom:var(--wp--preset--spacing--70);padding-left:var(--wp--preset--spacing--40)\">\n<div class=\"wp-block-group has-global-padding is-layout-constrained wp-container-core-group-is-layout-346627ba wp-block-group-is-layout-constrained\">\n<p>Comprendre en un clin d&rsquo;\u0153il les termes cl\u00e9s \u00e0 conna\u00eetre avec leurs d\u00e9finitions simplifi\u00e9es.<\/p>\n<\/div>\n\n\n\n<p class=\"has-base-color has-custom-bleu-background-color has-text-color has-background has-link-color wp-elements-d73136f19ffc6ff17c2344393cae4d1c\">Parmi les grandes cat\u00e9gories d\u2019eaux existantes, <mark style=\"background-color:#111111;color:#FFFFFF\" class=\"has-inline-color\">les <strong>eaux non conventionnelles (ENC)<\/strong> ou eaux impropres \u00e0 la <strong>consommation humaine (EICH)<\/strong><\/mark> d\u00e9signent les eaux n\u2019\u00e9tant pas destin\u00e9es \u00e0 un usage domestique ni \u00e0 un usage alimentaire. Au sein de cette famille, vous retrouvez 7 sous-cat\u00e9gories d\u2019eau :<\/p>\n\n\n\n<p><\/p>\n\n\n\n<ul class=\"wp-block-list\">\n<li><strong><mark style=\"background-color:#2abbdc;color:#FFFFFF\" class=\"has-inline-color\">LES EAUX BRUTES<\/mark><\/strong><\/li>\n<\/ul>\n\n\n\n<p>Ce type d\u2019eau d\u00e9signe \u00e0 la fois les eaux de pluie, les eaux douces et les eaux issues des puits et des forages.<\/p>\n\n\n\n<p><\/p>\n\n\n\n<ul class=\"wp-block-list\">\n<li><strong><mark style=\"background-color:#2abbdc;color:#FFFFFF\" class=\"has-inline-color\">LES EAUX GRISES<\/mark><\/strong><\/li>\n<\/ul>\n\n\n\n<p>Elles regroupent les eaux us\u00e9es faiblement pollu\u00e9es provenant des douches, des baignoires, des lavabos, des lave-mains ou encore des lave-linges.<\/p>\n\n\n\n<ul class=\"wp-block-list\">\n<li><strong><mark style=\"background-color:#2abbdc;color:#FFFFFF\" class=\"has-inline-color\">LES EAUX DE PISCINES COLLECTIVES<\/mark><\/strong><\/li>\n<\/ul>\n\n\n\n<p>Elles d\u00e9signent les eaux issues des op\u00e9rations de vidanges des bassins, des p\u00e9diluves, des rampes d&rsquo;aspersions pour pieds et des filtres.<\/p>\n\n\n\n<ul class=\"wp-block-list\">\n<li><mark style=\"background-color:#2abbdc;color:#FFFFFF\" class=\"has-inline-color\"><strong>LES EAUX US\u00c9ES TRAIT\u00c9ES <\/strong>(EUT)<\/mark><\/li>\n<\/ul>\n\n\n\n<p>Ce sont les eaux directement sorties de station d&rsquo;\u00e9puration des eaux us\u00e9es (STEP).<\/p>\n\n\n\n<ul class=\"wp-block-list\">\n<li><mark style=\"background-color:#2abbdc;color:#FFFFFF\" class=\"has-inline-color\"><strong>LES EAUX RECYCL\u00c9ES EN INDUSTRIE AGROALIMENTAIRE<\/strong> (IAA)<\/mark><\/li>\n<\/ul>\n\n\n\n<p>Elles d\u00e9signent les eaux us\u00e9es industrielles ayant subi un traitement permettant leur r\u00e9utilisation pour certains usages non alimentaires (nettoyage des sols, production de vapeur, ou encore refroidissement).<\/p>\n\n\n\n<ul class=\"wp-block-list\">\n<li><strong><mark style=\"background-color:#2abbdc;color:#FFFFFF\" class=\"has-inline-color\">LES EAUX NON TRAIT\u00c9ES ISSUES D\u2019UN PROCESSUS INDUSTRIEL<\/mark><\/strong><\/li>\n<\/ul>\n\n\n\n<p>Il s&rsquo;agit des eaux directement rejet\u00e9es apr\u00e8s un usage industriel et n\u2019ayant pas subi de traitement pr\u00e9alable. Elles peuvent contenir des polluants physiques, chimiques ou biologiques.<\/p>\n\n\n\n<ul class=\"wp-block-list\">\n<li><strong><mark style=\"background-color:#2abbdc;color:#FFFFFF\" class=\"has-inline-color\">LES EAUX VANNES ET LES EAUX NOIRES<\/mark><\/strong><\/li>\n<\/ul>\n\n\n\n<p>Ce sont les eaux us\u00e9es issues des toilettes ainsi que des urinoirs.<\/p>\n\n\n\n<p><\/p>\n\n\n\n<p class=\"has-base-color has-custom-bleu-background-color has-text-color has-background has-link-color wp-elements-a0c1091a504cd272373993ccc65c829b\">Eaux \u00e0 usage domestique, point de conformit\u00e9, ou encore point de soutirage\u2026 Dans cette partie, nous faisons le point sur les <mark style=\"background-color:#111111;color:#FFFFFF\" class=\"has-inline-color\">termes techniques essentiels<\/mark> li\u00e9s \u00e0 la r\u00e9utilisation de l&rsquo;eau et leurs r\u00e9glementations.<\/p>\n\n\n\n<ul class=\"wp-block-list\">\n<li><strong><mark style=\"background-color:#2abbdc;color:#FFFFFF\" class=\"has-inline-color\">LES EAUX \u00c0 USAGE DOMESTIQUE<\/mark><\/strong><\/li>\n<\/ul>\n\n\n\n<p>Les eaux \u00e0 usage domestique regroupent les types d\u2019eaux utilis\u00e9es dans un cadre non professionnel. Dans cette famille, vous retrouvez :<\/p>\n\n\n\n<p>&#8211; l\u2019eau employ\u00e9e pour le nettoyage des surfaces int\u00e9rieures et ext\u00e9rieures ;&nbsp; <br>&#8211; l\u2019eau servant \u00e0 l\u2019alimentation des fontaines d\u00e9coratives ;<br>&#8211; l\u2019eau permettant l\u2019\u00e9vacuation des d\u00e9chets organiques humains ;<br>&#8211; l\u2019eau destin\u00e9e \u00e0 l&rsquo;arrosage des jardins potagers et des espaces verts.<\/p>\n\n\n\n<ul class=\"wp-block-list\">\n<li class=\"has-contrast-color has-text-color has-link-color wp-elements-86fb8b5916a909dbe2b65c6727670cc9\"><strong><mark style=\"background-color:#2abbdc;color:#FFFFFF\" class=\"has-inline-color\">LES EAUX \u00c0 USAGE NON DOMESTIQUE<\/mark><\/strong>&nbsp;<\/li>\n<\/ul>\n\n\n\n<p>Ce sont les eaux utilis\u00e9es dans un cadre professionnel ou industriel n\u2019\u00e9tant pas destin\u00e9es \u00e0 un usage li\u00e9 \u00e0 l\u2019hygi\u00e8ne, ni \u00e0 la consommation humaine.<\/p>\n\n\n\n<ul class=\"wp-block-list\">\n<li><strong><mark style=\"background-color:#2abbdc;color:#FFFFFF\" class=\"has-inline-color\">POINT DE CONFORMIT\u00c9&nbsp;<\/mark><\/strong><\/li>\n<\/ul>\n\n\n\n<p>Il s&rsquo;agit de l&rsquo;endroit o\u00f9 la qualit\u00e9 de l\u2019eau est \u00e9valu\u00e9e afin de s\u2019assurer du respect des crit\u00e8res de qualit\u00e9 en vigueur.<\/p>\n\n\n\n<ul class=\"wp-block-list\">\n<li><strong><mark style=\"background-color:#2abbdc;color:#FFFFFF\" class=\"has-inline-color\">POINT DE SOUTIRAGE<\/mark>&nbsp;<\/strong><\/li>\n<\/ul>\n\n\n\n<p>Ce point d\u00e9signe<strong> <\/strong>l\u2019endroit pr\u00e9cis o\u00f9 l\u2019eau est pr\u00e9lev\u00e9e d\u2019un r\u00e9seau de distribution pour \u00eatre utilis\u00e9e.<\/p>\n<\/div>\n\n\n\n<div class=\"wp-block-group alignfull has-global-padding is-layout-constrained wp-container-core-group-is-layout-0c9c989a wp-block-group-is-layout-constrained\" style=\"min-height:0vh;margin-top:0;margin-bottom:0;padding-top:var(--wp--preset--spacing--70);padding-right:var(--wp--preset--spacing--40);padding-bottom:var(--wp--preset--spacing--70);padding-left:var(--wp--preset--spacing--40)\">\n<p class=\"has-base-color has-custom-bleu-background-color has-text-color has-background has-link-color wp-elements-a81de3f8490d3accc472bb2b2fd49672\">En mati\u00e8re d\u2019utilisation de l\u2019eau, <mark style=\"background-color:#111111;color:#FFFFFF\" class=\"has-inline-color\">certaines pratiques impliquent l\u2019obtention d\u2019un crit\u00e8re de qualit\u00e9<\/mark>. Ici, vous retrouverez la liste des diff\u00e9rents points de conformit\u00e9.<\/p>\n<\/div>\n\n\n\n<figure class=\"wp-block-image size-large is-resized\"><img loading=\"lazy\" decoding=\"async\" width=\"1024\" height=\"945\" src=\"https:\/\/transitions.bzh\/ecodopro\/wp-content\/uploads\/Capture-decran_21-8-2025_10479_www.legifrance.gouv_.fr_-1024x945.jpeg\" alt=\"\" class=\"wp-image-304\" style=\"width:1160px;height:auto\" srcset=\"https:\/\/transitions.bzh\/ecodopro\/wp-content\/uploads\/Capture-decran_21-8-2025_10479_www.legifrance.gouv_.fr_-1024x945.jpeg 1024w, https:\/\/transitions.bzh\/ecodopro\/wp-content\/uploads\/Capture-decran_21-8-2025_10479_www.legifrance.gouv_.fr_-300x277.jpeg 300w, https:\/\/transitions.bzh\/ecodopro\/wp-content\/uploads\/Capture-decran_21-8-2025_10479_www.legifrance.gouv_.fr_-768x709.jpeg 768w, https:\/\/transitions.bzh\/ecodopro\/wp-content\/uploads\/Capture-decran_21-8-2025_10479_www.legifrance.gouv_.fr_.jpeg 1261w\" sizes=\"auto, (max-width: 1024px) 100vw, 1024px\" \/><\/figure>\n\n\n\n<div class=\"wp-block-group alignfull has-global-padding is-layout-constrained wp-container-core-group-is-layout-0c9c989a wp-block-group-is-layout-constrained\" style=\"min-height:0vh;margin-top:0;margin-bottom:0;padding-top:var(--wp--preset--spacing--70);padding-right:var(--wp--preset--spacing--40);padding-bottom:var(--wp--preset--spacing--70);padding-left:var(--wp--preset--spacing--40)\"><\/div>\n\n\n\n<p><\/p>\n\n\n\n<p><\/p>\n","protected":false},"excerpt":{"rendered":"<p>Comprendre en un clin d&rsquo;\u0153il les termes cl\u00e9s \u00e0 conna\u00eetre avec leurs d\u00e9finitions simplifi\u00e9es. Parmi les grandes cat\u00e9gories d\u2019eaux existantes, les eaux non conventionnelles (ENC) ou eaux impropres \u00e0 la consommation humaine (EICH) d\u00e9signent les eaux n\u2019\u00e9tant pas destin\u00e9es \u00e0 un usage domestique ni \u00e0 un usage alimentaire. Au sein de cette famille, vous retrouvez [&hellip;]<\/p>\n","protected":false},"author":3,"featured_media":0,"parent":0,"menu_order":0,"comment_status":"closed","ping_status":"closed","template":"","meta":{"footnotes":""},"class_list":["post-104","page","type-page","status-publish","hentry"],"yoast_head":"<!-- This site is optimized with the Yoast SEO plugin v25.8 - https:\/\/yoast.com\/wordpress\/plugins\/seo\/ -->\n<title>Glossaire -<\/title>\n<meta name=\"robots\" content=\"index, follow, max-snippet:-1, max-image-preview:large, max-video-preview:-1\" \/>\n<link rel=\"canonical\" href=\"https:\/\/transitions.bzh\/ecodopro\/glossaire\/\" \/>\n<meta property=\"og:locale\" content=\"fr_FR\" \/>\n<meta property=\"og:type\" content=\"article\" \/>\n<meta property=\"og:title\" content=\"Glossaire -\" \/>\n<meta property=\"og:description\" content=\"Comprendre en un clin d&rsquo;\u0153il les termes cl\u00e9s \u00e0 conna\u00eetre avec leurs d\u00e9finitions simplifi\u00e9es. Parmi les grandes cat\u00e9gories d\u2019eaux existantes, les eaux non conventionnelles (ENC) ou eaux impropres \u00e0 la consommation humaine (EICH) d\u00e9signent les eaux n\u2019\u00e9tant pas destin\u00e9es \u00e0 un usage domestique ni \u00e0 un usage alimentaire. Au sein de cette famille, vous retrouvez [&hellip;]\" \/>\n<meta property=\"og:url\" content=\"https:\/\/transitions.bzh\/ecodopro\/glossaire\/\" \/>\n<meta property=\"article:modified_time\" content=\"2025-08-25T10:27:02+00:00\" \/>\n<meta property=\"og:image\" content=\"https:\/\/transitions.bzh\/ecodopro\/wp-content\/uploads\/Capture-decran_21-8-2025_10479_www.legifrance.gouv_.fr_.jpeg\" \/>\n\t<meta property=\"og:image:width\" content=\"1261\" \/>\n\t<meta property=\"og:image:height\" content=\"1164\" \/>\n\t<meta property=\"og:image:type\" content=\"image\/jpeg\" \/>\n<meta name=\"twitter:card\" content=\"summary_large_image\" \/>\n<meta name=\"twitter:label1\" content=\"Dur\u00e9e de lecture estim\u00e9e\" \/>\n\t<meta name=\"twitter:data1\" content=\"3 minutes\" \/>\n<script type=\"application\/ld+json\" class=\"yoast-schema-graph\">{\"@context\":\"https:\/\/schema.org\",\"@graph\":[{\"@type\":\"WebPage\",\"@id\":\"https:\/\/transitions.bzh\/ecodopro\/glossaire\/\",\"url\":\"https:\/\/transitions.bzh\/ecodopro\/glossaire\/\",\"name\":\"Glossaire -\",\"isPartOf\":{\"@id\":\"https:\/\/transitions.bzh\/ecodopro\/#website\"},\"primaryImageOfPage\":{\"@id\":\"https:\/\/transitions.bzh\/ecodopro\/glossaire\/#primaryimage\"},\"image\":{\"@id\":\"https:\/\/transitions.bzh\/ecodopro\/glossaire\/#primaryimage\"},\"thumbnailUrl\":\"https:\/\/transitions.bzh\/ecodopro\/wp-content\/uploads\/Capture-decran_21-8-2025_10479_www.legifrance.gouv_.fr_-1024x945.jpeg\",\"datePublished\":\"2025-07-22T10:31:00+00:00\",\"dateModified\":\"2025-08-25T10:27:02+00:00\",\"breadcrumb\":{\"@id\":\"https:\/\/transitions.bzh\/ecodopro\/glossaire\/#breadcrumb\"},\"inLanguage\":\"fr-FR\",\"potentialAction\":[{\"@type\":\"ReadAction\",\"target\":[\"https:\/\/transitions.bzh\/ecodopro\/glossaire\/\"]}]},{\"@type\":\"ImageObject\",\"inLanguage\":\"fr-FR\",\"@id\":\"https:\/\/transitions.bzh\/ecodopro\/glossaire\/#primaryimage\",\"url\":\"https:\/\/transitions.bzh\/ecodopro\/wp-content\/uploads\/Capture-decran_21-8-2025_10479_www.legifrance.gouv_.fr_.jpeg\",\"contentUrl\":\"https:\/\/transitions.bzh\/ecodopro\/wp-content\/uploads\/Capture-decran_21-8-2025_10479_www.legifrance.gouv_.fr_.jpeg\",\"width\":1261,\"height\":1164},{\"@type\":\"BreadcrumbList\",\"@id\":\"https:\/\/transitions.bzh\/ecodopro\/glossaire\/#breadcrumb\",\"itemListElement\":[{\"@type\":\"ListItem\",\"position\":1,\"name\":\"Accueil\",\"item\":\"https:\/\/transitions.bzh\/ecodopro\/\"},{\"@type\":\"ListItem\",\"position\":2,\"name\":\"Glossaire\"}]},{\"@type\":\"WebSite\",\"@id\":\"https:\/\/transitions.bzh\/ecodopro\/#website\",\"url\":\"https:\/\/transitions.bzh\/ecodopro\/\",\"name\":\"\",\"description\":\"\",\"potentialAction\":[{\"@type\":\"SearchAction\",\"target\":{\"@type\":\"EntryPoint\",\"urlTemplate\":\"https:\/\/transitions.bzh\/ecodopro\/?s={search_term_string}\"},\"query-input\":{\"@type\":\"PropertyValueSpecification\",\"valueRequired\":true,\"valueName\":\"search_term_string\"}}],\"inLanguage\":\"fr-FR\"}]}<\/script>\n<!-- \/ Yoast SEO plugin. -->","yoast_head_json":{"title":"Glossaire -","robots":{"index":"index","follow":"follow","max-snippet":"max-snippet:-1","max-image-preview":"max-image-preview:large","max-video-preview":"max-video-preview:-1"},"canonical":"https:\/\/transitions.bzh\/ecodopro\/glossaire\/","og_locale":"fr_FR","og_type":"article","og_title":"Glossaire -","og_description":"Comprendre en un clin d&rsquo;\u0153il les termes cl\u00e9s \u00e0 conna\u00eetre avec leurs d\u00e9finitions simplifi\u00e9es. Parmi les grandes cat\u00e9gories d\u2019eaux existantes, les eaux non conventionnelles (ENC) ou eaux impropres \u00e0 la consommation humaine (EICH) d\u00e9signent les eaux n\u2019\u00e9tant pas destin\u00e9es \u00e0 un usage domestique ni \u00e0 un usage alimentaire. Au sein de cette famille, vous retrouvez [&hellip;]","og_url":"https:\/\/transitions.bzh\/ecodopro\/glossaire\/","article_modified_time":"2025-08-25T10:27:02+00:00","og_image":[{"width":1261,"height":1164,"url":"https:\/\/transitions.bzh\/ecodopro\/wp-content\/uploads\/Capture-decran_21-8-2025_10479_www.legifrance.gouv_.fr_.jpeg","type":"image\/jpeg"}],"twitter_card":"summary_large_image","twitter_misc":{"Dur\u00e9e de lecture estim\u00e9e":"3 minutes"},"schema":{"@context":"https:\/\/schema.org","@graph":[{"@type":"WebPage","@id":"https:\/\/transitions.bzh\/ecodopro\/glossaire\/","url":"https:\/\/transitions.bzh\/ecodopro\/glossaire\/","name":"Glossaire -","isPartOf":{"@id":"https:\/\/transitions.bzh\/ecodopro\/#website"},"primaryImageOfPage":{"@id":"https:\/\/transitions.bzh\/ecodopro\/glossaire\/#primaryimage"},"image":{"@id":"https:\/\/transitions.bzh\/ecodopro\/glossaire\/#primaryimage"},"thumbnailUrl":"https:\/\/transitions.bzh\/ecodopro\/wp-content\/uploads\/Capture-decran_21-8-2025_10479_www.legifrance.gouv_.fr_-1024x945.jpeg","datePublished":"2025-07-22T10:31:00+00:00","dateModified":"2025-08-25T10:27:02+00:00","breadcrumb":{"@id":"https:\/\/transitions.bzh\/ecodopro\/glossaire\/#breadcrumb"},"inLanguage":"fr-FR","potentialAction":[{"@type":"ReadAction","target":["https:\/\/transitions.bzh\/ecodopro\/glossaire\/"]}]},{"@type":"ImageObject","inLanguage":"fr-FR","@id":"https:\/\/transitions.bzh\/ecodopro\/glossaire\/#primaryimage","url":"https:\/\/transitions.bzh\/ecodopro\/wp-content\/uploads\/Capture-decran_21-8-2025_10479_www.legifrance.gouv_.fr_.jpeg","contentUrl":"https:\/\/transitions.bzh\/ecodopro\/wp-content\/uploads\/Capture-decran_21-8-2025_10479_www.legifrance.gouv_.fr_.jpeg","width":1261,"height":1164},{"@type":"BreadcrumbList","@id":"https:\/\/transitions.bzh\/ecodopro\/glossaire\/#breadcrumb","itemListElement":[{"@type":"ListItem","position":1,"name":"Accueil","item":"https:\/\/transitions.bzh\/ecodopro\/"},{"@type":"ListItem","position":2,"name":"Glossaire"}]},{"@type":"WebSite","@id":"https:\/\/transitions.bzh\/ecodopro\/#website","url":"https:\/\/transitions.bzh\/ecodopro\/","name":"","description":"","potentialAction":[{"@type":"SearchAction","target":{"@type":"EntryPoint","urlTemplate":"https:\/\/transitions.bzh\/ecodopro\/?s={search_term_string}"},"query-input":{"@type":"PropertyValueSpecification","valueRequired":true,"valueName":"search_term_string"}}],"inLanguage":"fr-FR"}]}},"_links":{"self":[{"href":"https:\/\/transitions.bzh\/ecodopro\/wp-json\/wp\/v2\/pages\/104","targetHints":{"allow":["GET"]}}],"collection":[{"href":"https:\/\/transitions.bzh\/ecodopro\/wp-json\/wp\/v2\/pages"}],"about":[{"href":"https:\/\/transitions.bzh\/ecodopro\/wp-json\/wp\/v2\/types\/page"}],"author":[{"embeddable":true,"href":"https:\/\/transitions.bzh\/ecodopro\/wp-json\/wp\/v2\/users\/3"}],"replies":[{"embeddable":true,"href":"https:\/\/transitions.bzh\/ecodopro\/wp-json\/wp\/v2\/comments?post=104"}],"version-history":[{"count":20,"href":"https:\/\/transitions.bzh\/ecodopro\/wp-json\/wp\/v2\/pages\/104\/revisions"}],"predecessor-version":[{"id":316,"href":"https:\/\/transitions.bzh\/ecodopro\/wp-json\/wp\/v2\/pages\/104\/revisions\/316"}],"wp:attachment":[{"href":"https:\/\/transitions.bzh\/ecodopro\/wp-json\/wp\/v2\/media?parent=104"}],"curies":[{"name":"wp","href":"https:\/\/api.w.org\/{rel}","templated":true}]}}